{"id":213616,"date":"2024-09-25T17:56:05","date_gmt":"2024-09-25T15:56:05","guid":{"rendered":"https:\/\/lediamant.ch\/?post_type=product&#038;p=213616"},"modified":"2024-10-17T18:19:57","modified_gmt":"2024-10-17T16:19:57","slug":"tissot-t-race-quartz-chronograph","status":"publish","type":"product","link":"https:\/\/lediamant.ch\/de\/uhren\/213616-tissot-t-race-quartz-chronograph-t1414173706100\/","title":{"rendered":"Tissot T-Race Quartz Chronograph"},"content":{"rendered":"<p>Dank seines \u00fcberarbeiteten Designs hat der Tissot T-Race Chronograph ein eleganteres Zifferblatt, ohne jedoch seine sportlichen Wurzeln zu verleugnen.<br \/>\nTissot hat sich von seiner Partnerschaft mit dem Motorradrennsport inspirieren lassen, um eine Uhr zu kreieren, die die Dynamik der Motorr\u00e4der und die Emotionen des Sports widerspiegelt.<br \/>\nDie T-Race Kollektion l\u00e4sst den Tr\u00e4ger in eine mechanische Umgebung eintauchen und weckt den Geist dieser Umgebung.<br \/>\nDie L\u00fcnette \u00e4hnelt einer Bremsscheibe, die Dr\u00fccker sind von Lenkern inspiriert und die K\u00fchlrippen eines Motors sind an der Seite des Geh\u00e4uses nachgebildet.<br \/>\nDie Uhr ist wasserdicht bis zu einem Druck von 10 bar (100 m), mit einem Quarzchronographenwerk ausgestattet und verf\u00fcgt \u00fcber markante Stunden- und Minutenzeiger, die mit SuperlumiNova beschichtet sind.<br \/>\nDiese Version des Tissot T-Race Quartz Chronograph hat ein 45 mm Geh\u00e4use aus Edelstahl 316L mit schwarzer PVD-Beschichtung und ein dunkelgraues Zifferblatt.<br \/>\nDas entspiegelte und kratzfeste Saphirglas sorgt f\u00fcr zus\u00e4tzliche Robustheit.<br \/>\nEin sportliches schwarzes Silikonarmband rundet den markanten Look ab.<\/p>\n","protected":false},"excerpt":{"rendered":"<p>Dank seines \u00fcberarbeiteten Designs hat der Tissot T-Race Chronograph ein eleganteres Zifferblatt, ohne jedoch seine sportlichen Wurzeln zu verleugnen. Tissot hat sich von seiner Partnerschaft mit dem Motorradrennsport inspirieren lassen, um eine Uhr zu kreieren, die die Dynamik der Motorr\u00e4der und die Emotionen des Sports widerspiegelt. Die T-Race Kollektion l\u00e4sst den Tr\u00e4ger in eine mechanische &#8230; <a title=\"Tissot T-Race Quartz Chronograph\" class=\"read-more\" href=\"https:\/\/lediamant.ch\/de\/uhren\/213616-tissot-t-race-quartz-chronograph-t1414173706100\/\" aria-label=\"Mehr Informationen \u00fcber Tissot T-Race Quartz Chronograph\">Weiterlesen &#8230;<\/a><\/p>\n","protected":false},"featured_media":213601,"template":"","meta":{"_acf_changed":false,"_seopress_robots_primary_cat":"27509","_seopress_titles_title":"","_seopress_titles_desc":"Eleganz und Sportlichkeit verschmelzen in der Tissot T-Race Chronograph mit einem von Motorr\u00e4dern inspirierten Design und technischen Innovationen.\r\nPerfekt f\u00fcr Geschwindigkeitsbegeisterte.","_seopress_robots_index":""},"brand":[27087],"product_brand":[],"product_cat":[27159,27509,27203,27123],"product_tag":[],"class_list":{"0":"post-213616","1":"product","2":"type-product","3":"status-publish","4":"has-post-thumbnail","6":"brand-tissot-de","7":"product_cat-tissot-de","8":"product_cat-tissot-t-race","9":"product_cat-tissot-sport","10":"product_cat-uhren","11":"pa_couleurduboitier-schwarz-de","12":"pa_couleurducadran-grau","13":"pa_dimensions-o-45-mm","14":"pa_etancheite-100m-de","15":"pa_forme-runden","16":"pa_garantie-24monate","17":"pa_genre-mann","18":"pa_matiere-schwarzespvd","19":"pa_matierebraceletmontre-silikon","20":"pa_mouvement-quarzbatterie-de","21":"pa_swissmade-ja-de","22":"pa_typedemontre-chronograph-de","23":"pa_verre-saphir-de","24":"sales-flash-overlay","25":"woocommerce-text-align-center","26":"woocommerce-image-align-center","27":"do-quantity-buttons","29":"first","30":"instock","31":"taxable","32":"shipping-taxable","33":"purchasable","34":"product-type-simple"},"acf":[],"_links":{"self":[{"href":"https:\/\/lediamant.ch\/de\/wp-json\/wp\/v2\/product\/213616","targetHints":{"allow":["GET"]}}],"collection":[{"href":"https:\/\/lediamant.ch\/de\/wp-json\/wp\/v2\/product"}],"about":[{"href":"https:\/\/lediamant.ch\/de\/wp-json\/wp\/v2\/types\/product"}],"wp:featuredmedia":[{"embeddable":true,"href":"https:\/\/lediamant.ch\/de\/wp-json\/wp\/v2\/media\/213601"}],"wp:attachment":[{"href":"https:\/\/lediamant.ch\/de\/wp-json\/wp\/v2\/media?parent=213616"}],"wp:term":[{"taxonomy":"brand","embeddable":true,"href":"https:\/\/lediamant.ch\/de\/wp-json\/wp\/v2\/brand?post=213616"},{"taxonomy":"product_brand","embeddable":true,"href":"https:\/\/lediamant.ch\/de\/wp-json\/wp\/v2\/product_brand?post=213616"},{"taxonomy":"product_cat","embeddable":true,"href":"https:\/\/lediamant.ch\/de\/wp-json\/wp\/v2\/product_cat?post=213616"},{"taxonomy":"product_tag","embeddable":true,"href":"https:\/\/lediamant.ch\/de\/wp-json\/wp\/v2\/product_tag?post=213616"}],"curies":[{"name":"wp","href":"https:\/\/api.w.org\/{rel}","templated":true}]}}