{"id":213734,"date":"2024-09-11T17:54:33","date_gmt":"2024-09-11T15:54:33","guid":{"rendered":"https:\/\/lediamant.ch\/produit\/unkategorisiert\/tissot-prx-ufo-robot-goldorak\/"},"modified":"2024-12-13T11:25:26","modified_gmt":"2024-12-13T10:25:26","slug":"tissot-prx-ufo-robot-goldorak","status":"publish","type":"product","link":"https:\/\/lediamant.ch\/de\/uhren\/213734-tissot-prx-ufo-robot-grendizer-t1374071104102\/","title":{"rendered":"Tissot PRX UFO Robot Grendizer"},"content":{"rendered":"<p>Wenn die Welten von Tissot und einer ikonischen Manga-Figur aufeinandertreffen&#8230; Die Tissot PRX UFO Robot Grendizer kombiniert ein von den 70er Jahren inspiriertes Design mit Details aus dem japanischen Anime UFO Robot Grendizer. Dieser Vintage- und moderne Zeitmesser hat ein 40mm Geh\u00e4use aus 316L Edelstahl und ein leicht zu \u00f6ffnendes, austauschbares Armband. Die mit Super-LumiNova\u00ae beschichtete B\u00fcste von Grendizer gl\u00e4nzt auf dem tiefblauen Zifferblatt, w\u00e4hrend ein Sekundenzeiger im Harken-Stil und ein gravierter Rotor zu der sanften Nostalgie der Uhr beitragen, die alle Fans der Serie zu sch\u00e4tzen wissen werden. Diese Uhr wird von dem Schweizer Automatikwerk Powermatic 80 angetrieben und verf\u00fcgt \u00fcber eine Gangreserve von 80 Stunden. Mit einem transparenten Geh\u00e4useboden und einem kratzfesten, entspiegelten Saphirglas ist diese Sonderedition der PRX-Uhr ein All-in-One-Produkt, das moderne Uhrmacherkunst mit dem Design der 70er Jahre und der ikonischen Manga-Kultur verbindet.<\/p>\n","protected":false},"excerpt":{"rendered":"<p>Wenn die Welten von Tissot und einer ikonischen Manga-Figur aufeinandertreffen&#8230; Die Tissot PRX UFO Robot Grendizer kombiniert ein von den 70er Jahren inspiriertes Design mit Details aus dem japanischen Anime UFO Robot Grendizer. Dieser Vintage- und moderne Zeitmesser hat ein 40mm Geh\u00e4use aus 316L Edelstahl und ein leicht zu \u00f6ffnendes, austauschbares Armband. Die mit Super-LumiNova\u00ae &#8230; <a title=\"Tissot PRX UFO Robot Grendizer\" class=\"read-more\" href=\"https:\/\/lediamant.ch\/de\/uhren\/213734-tissot-prx-ufo-robot-grendizer-t1374071104102\/\" aria-label=\"Mehr Informationen \u00fcber Tissot PRX UFO Robot Grendizer\">Weiterlesen &#8230;<\/a><\/p>\n","protected":false},"featured_media":213721,"template":"","meta":{"_acf_changed":false,"_seopress_robots_primary_cat":"27159","_seopress_titles_title":"","_seopress_titles_desc":"Entdecke die Tissot PRX UFO Robot Grendizer \u2013 eine perfekte Fusion aus 70er-Jahre Stil und Anime-Flair. F\u00fcr alle Fans von Retro und moderner Pr\u00e4zision.","_seopress_robots_index":""},"brand":[27087],"product_brand":[],"product_cat":[27159,27389,27325,27123],"product_tag":[],"class_list":{"0":"post-213734","1":"product","2":"type-product","3":"status-publish","4":"has-post-thumbnail","6":"brand-tissot-de","7":"product_cat-tissot-de","8":"product_cat-tissot-prx","9":"product_cat-tissot-spezialitaten","10":"product_cat-uhren","11":"pa_couleurduboitier-grau-de","12":"pa_couleurdubracelet-grau-de","13":"pa_couleurducadran-blau","14":"pa_dimensions-o-40-mm","15":"pa_etancheite-100m-de","16":"pa_forme-fass-de","17":"pa_garantie-24monate","18":"pa_genre-mann","19":"pa_matiere-stahl","20":"pa_matierebraceletmontre-edelstahl","21":"pa_mouvement-automatik-de","22":"pa_option-boitier-transparenter-hintergrund","23":"pa_swissmade-ja-de","24":"pa_verre-saphir-de","25":"sales-flash-overlay","26":"woocommerce-text-align-center","27":"woocommerce-image-align-center","28":"do-quantity-buttons","30":"first","31":"outofstock","32":"taxable","33":"shipping-taxable","34":"purchasable","35":"product-type-simple"},"acf":[],"_links":{"self":[{"href":"https:\/\/lediamant.ch\/de\/wp-json\/wp\/v2\/product\/213734","targetHints":{"allow":["GET"]}}],"collection":[{"href":"https:\/\/lediamant.ch\/de\/wp-json\/wp\/v2\/product"}],"about":[{"href":"https:\/\/lediamant.ch\/de\/wp-json\/wp\/v2\/types\/product"}],"wp:featuredmedia":[{"embeddable":true,"href":"https:\/\/lediamant.ch\/de\/wp-json\/wp\/v2\/media\/213721"}],"wp:attachment":[{"href":"https:\/\/lediamant.ch\/de\/wp-json\/wp\/v2\/media?parent=213734"}],"wp:term":[{"taxonomy":"brand","embeddable":true,"href":"https:\/\/lediamant.ch\/de\/wp-json\/wp\/v2\/brand?post=213734"},{"taxonomy":"product_brand","embeddable":true,"href":"https:\/\/lediamant.ch\/de\/wp-json\/wp\/v2\/product_brand?post=213734"},{"taxonomy":"product_cat","embeddable":true,"href":"https:\/\/lediamant.ch\/de\/wp-json\/wp\/v2\/product_cat?post=213734"},{"taxonomy":"product_tag","embeddable":true,"href":"https:\/\/lediamant.ch\/de\/wp-json\/wp\/v2\/product_tag?post=213734"}],"curies":[{"name":"wp","href":"https:\/\/api.w.org\/{rel}","templated":true}]}}