{"id":213818,"date":"2024-09-20T11:15:16","date_gmt":"2024-09-20T09:15:16","guid":{"rendered":"https:\/\/lediamant.ch\/?post_type=product&#038;p=213818"},"modified":"2024-11-05T18:06:13","modified_gmt":"2024-11-05T17:06:13","slug":"hamilton-khaki-field-murph-auto-38mm-2","status":"publish","type":"product","link":"https:\/\/lediamant.ch\/de\/uhren\/213818-hamilton-khaki-field-murph-auto-38mm-h70405130\/","title":{"rendered":"Hamilton Khaki Field Murph Auto 38mm"},"content":{"rendered":"<p>Die Original-Murph, eine Ikone der Filmgeschichte, wurde mit einem modernen Touch neu aufgelegt.<br \/>\nDas schwarze Zifferblatt der Khaki Field Murph hat leicht gew\u00f6lbte Ziffern f\u00fcr eine bessere Lesbarkeit, w\u00e4hrend die Kathedralenzeiger der Uhr einen Vintage-Look verleihen.<br \/>\nDie urspr\u00fcngliche 38 mm Version, ein St\u00fcck f\u00fcr Hollywood- und Hamilton-Liebhaber, ist jetzt mit einem dreireihigen Armband aus geb\u00fcrstetem Metall erh\u00e4ltlich.<\/p>\n","protected":false},"excerpt":{"rendered":"<p>Die Original-Murph, eine Ikone der Filmgeschichte, wurde mit einem modernen Touch neu aufgelegt. Das schwarze Zifferblatt der Khaki Field Murph hat leicht gew\u00f6lbte Ziffern f\u00fcr eine bessere Lesbarkeit, w\u00e4hrend die Kathedralenzeiger der Uhr einen Vintage-Look verleihen. Die urspr\u00fcngliche 38 mm Version, ein St\u00fcck f\u00fcr Hollywood- und Hamilton-Liebhaber, ist jetzt mit einem dreireihigen Armband aus geb\u00fcrstetem &#8230; <a title=\"Hamilton Khaki Field Murph Auto 38mm\" class=\"read-more\" href=\"https:\/\/lediamant.ch\/de\/uhren\/213818-hamilton-khaki-field-murph-auto-38mm-h70405130\/\" aria-label=\"Mehr Informationen \u00fcber Hamilton Khaki Field Murph Auto 38mm\">Weiterlesen &#8230;<\/a><\/p>\n","protected":false},"featured_media":213820,"template":"","meta":{"_acf_changed":false,"_seopress_robots_primary_cat":"27291","_seopress_titles_title":"","_seopress_titles_desc":"Die urspr\u00fcngliche Murph wird modernisiert mit einem schwarzen Zifferblatt und gew\u00f6lbten Ziffern f\u00fcr Eleganz und Lesbarkeit, jetzt mit einem Armband aus geb\u00fcrstetem Metall.","_seopress_robots_index":""},"brand":[27085],"product_brand":[],"product_cat":[27181,27291,27123],"product_tag":[],"class_list":{"0":"post-213818","1":"product","2":"type-product","3":"status-publish","4":"has-post-thumbnail","6":"brand-hamilton-de","7":"product_cat-hamilton-de","8":"product_cat-khaki-field-de","9":"product_cat-uhren","10":"pa_couleurdubracelet-grau-de","11":"pa_couleurducadran-schwarz","12":"pa_etancheite-100m-de","13":"pa_forme-runden","14":"pa_genre-mann","15":"pa_matiere-stahl","16":"pa_matierebraceletmontre-edelstahl","17":"pa_mouvement-automatik-de","18":"pa_option-boitier-transparenter-hintergrund","19":"pa_swissmade-ja-de","20":"pa_verre-saphir-de","21":"sales-flash-overlay","22":"woocommerce-text-align-center","23":"woocommerce-image-align-center","24":"do-quantity-buttons","26":"first","27":"instock","28":"taxable","29":"shipping-taxable","30":"purchasable","31":"product-type-simple"},"acf":[],"_links":{"self":[{"href":"https:\/\/lediamant.ch\/de\/wp-json\/wp\/v2\/product\/213818","targetHints":{"allow":["GET"]}}],"collection":[{"href":"https:\/\/lediamant.ch\/de\/wp-json\/wp\/v2\/product"}],"about":[{"href":"https:\/\/lediamant.ch\/de\/wp-json\/wp\/v2\/types\/product"}],"wp:featuredmedia":[{"embeddable":true,"href":"https:\/\/lediamant.ch\/de\/wp-json\/wp\/v2\/media\/213820"}],"wp:attachment":[{"href":"https:\/\/lediamant.ch\/de\/wp-json\/wp\/v2\/media?parent=213818"}],"wp:term":[{"taxonomy":"brand","embeddable":true,"href":"https:\/\/lediamant.ch\/de\/wp-json\/wp\/v2\/brand?post=213818"},{"taxonomy":"product_brand","embeddable":true,"href":"https:\/\/lediamant.ch\/de\/wp-json\/wp\/v2\/product_brand?post=213818"},{"taxonomy":"product_cat","embeddable":true,"href":"https:\/\/lediamant.ch\/de\/wp-json\/wp\/v2\/product_cat?post=213818"},{"taxonomy":"product_tag","embeddable":true,"href":"https:\/\/lediamant.ch\/de\/wp-json\/wp\/v2\/product_tag?post=213818"}],"curies":[{"name":"wp","href":"https:\/\/api.w.org\/{rel}","templated":true}]}}