{"id":213880,"date":"2024-09-25T17:34:49","date_gmt":"2024-09-25T15:34:49","guid":{"rendered":"https:\/\/lediamant.ch\/?post_type=product&#038;p=213880"},"modified":"2024-10-17T18:21:33","modified_gmt":"2024-10-17T16:21:33","slug":"tissot-prx-powermatic-80-40mm-3","status":"publish","type":"product","link":"https:\/\/lediamant.ch\/de\/uhren\/213880-tissot-prx-powermatic-80-40mm-t1374071135101\/","title":{"rendered":"Tissot PRX Powermatic 80 40mm"},"content":{"rendered":"<p>Die PRX Powermatic 80 verf\u00fcgt \u00fcber ein abgestuftes Zifferblatt, das mit Licht und Farbe spielt und so einen beeindruckenden zweifarbigen Effekt erzeugt.<br \/>\nDiese 40 mm Uhr erinnert sowohl an die D\u00e4mmerung als auch an den Sonnenaufgang und ist das ideale Accessoire f\u00fcr alle, die die Welt erobern wollen.<br \/>\nDas Modell PRX ist der ideale Begleiter f\u00fcr urbane Berufst\u00e4tige, die Wert auf Funktionalit\u00e4t und Eleganz legen.<br \/>\nDas Saphirglas, das f\u00fcr seine au\u00dfergew\u00f6hnliche Kratzfestigkeit und diamant\u00e4hnliche H\u00e4rte bekannt ist, vereint Sch\u00f6nheit und Qualit\u00e4t und sorgt f\u00fcr Klarheit und Haltbarkeit.<br \/>\nDas Automatikwerk bietet eine beeindruckende Gangreserve von bis zu 80 Stunden.<br \/>\nDie Nivachron-Spirale d\u00e4mpft die Interferenzen von Magnetfeldern und ist resistent gegen St\u00f6\u00dfe, Alterung und Temperaturschwankungen.<\/p>\n","protected":false},"excerpt":{"rendered":"<p>Die PRX Powermatic 80 verf\u00fcgt \u00fcber ein abgestuftes Zifferblatt, das mit Licht und Farbe spielt und so einen beeindruckenden zweifarbigen Effekt erzeugt. Diese 40 mm Uhr erinnert sowohl an die D\u00e4mmerung als auch an den Sonnenaufgang und ist das ideale Accessoire f\u00fcr alle, die die Welt erobern wollen. Das Modell PRX ist der ideale Begleiter &#8230; <a title=\"Tissot PRX Powermatic 80 40mm\" class=\"read-more\" href=\"https:\/\/lediamant.ch\/de\/uhren\/213880-tissot-prx-powermatic-80-40mm-t1374071135101\/\" aria-label=\"Mehr Informationen \u00fcber Tissot PRX Powermatic 80 40mm\">Weiterlesen &#8230;<\/a><\/p>\n","protected":false},"featured_media":213865,"template":"","meta":{"_acf_changed":false,"_seopress_robots_primary_cat":"27389","_seopress_titles_title":"","_seopress_titles_desc":"%%post_excerpt%%","_seopress_robots_index":""},"brand":[27087],"product_brand":[],"product_cat":[27123,27159,27245,27389],"product_tag":[],"class_list":{"0":"post-213880","1":"product","2":"type-product","3":"status-publish","4":"has-post-thumbnail","6":"brand-tissot-de","7":"product_cat-uhren","8":"product_cat-tissot-de","9":"product_cat-tissot-classic","10":"product_cat-tissot-prx","11":"pa_couleurduboitier-grau-de","12":"pa_couleurdubracelet-grau-de","13":"pa_couleurducadran-blau","14":"pa_dimensions-o-40-mm","15":"pa_etancheite-100m-de","16":"pa_forme-fass-de","17":"pa_garantie-24monate","18":"pa_genre-mann","19":"pa_matiere-stahl","20":"pa_matierebraceletmontre-edelstahl","21":"pa_mouvement-automatik-de","22":"pa_swissmade-ja-de","23":"pa_verre-saphir-de","24":"sales-flash-overlay","25":"woocommerce-text-align-center","26":"woocommerce-image-align-center","27":"do-quantity-buttons","29":"first","30":"instock","31":"taxable","32":"shipping-taxable","33":"purchasable","34":"product-type-simple"},"acf":[],"_links":{"self":[{"href":"https:\/\/lediamant.ch\/de\/wp-json\/wp\/v2\/product\/213880","targetHints":{"allow":["GET"]}}],"collection":[{"href":"https:\/\/lediamant.ch\/de\/wp-json\/wp\/v2\/product"}],"about":[{"href":"https:\/\/lediamant.ch\/de\/wp-json\/wp\/v2\/types\/product"}],"wp:featuredmedia":[{"embeddable":true,"href":"https:\/\/lediamant.ch\/de\/wp-json\/wp\/v2\/media\/213865"}],"wp:attachment":[{"href":"https:\/\/lediamant.ch\/de\/wp-json\/wp\/v2\/media?parent=213880"}],"wp:term":[{"taxonomy":"brand","embeddable":true,"href":"https:\/\/lediamant.ch\/de\/wp-json\/wp\/v2\/brand?post=213880"},{"taxonomy":"product_brand","embeddable":true,"href":"https:\/\/lediamant.ch\/de\/wp-json\/wp\/v2\/product_brand?post=213880"},{"taxonomy":"product_cat","embeddable":true,"href":"https:\/\/lediamant.ch\/de\/wp-json\/wp\/v2\/product_cat?post=213880"},{"taxonomy":"product_tag","embeddable":true,"href":"https:\/\/lediamant.ch\/de\/wp-json\/wp\/v2\/product_tag?post=213880"}],"curies":[{"name":"wp","href":"https:\/\/api.w.org\/{rel}","templated":true}]}}