{"id":214180,"date":"2024-10-16T13:22:05","date_gmt":"2024-10-16T11:22:05","guid":{"rendered":"https:\/\/lediamant.ch\/?post_type=product&#038;p=214180"},"modified":"2024-10-17T18:10:30","modified_gmt":"2024-10-17T16:10:30","slug":"tissot-prx-powermatic-80-carbone-40mm","status":"publish","type":"product","link":"https:\/\/lediamant.ch\/de\/uhren\/214180-tissot-prx-powermatic-80-carbone-40mm-t1379079720100\/","title":{"rendered":"Tissot PRX Powermatic 80 Carbon 40mm"},"content":{"rendered":"<p>Dieser PRX Powermatic 80 ist mit einem geschmiedeten Karbongeh\u00e4use mit einem Durchmesser von 40 mm ausgestattet. Dank dieses innovativen Materials ist jedes St\u00fcck leicht, langlebig und vor allem einzigartig. Diese PRX ist der ideale Begleiter f\u00fcr urbane Berufst\u00e4tige, die Wert auf Funktionalit\u00e4t und Eleganz legen. Das Saphirglas, das f\u00fcr seine au\u00dfergew\u00f6hnliche Kratzfestigkeit und diamant\u00e4hnliche H\u00e4rte bekannt ist, vereint Sch\u00f6nheit und Qualit\u00e4t und sorgt f\u00fcr Klarheit und Haltbarkeit. Das Automatikwerk bietet eine beeindruckende Gangreserve von bis zu 80 Stunden.<\/p>\n","protected":false},"excerpt":{"rendered":"<p>Dieser PRX Powermatic 80 ist mit einem geschmiedeten Karbongeh\u00e4use mit einem Durchmesser von 40 mm ausgestattet. Dank dieses innovativen Materials ist jedes St\u00fcck leicht, langlebig und vor allem einzigartig. Diese PRX ist der ideale Begleiter f\u00fcr urbane Berufst\u00e4tige, die Wert auf Funktionalit\u00e4t und Eleganz legen. Das Saphirglas, das f\u00fcr seine au\u00dfergew\u00f6hnliche Kratzfestigkeit und diamant\u00e4hnliche H\u00e4rte &#8230; <a title=\"Tissot PRX Powermatic 80 Carbon 40mm\" class=\"read-more\" href=\"https:\/\/lediamant.ch\/de\/uhren\/214180-tissot-prx-powermatic-80-carbone-40mm-t1379079720100\/\" aria-label=\"Mehr Informationen \u00fcber Tissot PRX Powermatic 80 Carbon 40mm\">Weiterlesen &#8230;<\/a><\/p>\n","protected":false},"featured_media":214182,"template":"","meta":{"_acf_changed":false,"_seopress_robots_primary_cat":"27389","_seopress_titles_title":"","_seopress_titles_desc":"Entdecken Sie die PRX Powermatic 80 mit geschmiedetem Karbongeh\u00e4use, Automatikwerk und einer Gangreserve von 80 Stunden.","_seopress_robots_index":""},"brand":[27087],"product_brand":[],"product_cat":[27123,27159,27245,27389],"product_tag":[],"class_list":{"0":"post-214180","1":"product","2":"type-product","3":"status-publish","4":"has-post-thumbnail","6":"brand-tissot-de","7":"product_cat-uhren","8":"product_cat-tissot-de","9":"product_cat-tissot-classic","10":"product_cat-tissot-prx","11":"pa_couleurduboitier-schwarz-de","12":"pa_couleurdubracelet-schwarz-de","13":"pa_couleurducadran-schwarz","14":"pa_dimensions-o-40-mm","15":"pa_etancheite-100m-de","16":"pa_forme-fass-de","17":"pa_garantie-24monate","18":"pa_genre-mann","19":"pa_matiere-karbon","20":"pa_matierebraceletmontre-kautschuk","21":"pa_mouvement-automatik-de","22":"pa_swissmade-ja-de","23":"pa_verre-saphir-de","24":"sales-flash-overlay","25":"woocommerce-text-align-center","26":"woocommerce-image-align-center","27":"do-quantity-buttons","29":"first","30":"instock","31":"taxable","32":"shipping-taxable","33":"purchasable","34":"product-type-simple"},"acf":[],"_links":{"self":[{"href":"https:\/\/lediamant.ch\/de\/wp-json\/wp\/v2\/product\/214180","targetHints":{"allow":["GET"]}}],"collection":[{"href":"https:\/\/lediamant.ch\/de\/wp-json\/wp\/v2\/product"}],"about":[{"href":"https:\/\/lediamant.ch\/de\/wp-json\/wp\/v2\/types\/product"}],"wp:featuredmedia":[{"embeddable":true,"href":"https:\/\/lediamant.ch\/de\/wp-json\/wp\/v2\/media\/214182"}],"wp:attachment":[{"href":"https:\/\/lediamant.ch\/de\/wp-json\/wp\/v2\/media?parent=214180"}],"wp:term":[{"taxonomy":"brand","embeddable":true,"href":"https:\/\/lediamant.ch\/de\/wp-json\/wp\/v2\/brand?post=214180"},{"taxonomy":"product_brand","embeddable":true,"href":"https:\/\/lediamant.ch\/de\/wp-json\/wp\/v2\/product_brand?post=214180"},{"taxonomy":"product_cat","embeddable":true,"href":"https:\/\/lediamant.ch\/de\/wp-json\/wp\/v2\/product_cat?post=214180"},{"taxonomy":"product_tag","embeddable":true,"href":"https:\/\/lediamant.ch\/de\/wp-json\/wp\/v2\/product_tag?post=214180"}],"curies":[{"name":"wp","href":"https:\/\/api.w.org\/{rel}","templated":true}]}}