{"id":214322,"date":"2024-10-30T16:16:16","date_gmt":"2024-10-30T15:16:16","guid":{"rendered":"https:\/\/lediamant.ch\/?post_type=product&#038;p=214322"},"modified":"2024-10-30T16:20:16","modified_gmt":"2024-10-30T15:20:16","slug":"tissot-le-locle-cosc-39mm-18k-gold-bezel","status":"publish","type":"product","link":"https:\/\/lediamant.ch\/de\/uhren\/214322-tissot-le-locle-cosc-39mm-18k-gold-bezel-t9324084103300\/","title":{"rendered":"Tissot Le Locle COSC 39mm 18k Gold Bezel"},"content":{"rendered":"<p>Die Tissot Le Locle Powermatic 80 ist nach der Heimatstadt der Marke im Schweizer Jura benannt und verk\u00f6rpert die handwerkliche Tradition von Tissot. Diese elegante Uhr mit einem 39,3 mm gro\u00dfen Geh\u00e4use aus 316L Edelstahl und 18 Karat Ros\u00e9gold ist mit einem Powermatic Uhrwerk ausgestattet und verf\u00fcgt \u00fcber eine Gangreserve von bis zu 80 Stunden. Ihre unerm\u00fcdliche Arbeit kann durch den transparenten Boden des Geh\u00e4uses beobachtet werden. Dieses besondere Modell ist ein COSC-Modell, was bedeutet, dass die Genauigkeit und Pr\u00e4zision des Uhrwerks von der Offiziellen Schweizerischen Chronometerkontrolle (COSC) zertifiziert wurde.<\/p>\n","protected":false},"excerpt":{"rendered":"<p>Die Tissot Le Locle Powermatic 80 ist nach der Heimatstadt der Marke im Schweizer Jura benannt und verk\u00f6rpert die handwerkliche Tradition von Tissot. Diese elegante Uhr mit einem 39,3 mm gro\u00dfen Geh\u00e4use aus 316L Edelstahl und 18 Karat Ros\u00e9gold ist mit einem Powermatic Uhrwerk ausgestattet und verf\u00fcgt \u00fcber eine Gangreserve von bis zu 80 Stunden. &#8230; <a title=\"Tissot Le Locle COSC 39mm 18k Gold Bezel\" class=\"read-more\" href=\"https:\/\/lediamant.ch\/de\/uhren\/214322-tissot-le-locle-cosc-39mm-18k-gold-bezel-t9324084103300\/\" aria-label=\"Mehr Informationen \u00fcber Tissot Le Locle COSC 39mm 18k Gold Bezel\">Weiterlesen &#8230;<\/a><\/p>\n","protected":false},"featured_media":214314,"template":"","meta":{"_acf_changed":false,"_seopress_robots_primary_cat":"27473","_seopress_titles_title":"","_seopress_titles_desc":"Entdecken Sie die Tissot Le Locle Powermatic 80: Elegante Uhr mit COSC-Zertifikat und bis zu 80 Stunden Gangreserve. Ein Meisterwerk der Uhrmacherkunst!","_seopress_robots_index":""},"brand":[27087],"product_brand":[],"product_cat":[27159,27349,27473,27123],"product_tag":[],"class_list":{"0":"post-214322","1":"product","2":"type-product","3":"status-publish","4":"has-post-thumbnail","6":"brand-tissot-de","7":"product_cat-tissot-de","8":"product_cat-tissot-gold","9":"product_cat-tissot-le-locle","10":"product_cat-uhren","11":"pa_couleurduboitier-zweifarbig-de","12":"pa_couleurdubracelet-grau-de","13":"pa_couleurducadran-silber","14":"pa_dimensions-o-39-mm","15":"pa_etancheite-30m-de","16":"pa_forme-runden","17":"pa_garantie-24monate","18":"pa_genre-mann","19":"pa_matiere-bicolorstahlrosegold75018kt","20":"pa_matierebraceletmontre-edelstahl","21":"pa_mouvement-automatik-de","22":"pa_swissmade-ja-de","23":"pa_verre-saphir-de","24":"sales-flash-overlay","25":"woocommerce-text-align-center","26":"woocommerce-image-align-center","27":"do-quantity-buttons","29":"first","30":"instock","31":"taxable","32":"shipping-taxable","33":"purchasable","34":"product-type-simple"},"acf":[],"_links":{"self":[{"href":"https:\/\/lediamant.ch\/de\/wp-json\/wp\/v2\/product\/214322","targetHints":{"allow":["GET"]}}],"collection":[{"href":"https:\/\/lediamant.ch\/de\/wp-json\/wp\/v2\/product"}],"about":[{"href":"https:\/\/lediamant.ch\/de\/wp-json\/wp\/v2\/types\/product"}],"wp:featuredmedia":[{"embeddable":true,"href":"https:\/\/lediamant.ch\/de\/wp-json\/wp\/v2\/media\/214314"}],"wp:attachment":[{"href":"https:\/\/lediamant.ch\/de\/wp-json\/wp\/v2\/media?parent=214322"}],"wp:term":[{"taxonomy":"brand","embeddable":true,"href":"https:\/\/lediamant.ch\/de\/wp-json\/wp\/v2\/brand?post=214322"},{"taxonomy":"product_brand","embeddable":true,"href":"https:\/\/lediamant.ch\/de\/wp-json\/wp\/v2\/product_brand?post=214322"},{"taxonomy":"product_cat","embeddable":true,"href":"https:\/\/lediamant.ch\/de\/wp-json\/wp\/v2\/product_cat?post=214322"},{"taxonomy":"product_tag","embeddable":true,"href":"https:\/\/lediamant.ch\/de\/wp-json\/wp\/v2\/product_tag?post=214322"}],"curies":[{"name":"wp","href":"https:\/\/api.w.org\/{rel}","templated":true}]}}