{"id":214365,"date":"2024-10-30T14:47:52","date_gmt":"2024-10-30T13:47:52","guid":{"rendered":"https:\/\/lediamant.ch\/?post_type=product&#038;p=214365"},"modified":"2024-11-13T14:45:06","modified_gmt":"2024-11-13T13:45:06","slug":"tissot-pr516-powermatic-80-4","status":"publish","type":"product","link":"https:\/\/lediamant.ch\/de\/uhren\/214365-tissot-pr516-powermatic-80-t1494071605100\/","title":{"rendered":"Tissot PR516 Powermatic 80"},"content":{"rendered":"<p>Diese Uhr hat ein elegantes 38 mm Edelstahlgeh\u00e4use und ein schwarzes Zifferblatt, das den Geist von Geschwindigkeit und Pr\u00e4zision verk\u00f6rpert. Ausgestattet mit einem Powermatic 80 Uhrwerk bietet sie un\u00fcbertroffene Pr\u00e4zision f\u00fcr einen aktiven Lebensstil. Die mit Super-LumiNova\u00ae\ufe0f beschichteten Indizes sorgen jederzeit f\u00fcr gute Sichtbarkeit. Das vielseitige Design wird durch ein braunes Lederarmband erg\u00e4nzt, das sich perfekt f\u00fcr den \u00dcbergang von Gesch\u00e4ftstreffen zu legeren Anl\u00e4ssen eignet. Die PR516 Powermatic 80 ist ein moderner Klassiker, der sich in das reiche Erbe von Tissot einreiht.<\/p>\n","protected":false},"excerpt":{"rendered":"<p>Diese Uhr hat ein elegantes 38 mm Edelstahlgeh\u00e4use und ein schwarzes Zifferblatt, das den Geist von Geschwindigkeit und Pr\u00e4zision verk\u00f6rpert. Ausgestattet mit einem Powermatic 80 Uhrwerk bietet sie un\u00fcbertroffene Pr\u00e4zision f\u00fcr einen aktiven Lebensstil. Die mit Super-LumiNova\u00ae\ufe0f beschichteten Indizes sorgen jederzeit f\u00fcr gute Sichtbarkeit. Das vielseitige Design wird durch ein braunes Lederarmband erg\u00e4nzt, das sich &#8230; <a title=\"Tissot PR516 Powermatic 80\" class=\"read-more\" href=\"https:\/\/lediamant.ch\/de\/uhren\/214365-tissot-pr516-powermatic-80-t1494071605100\/\" aria-label=\"Mehr Informationen \u00fcber Tissot PR516 Powermatic 80\">Weiterlesen &#8230;<\/a><\/p>\n","protected":false},"featured_media":214357,"template":"","meta":{"_acf_changed":false,"_seopress_robots_primary_cat":"27159","_seopress_titles_title":"","_seopress_titles_desc":"Entdecken Sie die Tissot PR516 Powermatic 80: schwarzes Zifferblatt, elegantes 38 mm Geh\u00e4use, braunes Lederarmband. Ideal f\u00fcr jeden Anlass.","_seopress_robots_index":""},"brand":[27087],"product_brand":[],"product_cat":[27159,27491,27203,27123],"product_tag":[],"class_list":{"0":"post-214365","1":"product","2":"type-product","3":"status-publish","4":"has-post-thumbnail","6":"brand-tissot-de","7":"product_cat-tissot-de","8":"product_cat-tissot-pr516","9":"product_cat-tissot-sport","10":"product_cat-uhren","11":"pa_couleurduboitier-grau-de","12":"pa_couleurdubracelet-braun-de","13":"pa_couleurducadran-schwarz","14":"pa_dimensions-o-38-mm","15":"pa_etancheite-100m-de","16":"pa_forme-runden","17":"pa_garantie-24monate","18":"pa_genre-mann","19":"pa_matiere-stahl","20":"pa_matierebraceletmontre-leder","21":"pa_mouvement-automatik-de","22":"pa_swissmade-ja-de","23":"pa_verre-saphir-de","24":"sales-flash-overlay","25":"woocommerce-text-align-center","26":"woocommerce-image-align-center","27":"do-quantity-buttons","29":"first","30":"instock","31":"taxable","32":"shipping-taxable","33":"purchasable","34":"product-type-simple"},"acf":[],"_links":{"self":[{"href":"https:\/\/lediamant.ch\/de\/wp-json\/wp\/v2\/product\/214365","targetHints":{"allow":["GET"]}}],"collection":[{"href":"https:\/\/lediamant.ch\/de\/wp-json\/wp\/v2\/product"}],"about":[{"href":"https:\/\/lediamant.ch\/de\/wp-json\/wp\/v2\/types\/product"}],"wp:featuredmedia":[{"embeddable":true,"href":"https:\/\/lediamant.ch\/de\/wp-json\/wp\/v2\/media\/214357"}],"wp:attachment":[{"href":"https:\/\/lediamant.ch\/de\/wp-json\/wp\/v2\/media?parent=214365"}],"wp:term":[{"taxonomy":"brand","embeddable":true,"href":"https:\/\/lediamant.ch\/de\/wp-json\/wp\/v2\/brand?post=214365"},{"taxonomy":"product_brand","embeddable":true,"href":"https:\/\/lediamant.ch\/de\/wp-json\/wp\/v2\/product_brand?post=214365"},{"taxonomy":"product_cat","embeddable":true,"href":"https:\/\/lediamant.ch\/de\/wp-json\/wp\/v2\/product_cat?post=214365"},{"taxonomy":"product_tag","embeddable":true,"href":"https:\/\/lediamant.ch\/de\/wp-json\/wp\/v2\/product_tag?post=214365"}],"curies":[{"name":"wp","href":"https:\/\/api.w.org\/{rel}","templated":true}]}}