{"id":214379,"date":"2024-10-30T14:24:54","date_gmt":"2024-10-30T13:24:54","guid":{"rendered":"https:\/\/lediamant.ch\/?post_type=product&#038;p=214379"},"modified":"2026-03-11T17:19:10","modified_gmt":"2026-03-11T16:19:10","slug":"tissot-pr516-powermatic-80-3","status":"publish","type":"product","link":"https:\/\/lediamant.ch\/de\/uhren\/214379-tissot-pr516-powermatic-80-t1494071105100\/","title":{"rendered":"Tissot PR516 Powermatic 80 38mm"},"content":{"rendered":"<p>Diese Uhr hat ein elegantes 38 mm Edelstahlgeh\u00e4use und ein schwarzes Zifferblatt, das den Geist von Geschwindigkeit und Pr\u00e4zision verk\u00f6rpert. Ausgestattet mit einem Powermatic 80 Uhrwerk bietet sie eine un\u00fcbertroffene Pr\u00e4zision f\u00fcr einen aktiven Lebensstil. Die mit Super-LumiNova\u00ae\ufe0f beschichteten Indizes sorgen f\u00fcr Sichtbarkeit bei jedem Wetter. Sein vielseitiges Design wird durch ein schnell austauschbares Armbandsystem erg\u00e4nzt, das sich perfekt f\u00fcr den Wechsel zwischen Gesch\u00e4ftstreffen und legeren Ausfl\u00fcgen eignet. Die PR516 Powermatic 80 ist ein moderner Klassiker, der sich in das reiche Erbe von Tissot einreiht.<\/p>\n","protected":false},"excerpt":{"rendered":"<p>Diese Uhr hat ein elegantes 38 mm Edelstahlgeh\u00e4use und ein schwarzes Zifferblatt, das den Geist von Geschwindigkeit und Pr\u00e4zision verk\u00f6rpert. Ausgestattet mit einem Powermatic 80 Uhrwerk bietet sie eine un\u00fcbertroffene Pr\u00e4zision f\u00fcr einen aktiven Lebensstil. Die mit Super-LumiNova\u00ae\ufe0f beschichteten Indizes sorgen f\u00fcr Sichtbarkeit bei jedem Wetter. Sein vielseitiges Design wird durch ein schnell austauschbares Armbandsystem &#8230; <a title=\"Tissot PR516 Powermatic 80 38mm\" class=\"read-more\" href=\"https:\/\/lediamant.ch\/de\/uhren\/214379-tissot-pr516-powermatic-80-t1494071105100\/\" aria-label=\"Mehr Informationen \u00fcber Tissot PR516 Powermatic 80 38mm\">Weiterlesen &#8230;<\/a><\/p>\n","protected":false},"featured_media":214371,"template":"","meta":{"_acf_changed":false,"_seopress_robots_primary_cat":"27159","_seopress_titles_title":"","_seopress_titles_desc":"Entdecken Sie die Tissot PR516 Powermatic 80: Pr\u00e4zision, Eleganz in 38 mm Stahl mit schwarzem Zifferblatt und Stahlarmband. Ideal f\u00fcr jeden Anlass.","_seopress_robots_index":""},"brand":[27087],"product_brand":[],"product_cat":[27159,27491,27203,27123],"product_tag":[],"class_list":{"0":"post-214379","1":"product","2":"type-product","3":"status-publish","4":"has-post-thumbnail","6":"brand-tissot-de","7":"product_cat-tissot-de","8":"product_cat-tissot-pr516","9":"product_cat-tissot-sport","10":"product_cat-uhren","11":"pa_couleurduboitier-grau-de","12":"pa_couleurdubracelet-grau-de","13":"pa_couleurducadran-schwarz","14":"pa_dimensions-o-38-mm","15":"pa_etancheite-100m-de","16":"pa_forme-runden","17":"pa_garantie-24monate","18":"pa_genre-mann","19":"pa_matiere-stahl","20":"pa_matierebraceletmontre-edelstahl","21":"pa_mouvement-automatik-de","22":"pa_swissmade-ja-de","23":"pa_verre-saphir-de","24":"sales-flash-overlay","25":"woocommerce-text-align-center","26":"woocommerce-image-align-center","27":"do-quantity-buttons","29":"first","30":"instock","31":"taxable","32":"shipping-taxable","33":"purchasable","34":"product-type-simple"},"acf":[],"_links":{"self":[{"href":"https:\/\/lediamant.ch\/de\/wp-json\/wp\/v2\/product\/214379","targetHints":{"allow":["GET"]}}],"collection":[{"href":"https:\/\/lediamant.ch\/de\/wp-json\/wp\/v2\/product"}],"about":[{"href":"https:\/\/lediamant.ch\/de\/wp-json\/wp\/v2\/types\/product"}],"wp:featuredmedia":[{"embeddable":true,"href":"https:\/\/lediamant.ch\/de\/wp-json\/wp\/v2\/media\/214371"}],"wp:attachment":[{"href":"https:\/\/lediamant.ch\/de\/wp-json\/wp\/v2\/media?parent=214379"}],"wp:term":[{"taxonomy":"brand","embeddable":true,"href":"https:\/\/lediamant.ch\/de\/wp-json\/wp\/v2\/brand?post=214379"},{"taxonomy":"product_brand","embeddable":true,"href":"https:\/\/lediamant.ch\/de\/wp-json\/wp\/v2\/product_brand?post=214379"},{"taxonomy":"product_cat","embeddable":true,"href":"https:\/\/lediamant.ch\/de\/wp-json\/wp\/v2\/product_cat?post=214379"},{"taxonomy":"product_tag","embeddable":true,"href":"https:\/\/lediamant.ch\/de\/wp-json\/wp\/v2\/product_tag?post=214379"}],"curies":[{"name":"wp","href":"https:\/\/api.w.org\/{rel}","templated":true}]}}