{"id":214407,"date":"2024-10-30T13:54:16","date_gmt":"2024-10-30T12:54:16","guid":{"rendered":"https:\/\/lediamant.ch\/?post_type=product&#038;p=214407"},"modified":"2024-10-30T13:55:17","modified_gmt":"2024-10-30T12:55:17","slug":"tissot-pr516-powermatic-80","status":"publish","type":"product","link":"https:\/\/lediamant.ch\/de\/uhren\/214407-tissot-pr516-powermatic-80-t1494072201100\/","title":{"rendered":"Tissot PR516 Powermatic 80"},"content":{"rendered":"<p>Diese Uhr hat ein elegantes 38 mm Edelstahlgeh\u00e4use und ein dynamisches Zifferblatt, das den Geist von Geschwindigkeit und Pr\u00e4zision verk\u00f6rpert. Ausgestattet mit einem Powermatic 80 Uhrwerk bietet sie un\u00fcbertroffene Pr\u00e4zision f\u00fcr einen aktiven Lebensstil. Die mit Super-LumiNova\u00ae\ufe0f beschichteten Indizes sorgen jederzeit f\u00fcr eine gute Sichtbarkeit. Das vielseitige Design wird durch ein schnell austauschbares Armbandsystem erg\u00e4nzt, das sich perfekt f\u00fcr den \u00dcbergang von Gesch\u00e4ftsmeetings zu legeren Ausfl\u00fcgen eignet. Die PR516 Powermatic 80 ist ein moderner Klassiker, der sich in das reiche Erbe von Tissot einreiht.<\/p>\n","protected":false},"excerpt":{"rendered":"<p>Diese Uhr hat ein elegantes 38 mm Edelstahlgeh\u00e4use und ein dynamisches Zifferblatt, das den Geist von Geschwindigkeit und Pr\u00e4zision verk\u00f6rpert. Ausgestattet mit einem Powermatic 80 Uhrwerk bietet sie un\u00fcbertroffene Pr\u00e4zision f\u00fcr einen aktiven Lebensstil. Die mit Super-LumiNova\u00ae\ufe0f beschichteten Indizes sorgen jederzeit f\u00fcr eine gute Sichtbarkeit. Das vielseitige Design wird durch ein schnell austauschbares Armbandsystem erg\u00e4nzt, &#8230; <a title=\"Tissot PR516 Powermatic 80\" class=\"read-more\" href=\"https:\/\/lediamant.ch\/de\/uhren\/214407-tissot-pr516-powermatic-80-t1494072201100\/\" aria-label=\"Mehr Informationen \u00fcber Tissot PR516 Powermatic 80\">Weiterlesen &#8230;<\/a><\/p>\n","protected":false},"featured_media":214399,"template":"","meta":{"_acf_changed":false,"_seopress_robots_primary_cat":"27491","_seopress_titles_title":"","_seopress_titles_desc":"Eleganz und Pr\u00e4zision mit der Tissot PR516, 38mm Stahlgeh\u00e4use, Powermatic 80 Uhrwerk und austauschbarem Armband. Perfekt f\u00fcr jede Gelegenheit!","_seopress_robots_index":""},"brand":[27087],"product_brand":[],"product_cat":[27159,27491,27203,27123],"product_tag":[],"class_list":{"0":"post-214407","1":"product","2":"type-product","3":"status-publish","4":"has-post-thumbnail","6":"brand-tissot-de","7":"product_cat-tissot-de","8":"product_cat-tissot-pr516","9":"product_cat-tissot-sport","10":"product_cat-uhren","11":"pa_couleurduboitier-zweifarbig-de","12":"pa_couleurdubracelet-bicolor","13":"pa_couleurducadran-beige-de","14":"pa_dimensions-o-38-mm","15":"pa_etancheite-100m-de","16":"pa_forme-runden","17":"pa_garantie-24monate","18":"pa_genre-mann","19":"pa_matiere-zweifarbigstahlgelbgoldpvd","20":"pa_matierebraceletmontre-edelstahl","21":"pa_mouvement-automatik-de","22":"pa_option-boitier-transparenter-hintergrund","23":"pa_swissmade-ja-de","24":"pa_verre-saphir-de","25":"sales-flash-overlay","26":"woocommerce-text-align-center","27":"woocommerce-image-align-center","28":"do-quantity-buttons","30":"first","31":"instock","32":"taxable","33":"shipping-taxable","34":"purchasable","35":"product-type-simple"},"acf":[],"_links":{"self":[{"href":"https:\/\/lediamant.ch\/de\/wp-json\/wp\/v2\/product\/214407","targetHints":{"allow":["GET"]}}],"collection":[{"href":"https:\/\/lediamant.ch\/de\/wp-json\/wp\/v2\/product"}],"about":[{"href":"https:\/\/lediamant.ch\/de\/wp-json\/wp\/v2\/types\/product"}],"wp:featuredmedia":[{"embeddable":true,"href":"https:\/\/lediamant.ch\/de\/wp-json\/wp\/v2\/media\/214399"}],"wp:attachment":[{"href":"https:\/\/lediamant.ch\/de\/wp-json\/wp\/v2\/media?parent=214407"}],"wp:term":[{"taxonomy":"brand","embeddable":true,"href":"https:\/\/lediamant.ch\/de\/wp-json\/wp\/v2\/brand?post=214407"},{"taxonomy":"product_brand","embeddable":true,"href":"https:\/\/lediamant.ch\/de\/wp-json\/wp\/v2\/product_brand?post=214407"},{"taxonomy":"product_cat","embeddable":true,"href":"https:\/\/lediamant.ch\/de\/wp-json\/wp\/v2\/product_cat?post=214407"},{"taxonomy":"product_tag","embeddable":true,"href":"https:\/\/lediamant.ch\/de\/wp-json\/wp\/v2\/product_tag?post=214407"}],"curies":[{"name":"wp","href":"https:\/\/api.w.org\/{rel}","templated":true}]}}