{"id":214672,"date":"2024-11-13T14:14:14","date_gmt":"2024-11-13T13:14:14","guid":{"rendered":"https:\/\/lediamant.ch\/?post_type=product&#038;p=214672"},"modified":"2024-11-13T14:15:05","modified_gmt":"2024-11-13T13:15:05","slug":"tissot-prx-25mm-4","status":"publish","type":"product","link":"https:\/\/lediamant.ch\/de\/uhren\/214672-tissot-prx-25mm-t1370101135100\/","title":{"rendered":"Tissot PRX 25mm"},"content":{"rendered":"<div id=\"collapseOne\" class=\"collapse show\" aria-labelledby=\"headingOne\" data-parent=\"#accordionContainer\">\n<p class=\"ti-fs-16 mt-10 mb-24 pr-lg-30 ti-pdp-details-content\">Die neue PRX 25mm ist eine perfekte Kombination aus dem Charme der 70er Jahre und einem raffinierten Design. Angetrieben von einem zuverl\u00e4ssigen Quarzwerk mit Anzeige des Endes der Lebensdauer der Batterie (EOL-Funktion (End of Life)), bietet sie den Komfort eines batteriebetriebenen Zeitmessers mit einem Minimum an Wartung.<\/p>\n<p>Diese Uhr hat ein hellblaues Zifferblatt, das von einem kratzfesten und entspiegelten Saphirglas gesch\u00fctzt wird. Das Geh\u00e4use aus Edelstahl ist wasserdicht bis zu einem Druck von 10 bar (100 m) und macht die Uhr zu einem robusten Begleiter f\u00fcr den Alltag.<\/p>\n<\/div>\n<div id=\"heading3\" class=\"ti-pdp-details-heading\"><\/div>\n","protected":false},"excerpt":{"rendered":"<p>Die neue PRX 25mm ist eine perfekte Kombination aus dem Charme der 70er Jahre und einem raffinierten Design. Angetrieben von einem zuverl\u00e4ssigen Quarzwerk mit Anzeige des Endes der Lebensdauer der Batterie (EOL-Funktion (End of Life)), bietet sie den Komfort eines batteriebetriebenen Zeitmessers mit einem Minimum an Wartung. Diese Uhr hat ein hellblaues Zifferblatt, das von &#8230; <a title=\"Tissot PRX 25mm\" class=\"read-more\" href=\"https:\/\/lediamant.ch\/de\/uhren\/214672-tissot-prx-25mm-t1370101135100\/\" aria-label=\"Mehr Informationen \u00fcber Tissot PRX 25mm\">Weiterlesen &#8230;<\/a><\/p>\n","protected":false},"featured_media":214665,"template":"","meta":{"_acf_changed":false,"_seopress_robots_primary_cat":"27159","_seopress_titles_title":"","_seopress_titles_desc":"Entdecken Sie die Tissot PRX 25mm - eine elegante Mischung aus dem Chic der 70er Jahre und modernem Design, mit einem zuverl\u00e4ssigen Quarzwerk und einem blauen Zifferblatt.","_seopress_robots_index":""},"brand":[27087],"product_brand":[],"product_cat":[27159,27245,27389,27123],"product_tag":[],"class_list":{"0":"post-214672","1":"product","2":"type-product","3":"status-publish","4":"has-post-thumbnail","6":"brand-tissot-de","7":"product_cat-tissot-de","8":"product_cat-tissot-classic","9":"product_cat-tissot-prx","10":"product_cat-uhren","11":"pa_couleurduboitier-grau-de","12":"pa_couleurdubracelet-grau-de","13":"pa_couleurducadran-blau","14":"pa_dimensions-o-25-mm","15":"pa_etancheite-100m-de","16":"pa_forme-fass-de","17":"pa_garantie-24monate","18":"pa_genre-frau","19":"pa_matiere-stahl","20":"pa_matierebraceletmontre-edelstahl","21":"pa_mouvement-quarzbatterie-de","22":"pa_swissmade-ja-de","23":"pa_verre-saphir-de","24":"sales-flash-overlay","25":"woocommerce-text-align-center","26":"woocommerce-image-align-center","27":"do-quantity-buttons","29":"first","30":"instock","31":"taxable","32":"shipping-taxable","33":"purchasable","34":"product-type-simple"},"acf":[],"_links":{"self":[{"href":"https:\/\/lediamant.ch\/de\/wp-json\/wp\/v2\/product\/214672","targetHints":{"allow":["GET"]}}],"collection":[{"href":"https:\/\/lediamant.ch\/de\/wp-json\/wp\/v2\/product"}],"about":[{"href":"https:\/\/lediamant.ch\/de\/wp-json\/wp\/v2\/types\/product"}],"wp:featuredmedia":[{"embeddable":true,"href":"https:\/\/lediamant.ch\/de\/wp-json\/wp\/v2\/media\/214665"}],"wp:attachment":[{"href":"https:\/\/lediamant.ch\/de\/wp-json\/wp\/v2\/media?parent=214672"}],"wp:term":[{"taxonomy":"brand","embeddable":true,"href":"https:\/\/lediamant.ch\/de\/wp-json\/wp\/v2\/brand?post=214672"},{"taxonomy":"product_brand","embeddable":true,"href":"https:\/\/lediamant.ch\/de\/wp-json\/wp\/v2\/product_brand?post=214672"},{"taxonomy":"product_cat","embeddable":true,"href":"https:\/\/lediamant.ch\/de\/wp-json\/wp\/v2\/product_cat?post=214672"},{"taxonomy":"product_tag","embeddable":true,"href":"https:\/\/lediamant.ch\/de\/wp-json\/wp\/v2\/product_tag?post=214672"}],"curies":[{"name":"wp","href":"https:\/\/api.w.org\/{rel}","templated":true}]}}