{"id":214755,"date":"2024-11-13T17:57:03","date_gmt":"2024-11-13T16:57:03","guid":{"rendered":"https:\/\/lediamant.ch\/?post_type=product&#038;p=214755"},"modified":"2024-11-13T18:06:08","modified_gmt":"2024-11-13T17:06:08","slug":"maurice-lacroix-aikon-quartz-35mm-3","status":"publish","type":"product","link":"https:\/\/lediamant.ch\/de\/uhren\/214755-maurice-lacroix-aikon-quartz-duotone-35mm-3-ai1106-pvy13-170-1\/","title":{"rendered":"Maurice Lacroix AIKON Quarz Duotone, 35mm"},"content":{"rendered":"<p>Maurice Lacroix kehrte zu den Wurzeln seiner ikonischen Geschichte zur\u00fcck und pr\u00e4sentierte eine Reihe von \u00c4nderungen an der AIKON Quartz, die f\u00fcr jede Referenz spezifische Verbesserungen mit sich brachten.<br \/>\nIn einem Geist der kontinuierlichen Verbesserung hat Maurice Lacroix die AIKON Quartz \u00fcberarbeitet.<br \/>\nGest\u00fctzt auf die Erfahrung, die seit der Einf\u00fchrung der ersten AIKON gesammelt wurde, und auf das Feedback von Kunden und H\u00e4ndlern, hat das Haus aus dem Jura jede Komponente des sportlichen Modells neu \u00fcberdacht.<br \/>\nJede Kurve, Facette, Linie und Oberfl\u00e4che wurde verfeinert, um ein neues, schlichteres Design zu schaffen.<br \/>\nDar\u00fcber hinaus wurden alle Eigenschaften jeder Referenz verbessert, um die luxuri\u00f6se Aura der Kreationen zu unterstreichen.<\/p>\n<p>Geh\u00e4use: Stahl\/ Gelbgold-PVD &amp; Armband: Stahl\/Gelbgold-PVD. Wasserdicht bis 10 ATM. 35 mm<\/p>\n","protected":false},"excerpt":{"rendered":"<p>Maurice Lacroix kehrte zu den Wurzeln seiner ikonischen Geschichte zur\u00fcck und pr\u00e4sentierte eine Reihe von \u00c4nderungen an der AIKON Quartz, die f\u00fcr jede Referenz spezifische Verbesserungen mit sich brachten. In einem Geist der kontinuierlichen Verbesserung hat Maurice Lacroix die AIKON Quartz \u00fcberarbeitet. Gest\u00fctzt auf die Erfahrung, die seit der Einf\u00fchrung der ersten AIKON gesammelt wurde, &#8230; <a title=\"Maurice Lacroix AIKON Quarz Duotone, 35mm\" class=\"read-more\" href=\"https:\/\/lediamant.ch\/de\/uhren\/214755-maurice-lacroix-aikon-quartz-duotone-35mm-3-ai1106-pvy13-170-1\/\" aria-label=\"Mehr Informationen \u00fcber Maurice Lacroix AIKON Quarz Duotone, 35mm\">Weiterlesen &#8230;<\/a><\/p>\n","protected":false},"featured_media":214757,"template":"","meta":{"_acf_changed":false,"_seopress_robots_primary_cat":"27205","_seopress_titles_title":"","_seopress_titles_desc":"","_seopress_robots_index":""},"brand":[27103],"product_brand":[],"product_cat":[27205,27137,27149,27123],"product_tag":[],"class_list":{"0":"post-214755","1":"product","2":"type-product","3":"status-publish","4":"has-post-thumbnail","6":"brand-mauricelacroix-de","7":"product_cat-aikon-de","8":"product_cat-bracelet-ajustable-de","9":"product_cat-maurice-lacroix-de","10":"product_cat-uhren","11":"pa_couleurduboitier-zweifarbig-de","12":"pa_couleurdubracelet-bicolor","13":"pa_couleurducadran-perlmutt","14":"pa_etancheite-100m-de","15":"pa_forme-runden","16":"pa_genre-frau","17":"pa_matiere-zweifarbigstahlgelbgoldpvd","18":"pa_matierebraceletmontre-edelstahl","19":"pa_mouvement-quarzbatterie-de","20":"pa_swissmade-ja-de","21":"pa_typedemontre-uhrenmitdiamanten","22":"sales-flash-overlay","23":"woocommerce-text-align-center","24":"woocommerce-image-align-center","25":"do-quantity-buttons","27":"first","28":"instock","29":"taxable","30":"shipping-taxable","31":"purchasable","32":"product-type-simple"},"acf":[],"_links":{"self":[{"href":"https:\/\/lediamant.ch\/de\/wp-json\/wp\/v2\/product\/214755","targetHints":{"allow":["GET"]}}],"collection":[{"href":"https:\/\/lediamant.ch\/de\/wp-json\/wp\/v2\/product"}],"about":[{"href":"https:\/\/lediamant.ch\/de\/wp-json\/wp\/v2\/types\/product"}],"wp:featuredmedia":[{"embeddable":true,"href":"https:\/\/lediamant.ch\/de\/wp-json\/wp\/v2\/media\/214757"}],"wp:attachment":[{"href":"https:\/\/lediamant.ch\/de\/wp-json\/wp\/v2\/media?parent=214755"}],"wp:term":[{"taxonomy":"brand","embeddable":true,"href":"https:\/\/lediamant.ch\/de\/wp-json\/wp\/v2\/brand?post=214755"},{"taxonomy":"product_brand","embeddable":true,"href":"https:\/\/lediamant.ch\/de\/wp-json\/wp\/v2\/product_brand?post=214755"},{"taxonomy":"product_cat","embeddable":true,"href":"https:\/\/lediamant.ch\/de\/wp-json\/wp\/v2\/product_cat?post=214755"},{"taxonomy":"product_tag","embeddable":true,"href":"https:\/\/lediamant.ch\/de\/wp-json\/wp\/v2\/product_tag?post=214755"}],"curies":[{"name":"wp","href":"https:\/\/api.w.org\/{rel}","templated":true}]}}