{"id":214771,"date":"2024-11-15T16:22:53","date_gmt":"2024-11-15T15:22:53","guid":{"rendered":"https:\/\/lediamant.ch\/?post_type=product&#038;p=214771"},"modified":"2024-11-19T18:28:14","modified_gmt":"2024-11-19T17:28:14","slug":"h992-x-plonk-replonk-silver","status":"publish","type":"product","link":"https:\/\/lediamant.ch\/de\/uhren\/214771-h992-x-plonk-replonk-silver-mh3plonk-silver\/","title":{"rendered":"H992 \u00d7 Plonk &#038; Replonk Zbigl SILVER 44mm"},"content":{"rendered":"<p>Diese in La Chaux-de-Fonds auf 992 m H\u00f6he verankerte Sonderedition ist eine Hommage an einen vision\u00e4ren Architekten und Symbol unserer Stadt, der f\u00fcr seine ikonische schwarze Brille ber\u00fchmt ist. In Zusammenarbeit mit den schr\u00e4gen K\u00f6pfen von Plonk &amp; Replonk Zbigl meine Kurzzeitmesser mit einem &#8222;Zementeffekt&#8220; versehen, um sein bevorzugtes Material zu feiern. Jedes St\u00fcck wird von einem einzigartigen Betonquadrat begleitet, das von diesem kreativen Duo entworfen wurde, eine k\u00fchne Anspielung auf das Erbe und die Innovation von La Chaux-de-Fonds.<\/p>\n<div class=\"elementor-element elementor-element-12957c2 elementor-widget elementor-widget-heading\" data-id=\"12957c2\" data-element_type=\"widget\" data-widget_type=\"heading.default\">\n<div class=\"elementor-widget-container\">\n<p class=\"elementor-heading-title elementor-size-default\"><strong>Automatisches Uhrwerk mit COSC-Zertifikat <\/strong><span style=\"font-size: inherit;\">Die Professionalit\u00e4t und Erfahrung meiner Sch\u00f6pfer und Sch\u00f6pferinnen haben mir auch eine hohe Pr\u00e4zision verliehen.<br \/>\nMein Herz schl\u00e4gt f\u00fcr Sie in wunderbarer Regelm\u00e4\u00dfigkeit.<br \/>\nIch habe das COSC-Label des B\u00fcros in La Chaux-de-Fonds.<br \/>\nEin Symbol f\u00fcr Qualit\u00e4t und Pr\u00e4zision, das von vielen beneidet wird.<br \/>\nMein Kreativteam kann sich austoben, aber auch extrem anspruchsvoll sein, wenn es darum geht, Spitzenleistungen zu erbringen. <\/span><\/p>\n<\/div>\n<\/div>\n<p>Limitierte Auflage von 92 St\u00fcck weltweit!<\/p>\n","protected":false},"excerpt":{"rendered":"<p>&nbsp;<\/p>\n<p>&nbsp;<\/p>\n","protected":false},"featured_media":214777,"template":"","meta":{"_acf_changed":false,"_seopress_robots_primary_cat":"27177","_seopress_titles_title":"","_seopress_titles_desc":"Eine einzigartige Hommage an einen ikonischen Architekten mit einem Design mit Zement-Effekt auf 992 Metern H\u00f6he. Entdecken Sie dieses exklusive St\u00fcck!","_seopress_robots_index":""},"brand":[27115],"product_brand":[],"product_cat":[41608,27177,27123],"product_tag":[],"class_list":{"0":"post-214771","1":"product","2":"type-product","3":"status-publish","4":"has-post-thumbnail","6":"brand-h992-de","7":"product_cat-collection-h3-de","8":"product_cat-h992-de","9":"product_cat-uhren","10":"pa_couleurdubracelet-schwarz-de","11":"pa_couleurducadran-grau","12":"pa_dimensions-o-44-mm","13":"pa_etancheite-100m-de","14":"pa_forme-runden","15":"pa_genre-mann","16":"pa_limitededition-92-exemplare-weltweit","17":"pa_matiere-stahl","18":"pa_matierebraceletmontre-leder","19":"pa_mouvement-automatik-de","20":"pa_swissmade-ja-de","21":"pa_typedemontre-chronograph-de","22":"sales-flash-overlay","23":"woocommerce-text-align-center","24":"woocommerce-image-align-center","25":"do-quantity-buttons","27":"first","28":"instock","29":"taxable","30":"shipping-taxable","31":"purchasable","32":"product-type-simple"},"acf":[],"_links":{"self":[{"href":"https:\/\/lediamant.ch\/de\/wp-json\/wp\/v2\/product\/214771","targetHints":{"allow":["GET"]}}],"collection":[{"href":"https:\/\/lediamant.ch\/de\/wp-json\/wp\/v2\/product"}],"about":[{"href":"https:\/\/lediamant.ch\/de\/wp-json\/wp\/v2\/types\/product"}],"wp:featuredmedia":[{"embeddable":true,"href":"https:\/\/lediamant.ch\/de\/wp-json\/wp\/v2\/media\/214777"}],"wp:attachment":[{"href":"https:\/\/lediamant.ch\/de\/wp-json\/wp\/v2\/media?parent=214771"}],"wp:term":[{"taxonomy":"brand","embeddable":true,"href":"https:\/\/lediamant.ch\/de\/wp-json\/wp\/v2\/brand?post=214771"},{"taxonomy":"product_brand","embeddable":true,"href":"https:\/\/lediamant.ch\/de\/wp-json\/wp\/v2\/product_brand?post=214771"},{"taxonomy":"product_cat","embeddable":true,"href":"https:\/\/lediamant.ch\/de\/wp-json\/wp\/v2\/product_cat?post=214771"},{"taxonomy":"product_tag","embeddable":true,"href":"https:\/\/lediamant.ch\/de\/wp-json\/wp\/v2\/product_tag?post=214771"}],"curies":[{"name":"wp","href":"https:\/\/api.w.org\/{rel}","templated":true}]}}