{"id":214862,"date":"2024-11-19T13:27:51","date_gmt":"2024-11-19T12:27:51","guid":{"rendered":"https:\/\/lediamant.ch\/?post_type=product&#038;p=214862"},"modified":"2024-11-19T13:28:10","modified_gmt":"2024-11-19T12:28:10","slug":"tissot-ballade-40mm-5","status":"publish","type":"product","link":"https:\/\/lediamant.ch\/de\/uhren\/214862-tissot-ballade-40mm-t1564103305100\/","title":{"rendered":"Tissot Ballade 40mm"},"content":{"rendered":"<p>Diese Uhr wurde entworfen, um Ihren Stil in ganz besonderen Momenten zu unterstreichen. Das schwarze, guillochierte Zifferblatt mit den traditionellen Sonnenstrahlen reflektiert das Licht und verleiht der Uhr Tiefe und Eleganz. Das Geh\u00e4use und die geriffelte L\u00fcnette aus PVD Gelbgold bilden ein raffiniertes Ensemble, das die traditionelle Uhrmacherkunst repr\u00e4sentiert. Das PVD-beschichtete Gelbgold-Stahlarmband mit Schnellverschluss bietet optimalen Tragekomfort.   <\/p>\n","protected":false},"excerpt":{"rendered":"<p>Diese Uhr wurde entworfen, um Ihren Stil in ganz besonderen Momenten zu unterstreichen. Das schwarze, guillochierte Zifferblatt mit den traditionellen Sonnenstrahlen reflektiert das Licht und verleiht der Uhr Tiefe und Eleganz. Das Geh\u00e4use und die geriffelte L\u00fcnette aus PVD Gelbgold bilden ein raffiniertes Ensemble, das die traditionelle Uhrmacherkunst repr\u00e4sentiert. Das PVD-beschichtete Gelbgold-Stahlarmband mit Schnellverschluss bietet &#8230; <a title=\"Tissot Ballade 40mm\" class=\"read-more\" href=\"https:\/\/lediamant.ch\/de\/uhren\/214862-tissot-ballade-40mm-t1564103305100\/\" aria-label=\"Mehr Informationen \u00fcber Tissot Ballade 40mm\">Weiterlesen &#8230;<\/a><\/p>\n","protected":false},"featured_media":214855,"template":"","meta":{"_acf_changed":false,"_seopress_robots_primary_cat":"27158","_seopress_titles_title":"","_seopress_titles_desc":"Entdecken Sie eine Uhr mit einem schwarzen, guillochierten Zifferblatt und einem Armband aus PVD Gelbgold, die perfekt ist, um Ihren besonderen Anl\u00e4ssen einen Hauch von Eleganz zu verleihen.","_seopress_robots_index":""},"brand":[27087],"product_brand":[],"product_cat":[27123,27159,27245,41840],"product_tag":[],"class_list":{"0":"post-214862","1":"product","2":"type-product","3":"status-publish","4":"has-post-thumbnail","6":"brand-tissot-de","7":"product_cat-uhren","8":"product_cat-tissot-de","9":"product_cat-tissot-classic","10":"product_cat-tissot-ballade-de","11":"pa_couleurduboitier-gelb-de","12":"pa_couleurdubracelet-gelb-de","13":"pa_couleurducadran-schwarz","14":"pa_dimensions-o-40-mm","15":"pa_etancheite-100m-de","16":"pa_forme-runden","17":"pa_garantie-24monate","18":"pa_genre-mann","19":"pa_matiere-gelbgoldpvd","20":"pa_matierebraceletmontre-edelstahl","21":"pa_mouvement-quarzbatterie-de","22":"pa_swissmade-ja-de","23":"pa_verre-saphir-de","24":"sales-flash-overlay","25":"woocommerce-text-align-center","26":"woocommerce-image-align-center","27":"do-quantity-buttons","29":"first","30":"instock","31":"taxable","32":"shipping-taxable","33":"purchasable","34":"product-type-simple"},"acf":[],"_links":{"self":[{"href":"https:\/\/lediamant.ch\/de\/wp-json\/wp\/v2\/product\/214862","targetHints":{"allow":["GET"]}}],"collection":[{"href":"https:\/\/lediamant.ch\/de\/wp-json\/wp\/v2\/product"}],"about":[{"href":"https:\/\/lediamant.ch\/de\/wp-json\/wp\/v2\/types\/product"}],"wp:featuredmedia":[{"embeddable":true,"href":"https:\/\/lediamant.ch\/de\/wp-json\/wp\/v2\/media\/214855"}],"wp:attachment":[{"href":"https:\/\/lediamant.ch\/de\/wp-json\/wp\/v2\/media?parent=214862"}],"wp:term":[{"taxonomy":"brand","embeddable":true,"href":"https:\/\/lediamant.ch\/de\/wp-json\/wp\/v2\/brand?post=214862"},{"taxonomy":"product_brand","embeddable":true,"href":"https:\/\/lediamant.ch\/de\/wp-json\/wp\/v2\/product_brand?post=214862"},{"taxonomy":"product_cat","embeddable":true,"href":"https:\/\/lediamant.ch\/de\/wp-json\/wp\/v2\/product_cat?post=214862"},{"taxonomy":"product_tag","embeddable":true,"href":"https:\/\/lediamant.ch\/de\/wp-json\/wp\/v2\/product_tag?post=214862"}],"curies":[{"name":"wp","href":"https:\/\/api.w.org\/{rel}","templated":true}]}}