{"id":214876,"date":"2024-11-19T14:25:32","date_gmt":"2024-11-19T13:25:32","guid":{"rendered":"https:\/\/lediamant.ch\/?post_type=product&#038;p=214876"},"modified":"2026-04-08T11:01:41","modified_gmt":"2026-04-08T09:01:41","slug":"tissot-desir-28mm-2","status":"publish","type":"product","link":"https:\/\/lediamant.ch\/de\/uhren\/214876-tissot-desir-t1520101111600\/","title":{"rendered":"Tissot Desir 28mm"},"content":{"rendered":"<p>Das gew\u00f6lbte Geh\u00e4use, das an einen fein geschliffenen Edelstein erinnert, ist eines der Merkmale dieser Kollektion. Diese Uhr wurde mit Blick auf Komfort und Haltbarkeit entworfen und besticht durch ihre Sch\u00f6nheit und ihre Widerstandsf\u00e4higkeit. Das von Tissot perfektionierte Quarzwerk bietet eine unvergleichliche Zuverl\u00e4ssigkeit: Dieser Zeitmesser wird Sie auf all Ihren Reisen f\u00fcr die kommenden Jahre begleiten.  <\/p>\n","protected":false},"excerpt":{"rendered":"<p>Das gew\u00f6lbte Geh\u00e4use, das an einen fein geschliffenen Edelstein erinnert, ist eines der Merkmale dieser Kollektion. Diese Uhr wurde mit Blick auf Komfort und Haltbarkeit entworfen und besticht durch ihre Sch\u00f6nheit und ihre Widerstandsf\u00e4higkeit. Das von Tissot perfektionierte Quarzwerk bietet eine unvergleichliche Zuverl\u00e4ssigkeit: Dieser Zeitmesser wird Sie auf all Ihren Reisen f\u00fcr die kommenden Jahre &#8230; <a title=\"Tissot Desir 28mm\" class=\"read-more\" href=\"https:\/\/lediamant.ch\/de\/uhren\/214876-tissot-desir-t1520101111600\/\" aria-label=\"Mehr Informationen \u00fcber Tissot Desir 28mm\">Weiterlesen &#8230;<\/a><\/p>\n","protected":false},"featured_media":214869,"template":"","meta":{"_acf_changed":false,"_seopress_robots_primary_cat":"27158","_seopress_titles_title":"","_seopress_titles_desc":"Entdecken Sie die zeitlose Eleganz unserer Uhr mit gew\u00f6lbtem Geh\u00e4use und fortschrittlichem Quarzwerk. Komfort und Haltbarkeit sind garantiert. ","_seopress_robots_index":""},"brand":[27087],"product_brand":[],"product_cat":[27297,27159,41844,27123],"product_tag":[],"class_list":{"0":"post-214876","1":"product","2":"type-product","3":"status-publish","4":"has-post-thumbnail","6":"brand-tissot-de","7":"product_cat-exklusiv-fur-damen","8":"product_cat-tissot-de","9":"product_cat-tissot-desir-de","10":"product_cat-uhren","11":"pa_couleurduboitier-grau-de","12":"pa_couleurdubracelet-grau-de","13":"pa_couleurducadran-perlmutt","14":"pa_detail-de-s-pierres-s-zifferblatt-mit-12-diamanten-003-ct-vs-si-top-wesselton","15":"pa_dimensions-o-28-mm","16":"pa_etancheite-50m-de","17":"pa_forme-runden","18":"pa_garantie-24monate","19":"pa_genre-frau","20":"pa_matiere-stahl","21":"pa_matierebraceletmontre-edelstahl","22":"pa_mouvement-quarzbatterie-de","23":"pa_swissmade-ja-de","24":"pa_typedemontre-uhrenmitdiamanten","25":"pa_verre-saphir-de","26":"sales-flash-overlay","27":"woocommerce-text-align-center","28":"woocommerce-image-align-center","29":"do-quantity-buttons","31":"first","32":"instock","33":"taxable","34":"shipping-taxable","35":"purchasable","36":"product-type-simple"},"acf":[],"_links":{"self":[{"href":"https:\/\/lediamant.ch\/de\/wp-json\/wp\/v2\/product\/214876","targetHints":{"allow":["GET"]}}],"collection":[{"href":"https:\/\/lediamant.ch\/de\/wp-json\/wp\/v2\/product"}],"about":[{"href":"https:\/\/lediamant.ch\/de\/wp-json\/wp\/v2\/types\/product"}],"wp:featuredmedia":[{"embeddable":true,"href":"https:\/\/lediamant.ch\/de\/wp-json\/wp\/v2\/media\/214869"}],"wp:attachment":[{"href":"https:\/\/lediamant.ch\/de\/wp-json\/wp\/v2\/media?parent=214876"}],"wp:term":[{"taxonomy":"brand","embeddable":true,"href":"https:\/\/lediamant.ch\/de\/wp-json\/wp\/v2\/brand?post=214876"},{"taxonomy":"product_brand","embeddable":true,"href":"https:\/\/lediamant.ch\/de\/wp-json\/wp\/v2\/product_brand?post=214876"},{"taxonomy":"product_cat","embeddable":true,"href":"https:\/\/lediamant.ch\/de\/wp-json\/wp\/v2\/product_cat?post=214876"},{"taxonomy":"product_tag","embeddable":true,"href":"https:\/\/lediamant.ch\/de\/wp-json\/wp\/v2\/product_tag?post=214876"}],"curies":[{"name":"wp","href":"https:\/\/api.w.org\/{rel}","templated":true}]}}