{"id":214890,"date":"2024-11-19T13:14:16","date_gmt":"2024-11-19T12:14:16","guid":{"rendered":"https:\/\/lediamant.ch\/?post_type=product&#038;p=214890"},"modified":"2024-11-19T13:14:33","modified_gmt":"2024-11-19T12:14:33","slug":"tissot-ballade-40mm-4","status":"publish","type":"product","link":"https:\/\/lediamant.ch\/de\/uhren\/214890-tissot-ballade-40mm-t1564102203100\/","title":{"rendered":"Tissot Ballade 40mm"},"content":{"rendered":"<p>Diese Uhr wurde entworfen, um Ihren Stil in ganz besonderen Momenten zu unterstreichen. Das silberne Zifferblatt mit dem traditionellen Sonnenstrahl-Guillochis reflektiert das Licht wundersch\u00f6n und verleiht der Uhr Tiefe und Eleganz. Die geriffelte L\u00fcnette aus PVD Gelbgold bietet eine raffinierte Dekoration, die die traditionelle Uhrmacherkunst repr\u00e4sentiert. Das zweifarbige Stahlarmband mit Schnellverschluss bietet einen optimalen Tragekomfort.   <\/p>\n","protected":false},"excerpt":{"rendered":"<p>Diese Uhr wurde entworfen, um Ihren Stil in ganz besonderen Momenten zu unterstreichen. Das silberne Zifferblatt mit dem traditionellen Sonnenstrahl-Guillochis reflektiert das Licht wundersch\u00f6n und verleiht der Uhr Tiefe und Eleganz. Die geriffelte L\u00fcnette aus PVD Gelbgold bietet eine raffinierte Dekoration, die die traditionelle Uhrmacherkunst repr\u00e4sentiert. Das zweifarbige Stahlarmband mit Schnellverschluss bietet einen optimalen Tragekomfort.<\/p>\n","protected":false},"featured_media":214883,"template":"","meta":{"_acf_changed":false,"_seopress_robots_primary_cat":"27158","_seopress_titles_title":"","_seopress_titles_desc":"Entdecken Sie unsere Uhr mit silbernem Zifferblatt und zweifarbigem Armband, ein Meisterwerk an Eleganz und Komfort, perfekt f\u00fcr besondere Anl\u00e4sse.","_seopress_robots_index":""},"brand":[27087],"product_brand":[],"product_cat":[27159,41840,27245,27123],"product_tag":[],"class_list":{"0":"post-214890","1":"product","2":"type-product","3":"status-publish","4":"has-post-thumbnail","6":"brand-tissot-de","7":"product_cat-tissot-de","8":"product_cat-tissot-ballade-de","9":"product_cat-tissot-classic","10":"product_cat-uhren","11":"pa_couleurduboitier-zweifarbig-de","12":"pa_couleurdubracelet-gelb-de","13":"pa_couleurdubracelet-grau-de","14":"pa_couleurducadran-silber","15":"pa_dimensions-o-40-mm","16":"pa_etancheite-100m-de","17":"pa_forme-runden","18":"pa_garantie-24monate","19":"pa_genre-mann","20":"pa_matiere-zweifarbigstahlgelbgoldpvd","21":"pa_matierebraceletmontre-edelstahl","22":"pa_mouvement-quarzbatterie-de","23":"pa_swissmade-ja-de","24":"pa_verre-saphir-de","25":"sales-flash-overlay","26":"woocommerce-text-align-center","27":"woocommerce-image-align-center","28":"do-quantity-buttons","30":"first","31":"instock","32":"taxable","33":"shipping-taxable","34":"purchasable","35":"product-type-simple"},"acf":[],"_links":{"self":[{"href":"https:\/\/lediamant.ch\/de\/wp-json\/wp\/v2\/product\/214890","targetHints":{"allow":["GET"]}}],"collection":[{"href":"https:\/\/lediamant.ch\/de\/wp-json\/wp\/v2\/product"}],"about":[{"href":"https:\/\/lediamant.ch\/de\/wp-json\/wp\/v2\/types\/product"}],"wp:featuredmedia":[{"embeddable":true,"href":"https:\/\/lediamant.ch\/de\/wp-json\/wp\/v2\/media\/214883"}],"wp:attachment":[{"href":"https:\/\/lediamant.ch\/de\/wp-json\/wp\/v2\/media?parent=214890"}],"wp:term":[{"taxonomy":"brand","embeddable":true,"href":"https:\/\/lediamant.ch\/de\/wp-json\/wp\/v2\/brand?post=214890"},{"taxonomy":"product_brand","embeddable":true,"href":"https:\/\/lediamant.ch\/de\/wp-json\/wp\/v2\/product_brand?post=214890"},{"taxonomy":"product_cat","embeddable":true,"href":"https:\/\/lediamant.ch\/de\/wp-json\/wp\/v2\/product_cat?post=214890"},{"taxonomy":"product_tag","embeddable":true,"href":"https:\/\/lediamant.ch\/de\/wp-json\/wp\/v2\/product_tag?post=214890"}],"curies":[{"name":"wp","href":"https:\/\/api.w.org\/{rel}","templated":true}]}}