{"id":214974,"date":"2024-11-19T13:46:48","date_gmt":"2024-11-19T12:46:48","guid":{"rendered":"https:\/\/lediamant.ch\/?post_type=product&#038;p=214974"},"modified":"2024-11-19T13:47:09","modified_gmt":"2024-11-19T12:47:09","slug":"tissot-ballade-34mm","status":"publish","type":"product","link":"https:\/\/lediamant.ch\/de\/uhren\/214974-tissot-ballade-34mm-t1562101135100\/","title":{"rendered":"Tissot Ballade 34mm"},"content":{"rendered":"<p>Diese Version der Tissot Ballade hat ein 34 mm gro\u00dfes Stahlgeh\u00e4use. Ein kratzfestes, entspiegeltes Saphirglas sch\u00fctzt das hellblaue Zifferblatt, das eine Datumsanzeige bei 3 Uhr hat. Die Zeiger und Indizes kontrastieren mit dem Zifferblatt und die SuperLuminova\u00ae-Beschichtung garantiert eine hervorragende Ablesbarkeit. Im Inneren der Uhr schl\u00e4gt ein pr\u00e4zises Swiss Made Quarzwerk mit Anzeige des Endes der Batterielebensdauer (EOL (End of Life) Funktion). Das Armband aus rostfreiem Stahl bietet optimalen Tragekomfort.  <\/p>\n","protected":false},"excerpt":{"rendered":"<p>Diese Version der Tissot Ballade hat ein 34 mm gro\u00dfes Stahlgeh\u00e4use. Ein kratzfestes, entspiegeltes Saphirglas sch\u00fctzt das hellblaue Zifferblatt, das eine Datumsanzeige bei 3 Uhr hat. Die Zeiger und Indizes kontrastieren mit dem Zifferblatt und die SuperLuminova\u00ae-Beschichtung garantiert eine hervorragende Ablesbarkeit. Im Inneren der Uhr schl\u00e4gt ein pr\u00e4zises Swiss Made Quarzwerk mit Anzeige des Endes &#8230; <a title=\"Tissot Ballade 34mm\" class=\"read-more\" href=\"https:\/\/lediamant.ch\/de\/uhren\/214974-tissot-ballade-34mm-t1562101135100\/\" aria-label=\"Mehr Informationen \u00fcber Tissot Ballade 34mm\">Weiterlesen &#8230;<\/a><\/p>\n","protected":false},"featured_media":214967,"template":"","meta":{"_acf_changed":false,"_seopress_robots_primary_cat":"27158","_seopress_titles_title":"","_seopress_titles_desc":"Entdecken Sie die Tissot Ballade mit ihrem blauen Zifferblatt und Stahlarmband, eine Schweizer Uhr mit SuperLuminova\u00ae f\u00fcr perfekte Sichtbarkeit.","_seopress_robots_index":""},"brand":[27087],"product_brand":[],"product_cat":[27123,27159,27245,41840],"product_tag":[],"class_list":{"0":"post-214974","1":"product","2":"type-product","3":"status-publish","4":"has-post-thumbnail","6":"brand-tissot-de","7":"product_cat-uhren","8":"product_cat-tissot-de","9":"product_cat-tissot-classic","10":"product_cat-tissot-ballade-de","11":"pa_couleurduboitier-grau-de","12":"pa_couleurdubracelet-grau-de","13":"pa_couleurducadran-blau","14":"pa_dimensions-o-34-mm","15":"pa_etancheite-100m-de","16":"pa_forme-runden","17":"pa_garantie-24monate","18":"pa_genre-frau","19":"pa_matiere-stahl","20":"pa_matierebraceletmontre-edelstahl","21":"pa_mouvement-quarzbatterie-de","22":"pa_swissmade-ja-de","23":"pa_verre-saphir-de","24":"sales-flash-overlay","25":"woocommerce-text-align-center","26":"woocommerce-image-align-center","27":"do-quantity-buttons","29":"first","30":"instock","31":"taxable","32":"shipping-taxable","33":"purchasable","34":"product-type-simple"},"acf":[],"_links":{"self":[{"href":"https:\/\/lediamant.ch\/de\/wp-json\/wp\/v2\/product\/214974","targetHints":{"allow":["GET"]}}],"collection":[{"href":"https:\/\/lediamant.ch\/de\/wp-json\/wp\/v2\/product"}],"about":[{"href":"https:\/\/lediamant.ch\/de\/wp-json\/wp\/v2\/types\/product"}],"wp:featuredmedia":[{"embeddable":true,"href":"https:\/\/lediamant.ch\/de\/wp-json\/wp\/v2\/media\/214967"}],"wp:attachment":[{"href":"https:\/\/lediamant.ch\/de\/wp-json\/wp\/v2\/media?parent=214974"}],"wp:term":[{"taxonomy":"brand","embeddable":true,"href":"https:\/\/lediamant.ch\/de\/wp-json\/wp\/v2\/brand?post=214974"},{"taxonomy":"product_brand","embeddable":true,"href":"https:\/\/lediamant.ch\/de\/wp-json\/wp\/v2\/product_brand?post=214974"},{"taxonomy":"product_cat","embeddable":true,"href":"https:\/\/lediamant.ch\/de\/wp-json\/wp\/v2\/product_cat?post=214974"},{"taxonomy":"product_tag","embeddable":true,"href":"https:\/\/lediamant.ch\/de\/wp-json\/wp\/v2\/product_tag?post=214974"}],"curies":[{"name":"wp","href":"https:\/\/api.w.org\/{rel}","templated":true}]}}