{"id":215171,"date":"2024-11-27T15:27:34","date_gmt":"2024-11-27T14:27:34","guid":{"rendered":"https:\/\/lediamant.ch\/?post_type=product&#038;p=215171"},"modified":"2024-11-27T15:57:45","modified_gmt":"2024-11-27T14:57:45","slug":"montre-claude-meylan-42mm-mecanique-a-remontage-manuel","status":"publish","type":"product","link":"https:\/\/lediamant.ch\/de\/uhren\/215171-claude-meylan-42mm-mechanisch-mit-handaufzug-6045-g\/","title":{"rendered":"Claude Meylan 42mm mechanisch mit Handaufzug"},"content":{"rendered":"<p>Im Herzen des Schweizer Juras, genauer gesagt in L&#8217;Abbaye, einem typischen Dorf im Vall\u00e9e de Joux, wo die strengen Winter gro\u00dfe Ideen und Umsetzungen zur Zeitmessung hervorgebracht haben, bewahrt und verewigt das Familienhaus CLAUDE MEYLAN mit der Kollektion Lac stolz sein \u00fcberliefertes Wissen. Diese mechanische Uhr mit Handaufzug erleichtert das Ablesen der Zeit mit einem grauen H\u00f6henring, der mit r\u00f6mischen Ziffern verziert ist. Das 42 mm gro\u00dfe Stahlgeh\u00e4use mit Saphirglas und ein schwarzes Lederarmband sorgen f\u00fcr Zufriedenheit.<\/p>\n","protected":false},"excerpt":{"rendered":"<p>Im Herzen des Schweizer Juras, genauer gesagt in L&#8217;Abbaye, einem typischen Dorf im Vall\u00e9e de Joux, wo die strengen Winter gro\u00dfe Ideen und Umsetzungen zur Zeitmessung hervorgebracht haben, bewahrt und verewigt das Familienhaus CLAUDE MEYLAN mit der Kollektion Lac stolz sein \u00fcberliefertes Wissen. Diese mechanische Uhr mit Handaufzug erleichtert das Ablesen der Zeit mit einem &#8230; <a title=\"Claude Meylan 42mm mechanisch mit Handaufzug\" class=\"read-more\" href=\"https:\/\/lediamant.ch\/de\/uhren\/215171-claude-meylan-42mm-mechanisch-mit-handaufzug-6045-g\/\" aria-label=\"Mehr Informationen \u00fcber Claude Meylan 42mm mechanisch mit Handaufzug\">Weiterlesen &#8230;<\/a><\/p>\n","protected":false},"featured_media":215177,"template":"","meta":{"_acf_changed":false,"_seopress_robots_primary_cat":"27185","_seopress_titles_title":"%%post_title%%","_seopress_titles_desc":"Entdecken Sie die hervorragende Uhrmacherkunst des Hauses CLAUDE MEYLAN in L'Abbaye: Innovation und Tradition im Herzen des Schweizer Jura. Entdecken Sie die Lac-Uhr!","_seopress_robots_index":""},"brand":[27113],"product_brand":[],"product_cat":[27123,27185,27217],"product_tag":[],"class_list":{"0":"post-215171","1":"product","2":"type-product","3":"status-publish","4":"has-post-thumbnail","6":"brand-claudemeylan-de","7":"product_cat-uhren","8":"product_cat-claude-meylan-de","9":"product_cat-lac-de","10":"pa_couleurduboitier-grau-de","11":"pa_couleurdubracelet-schwarz-de","12":"pa_couleurducadran-grau","13":"pa_etancheite-30m-de","14":"pa_forme-runden","15":"pa_genre-frau","16":"pa_genre-mann","17":"pa_matiere-stahl","18":"pa_matierebraceletmontre-leder","19":"pa_mouvement-mechanik","20":"pa_option-boitier-transparenter-hintergrund","21":"pa_swissmade-ja-de","22":"pa_typedemontre-skelettuhren","23":"pa_typedemontre-uhrenmithandaufzug","24":"sales-flash-overlay","25":"woocommerce-text-align-center","26":"woocommerce-image-align-center","27":"do-quantity-buttons","29":"first","30":"instock","31":"taxable","32":"shipping-taxable","33":"purchasable","34":"product-type-simple"},"acf":[],"_links":{"self":[{"href":"https:\/\/lediamant.ch\/de\/wp-json\/wp\/v2\/product\/215171","targetHints":{"allow":["GET"]}}],"collection":[{"href":"https:\/\/lediamant.ch\/de\/wp-json\/wp\/v2\/product"}],"about":[{"href":"https:\/\/lediamant.ch\/de\/wp-json\/wp\/v2\/types\/product"}],"wp:featuredmedia":[{"embeddable":true,"href":"https:\/\/lediamant.ch\/de\/wp-json\/wp\/v2\/media\/215177"}],"wp:attachment":[{"href":"https:\/\/lediamant.ch\/de\/wp-json\/wp\/v2\/media?parent=215171"}],"wp:term":[{"taxonomy":"brand","embeddable":true,"href":"https:\/\/lediamant.ch\/de\/wp-json\/wp\/v2\/brand?post=215171"},{"taxonomy":"product_brand","embeddable":true,"href":"https:\/\/lediamant.ch\/de\/wp-json\/wp\/v2\/product_brand?post=215171"},{"taxonomy":"product_cat","embeddable":true,"href":"https:\/\/lediamant.ch\/de\/wp-json\/wp\/v2\/product_cat?post=215171"},{"taxonomy":"product_tag","embeddable":true,"href":"https:\/\/lediamant.ch\/de\/wp-json\/wp\/v2\/product_tag?post=215171"}],"curies":[{"name":"wp","href":"https:\/\/api.w.org\/{rel}","templated":true}]}}