{"id":215195,"date":"2024-11-27T17:08:10","date_gmt":"2024-11-27T16:08:10","guid":{"rendered":"https:\/\/lediamant.ch\/?post_type=product&#038;p=215195"},"modified":"2024-11-27T17:22:16","modified_gmt":"2024-11-27T16:22:16","slug":"claude-meylan-42mm-mecanique-a-remontage-manuel-4","status":"publish","type":"product","link":"https:\/\/lediamant.ch\/de\/uhren\/215195-claude-meylan-42mm-mechanisch-mit-handaufzug-6044-n\/","title":{"rendered":"Claude Meylan 42mm mechanisch mit Handaufzug"},"content":{"rendered":"<p>Im Herzen des Schweizer Juras, genauer gesagt in L&#8217;Abbaye, einem typischen Dorf im Vall\u00e9e de Joux, wo die strengen Winter gro\u00dfe Ideen und Umsetzungen zur Zeitmessung hervorgebracht haben, bewahrt und verewigt das Familienhaus CLAUDE MEYLAN mit der Kollektion Lac stolz sein \u00fcberliefertes Wissen. Mechanische Uhr mit Handaufzug und Skelett, Luxusausf\u00fchrung in schwarzem PVD. Das schwarze PVD-beschichtete Stahlgeh\u00e4use mit einem Durchmesser von 42 mm, Saphirglas und ein schwarzes Lederarmband sorgen f\u00fcr Zufriedenheit.<\/p>\n","protected":false},"excerpt":{"rendered":"<p>Im Herzen des Schweizer Juras, genauer gesagt in L&#8217;Abbaye, einem typischen Dorf im Vall\u00e9e de Joux, wo die strengen Winter gro\u00dfe Ideen und Umsetzungen zur Zeitmessung hervorgebracht haben, bewahrt und verewigt das Familienhaus CLAUDE MEYLAN mit der Kollektion Lac stolz sein \u00fcberliefertes Wissen. Mechanische Uhr mit Handaufzug und Skelett, Luxusausf\u00fchrung in schwarzem PVD. Das schwarze &#8230; <a title=\"Claude Meylan 42mm mechanisch mit Handaufzug\" class=\"read-more\" href=\"https:\/\/lediamant.ch\/de\/uhren\/215195-claude-meylan-42mm-mechanisch-mit-handaufzug-6044-n\/\" aria-label=\"Mehr Informationen \u00fcber Claude Meylan 42mm mechanisch mit Handaufzug\">Weiterlesen &#8230;<\/a><\/p>\n","protected":false},"featured_media":215197,"template":"","meta":{"_acf_changed":false,"_seopress_robots_primary_cat":"27185","_seopress_titles_title":"%%post_title%%","_seopress_titles_desc":"Im Herzen von L'Abbaye, im Schweizer Jura, pr\u00e4sentiert CLAUDE MEYLAN die Uhr Lac, ein Meisterwerk der Zeit mit schwarzer PVD-Beschichtung und Lederarmband.","_seopress_robots_index":""},"brand":[27113],"product_brand":[],"product_cat":[27185,27217,27123],"product_tag":[],"class_list":{"0":"post-215195","1":"product","2":"type-product","3":"status-publish","4":"has-post-thumbnail","6":"brand-claudemeylan-de","7":"product_cat-claude-meylan-de","8":"product_cat-lac-de","9":"product_cat-uhren","10":"pa_couleurduboitier-schwarz-de","11":"pa_couleurdubracelet-schwarz-de","12":"pa_etancheite-30m-de","13":"pa_forme-runden","14":"pa_genre-frau","15":"pa_genre-mann","16":"pa_matiere-schwarzespvd","17":"pa_matierebraceletmontre-leder","18":"pa_mouvement-mechanik","19":"pa_swissmade-ja-de","20":"pa_typedemontre-skelettuhren","21":"pa_typedemontre-uhrenmithandaufzug","22":"sales-flash-overlay","23":"woocommerce-text-align-center","24":"woocommerce-image-align-center","25":"do-quantity-buttons","27":"first","28":"instock","29":"taxable","30":"shipping-taxable","31":"purchasable","32":"product-type-simple"},"acf":[],"_links":{"self":[{"href":"https:\/\/lediamant.ch\/de\/wp-json\/wp\/v2\/product\/215195","targetHints":{"allow":["GET"]}}],"collection":[{"href":"https:\/\/lediamant.ch\/de\/wp-json\/wp\/v2\/product"}],"about":[{"href":"https:\/\/lediamant.ch\/de\/wp-json\/wp\/v2\/types\/product"}],"wp:featuredmedia":[{"embeddable":true,"href":"https:\/\/lediamant.ch\/de\/wp-json\/wp\/v2\/media\/215197"}],"wp:attachment":[{"href":"https:\/\/lediamant.ch\/de\/wp-json\/wp\/v2\/media?parent=215195"}],"wp:term":[{"taxonomy":"brand","embeddable":true,"href":"https:\/\/lediamant.ch\/de\/wp-json\/wp\/v2\/brand?post=215195"},{"taxonomy":"product_brand","embeddable":true,"href":"https:\/\/lediamant.ch\/de\/wp-json\/wp\/v2\/product_brand?post=215195"},{"taxonomy":"product_cat","embeddable":true,"href":"https:\/\/lediamant.ch\/de\/wp-json\/wp\/v2\/product_cat?post=215195"},{"taxonomy":"product_tag","embeddable":true,"href":"https:\/\/lediamant.ch\/de\/wp-json\/wp\/v2\/product_tag?post=215195"}],"curies":[{"name":"wp","href":"https:\/\/api.w.org\/{rel}","templated":true}]}}