{"id":215242,"date":"2024-11-29T15:14:24","date_gmt":"2024-11-29T14:14:24","guid":{"rendered":"https:\/\/lediamant.ch\/?post_type=product&#038;p=215242"},"modified":"2024-11-29T15:20:55","modified_gmt":"2024-11-29T14:20:55","slug":"claude-meylan-tortue-skelettiert-mechanisch-mit-handaufzug-copie","status":"publish","type":"product","link":"https:\/\/lediamant.ch\/de\/uhren\/215242-claude-meylan-tortue-skelettiert-mechanisch-mit-handaufzug-6047-p\/","title":{"rendered":"Claude Meylan Tortue skelettiert mechanisch mit Handaufzug"},"content":{"rendered":"<p>Die Skelettkunst wird zu neuen Horizonten gedr\u00e4ngt. CLAUDE MEYLAN gef\u00e4llt es, neue Formen und Harmonien auf Br\u00fccken, R\u00e4dern und Antriebsstr\u00e4ngen zu pr\u00e4sentieren, um eine neue Sicht auf die Zeit auszudr\u00fccken und gleichzeitig eine neue Kunst der geschnitzten St\u00fccke zu etablieren. Mechanische Skelettuhr mit Tonneau-Handaufzug. 41 x 43 mm tonneauf\u00f6rmiges Stahlgeh\u00e4use mit PVD-Beschichtung aus Rotgold, Saphirglas, Sichtboden, rosafarbenes und rhodiniertes Uhrwerk, 38 Stunden Gangreserve. Braunes Lederarmband.<\/p>\n","protected":false},"excerpt":{"rendered":"<p>Die Skelettkunst wird zu neuen Horizonten gedr\u00e4ngt. CLAUDE MEYLAN gef\u00e4llt es, neue Formen und Harmonien auf Br\u00fccken, R\u00e4dern und Antriebsstr\u00e4ngen zu pr\u00e4sentieren, um eine neue Sicht auf die Zeit auszudr\u00fccken und gleichzeitig eine neue Kunst der geschnitzten St\u00fccke zu etablieren. Mechanische Skelettuhr mit Tonneau-Handaufzug. 41 x 43 mm tonneauf\u00f6rmiges Stahlgeh\u00e4use mit PVD-Beschichtung aus Rotgold, Saphirglas, &#8230; <a title=\"Claude Meylan Tortue skelettiert mechanisch mit Handaufzug\" class=\"read-more\" href=\"https:\/\/lediamant.ch\/de\/uhren\/215242-claude-meylan-tortue-skelettiert-mechanisch-mit-handaufzug-6047-p\/\" aria-label=\"Mehr Informationen \u00fcber Claude Meylan Tortue skelettiert mechanisch mit Handaufzug\">Weiterlesen &#8230;<\/a><\/p>\n","protected":false},"featured_media":215244,"template":"","meta":{"_acf_changed":false,"_seopress_robots_primary_cat":"27185","_seopress_titles_title":"%%post_title%%","_seopress_titles_desc":"Entdecken Sie die innovative Kunst der Skelettuhren von CLAUDE MEYLAN. Neue skulpturale Harmonien mit sichtbarem Uhrwerk f\u00fcr eine einzigartige Eleganz.","_seopress_robots_index":""},"brand":[27113],"product_brand":[],"product_cat":[27123,27185,27219],"product_tag":[],"class_list":{"0":"post-215242","1":"product","2":"type-product","3":"status-publish","4":"has-post-thumbnail","6":"brand-claudemeylan-de","7":"product_cat-uhren","8":"product_cat-claude-meylan-de","9":"product_cat-tortue-de","10":"pa_couleurduboitier-pinkrosa-de","11":"pa_couleurdubracelet-braun-de","12":"pa_etancheite-30m-de","13":"pa_forme-fass-de","14":"pa_genre-mann","15":"pa_matiere-rosegoldpvd","16":"pa_matierebraceletmontre-leder","17":"pa_mouvement-mechanik","18":"pa_option-boitier-transparenter-hintergrund","19":"pa_swissmade-ja-de","20":"pa_typedemontre-skelettuhren","21":"sales-flash-overlay","22":"woocommerce-text-align-center","23":"woocommerce-image-align-center","24":"do-quantity-buttons","26":"first","27":"instock","28":"taxable","29":"shipping-taxable","30":"purchasable","31":"product-type-simple"},"acf":[],"_links":{"self":[{"href":"https:\/\/lediamant.ch\/de\/wp-json\/wp\/v2\/product\/215242","targetHints":{"allow":["GET"]}}],"collection":[{"href":"https:\/\/lediamant.ch\/de\/wp-json\/wp\/v2\/product"}],"about":[{"href":"https:\/\/lediamant.ch\/de\/wp-json\/wp\/v2\/types\/product"}],"wp:featuredmedia":[{"embeddable":true,"href":"https:\/\/lediamant.ch\/de\/wp-json\/wp\/v2\/media\/215244"}],"wp:attachment":[{"href":"https:\/\/lediamant.ch\/de\/wp-json\/wp\/v2\/media?parent=215242"}],"wp:term":[{"taxonomy":"brand","embeddable":true,"href":"https:\/\/lediamant.ch\/de\/wp-json\/wp\/v2\/brand?post=215242"},{"taxonomy":"product_brand","embeddable":true,"href":"https:\/\/lediamant.ch\/de\/wp-json\/wp\/v2\/product_brand?post=215242"},{"taxonomy":"product_cat","embeddable":true,"href":"https:\/\/lediamant.ch\/de\/wp-json\/wp\/v2\/product_cat?post=215242"},{"taxonomy":"product_tag","embeddable":true,"href":"https:\/\/lediamant.ch\/de\/wp-json\/wp\/v2\/product_tag?post=215242"}],"curies":[{"name":"wp","href":"https:\/\/api.w.org\/{rel}","templated":true}]}}