{"id":215250,"date":"2024-11-29T15:34:03","date_gmt":"2024-11-29T14:34:03","guid":{"rendered":"https:\/\/lediamant.ch\/?post_type=product&#038;p=215250"},"modified":"2024-11-29T15:44:58","modified_gmt":"2024-11-29T14:44:58","slug":"claude-meylan-tortue-squelette-mecanique","status":"publish","type":"product","link":"https:\/\/lediamant.ch\/de\/uhren\/215250-claude-meylan-tortue-mechanisches-skelett-stahl-6047-swirl\/","title":{"rendered":"Claude Meylan, Schildkr\u00f6te, mechanisches Skelett"},"content":{"rendered":"<p>Entdecken Sie die zeitlose Sch\u00f6nheit der Claude Meylan Tortue Uhr  <span style=\"font-size: inherit;\">Mechanisches Skelett mit Handaufzug. Diese Schweizer Luxusuhr, die f\u00fcr ihre Pr\u00e4zision und Eleganz bekannt ist, ist ein wahres Meisterwerk der Handwerkskunst. Das Skelett-Design enth\u00fcllt das komplexe mechanische Uhrwerk und bietet ein &#8222;Voluten&#8220;-Dekor aus Ruthenium. Das tonneauf\u00f6rmige Geh\u00e4use aus poliertem Edelstahl verleiht der Uhr einen Hauch von Raffinesse, w\u00e4hrend das graue Lederarmband f\u00fcr optimalen Tragekomfort sorgt. Diese Uhr ist mehr als nur ein Zeitmesser, sie ist ein Stil-Statement.   <\/span><\/p>\n","protected":false},"excerpt":{"rendered":"<p>Entdecken Sie die zeitlose Sch\u00f6nheit der Claude Meylan Tortue Uhr Mechanisches Skelett mit Handaufzug. Diese Schweizer Luxusuhr, die f\u00fcr ihre Pr\u00e4zision und Eleganz bekannt ist, ist ein wahres Meisterwerk der Handwerkskunst. Das Skelett-Design enth\u00fcllt das komplexe mechanische Uhrwerk und bietet ein &#8222;Voluten&#8220;-Dekor aus Ruthenium. Das tonneauf\u00f6rmige Geh\u00e4use aus poliertem Edelstahl verleiht der Uhr einen Hauch &#8230; <a title=\"Claude Meylan, Schildkr\u00f6te, mechanisches Skelett\" class=\"read-more\" href=\"https:\/\/lediamant.ch\/de\/uhren\/215250-claude-meylan-tortue-mechanisches-skelett-stahl-6047-swirl\/\" aria-label=\"Mehr Informationen \u00fcber Claude Meylan, Schildkr\u00f6te, mechanisches Skelett\">Weiterlesen &#8230;<\/a><\/p>\n","protected":false},"featured_media":215252,"template":"","meta":{"_acf_changed":false,"_seopress_robots_primary_cat":"27184","_seopress_titles_title":"%%post_title%%","_seopress_titles_desc":"Entdecken Sie die Eleganz der Claude Meylan Tortue Uhr, ein Meisterwerk der Schweizer Uhrmacherkunst mit skelettiertem Design und Lederarmband.","_seopress_robots_index":"","_seopress_analysis_target_kw":""},"brand":[27113],"product_brand":[],"product_cat":[27123,27185,27219],"product_tag":[],"class_list":{"0":"post-215250","1":"product","2":"type-product","3":"status-publish","4":"has-post-thumbnail","6":"brand-claudemeylan-de","7":"product_cat-uhren","8":"product_cat-claude-meylan-de","9":"product_cat-tortue-de","10":"pa_couleurduboitier-grau-de","11":"pa_couleurdubracelet-grau-de","12":"pa_etancheite-30m-de","13":"pa_forme-fass-de","14":"pa_genre-mann","15":"pa_matiere-stahl","16":"pa_matierebraceletmontre-leder","17":"pa_mouvement-mechanik","18":"pa_option-boitier-transparenter-hintergrund","19":"pa_swissmade-ja-de","20":"pa_typedemontre-skelettuhren","21":"pa_typedemontre-uhrenmithandaufzug","22":"sales-flash-overlay","23":"woocommerce-text-align-center","24":"woocommerce-image-align-center","25":"do-quantity-buttons","27":"first","28":"instock","29":"taxable","30":"shipping-taxable","31":"purchasable","32":"product-type-simple"},"acf":[],"_links":{"self":[{"href":"https:\/\/lediamant.ch\/de\/wp-json\/wp\/v2\/product\/215250","targetHints":{"allow":["GET"]}}],"collection":[{"href":"https:\/\/lediamant.ch\/de\/wp-json\/wp\/v2\/product"}],"about":[{"href":"https:\/\/lediamant.ch\/de\/wp-json\/wp\/v2\/types\/product"}],"wp:featuredmedia":[{"embeddable":true,"href":"https:\/\/lediamant.ch\/de\/wp-json\/wp\/v2\/media\/215252"}],"wp:attachment":[{"href":"https:\/\/lediamant.ch\/de\/wp-json\/wp\/v2\/media?parent=215250"}],"wp:term":[{"taxonomy":"brand","embeddable":true,"href":"https:\/\/lediamant.ch\/de\/wp-json\/wp\/v2\/brand?post=215250"},{"taxonomy":"product_brand","embeddable":true,"href":"https:\/\/lediamant.ch\/de\/wp-json\/wp\/v2\/product_brand?post=215250"},{"taxonomy":"product_cat","embeddable":true,"href":"https:\/\/lediamant.ch\/de\/wp-json\/wp\/v2\/product_cat?post=215250"},{"taxonomy":"product_tag","embeddable":true,"href":"https:\/\/lediamant.ch\/de\/wp-json\/wp\/v2\/product_tag?post=215250"}],"curies":[{"name":"wp","href":"https:\/\/api.w.org\/{rel}","templated":true}]}}