{"id":215262,"date":"2024-11-29T16:49:05","date_gmt":"2024-11-29T15:49:05","guid":{"rendered":"https:\/\/lediamant.ch\/?post_type=product&#038;p=215262"},"modified":"2024-11-29T17:01:24","modified_gmt":"2024-11-29T16:01:24","slug":"claude-meylan-tortue-squelette-automatique","status":"publish","type":"product","link":"https:\/\/lediamant.ch\/de\/uhren\/215262-claude-meylan-tortue-automatisches-skelett-6091\/","title":{"rendered":"Claude Meylan, Tortue, automatisches Skelett"},"content":{"rendered":"<p>Entdecken Sie die zeitlose Sch\u00f6nheit der Claude Meylan Tortue Uhr <span style=\"font-size: inherit;\">Automatisches Skelett Eta 2892-2 . Diese luxuri\u00f6se Schweizer Uhr, die f\u00fcr ihre Pr\u00e4zision und Eleganz bekannt ist, ist ein wahres Meisterwerk der Handwerkskunst. Das tonneauf\u00f6rmige Geh\u00e4use aus poliertem Edelstahl verleiht der Uhr einen Hauch von Raffinesse, w\u00e4hrend das graue Lederarmband f\u00fcr einen optimalen Tragekomfort sorgt. Diese Uhr ist mehr als nur ein Zeitmesser, sie ist ein Stil-Statement. <\/span><\/p>\n","protected":false},"excerpt":{"rendered":"<p>Entdecken Sie die zeitlose Sch\u00f6nheit der Claude Meylan Tortue Uhr Automatisches Skelett Eta 2892-2 . Diese luxuri\u00f6se Schweizer Uhr, die f\u00fcr ihre Pr\u00e4zision und Eleganz bekannt ist, ist ein wahres Meisterwerk der Handwerkskunst. Das tonneauf\u00f6rmige Geh\u00e4use aus poliertem Edelstahl verleiht der Uhr einen Hauch von Raffinesse, w\u00e4hrend das graue Lederarmband f\u00fcr einen optimalen Tragekomfort sorgt. &#8230; <a title=\"Claude Meylan, Tortue, automatisches Skelett\" class=\"read-more\" href=\"https:\/\/lediamant.ch\/de\/uhren\/215262-claude-meylan-tortue-automatisches-skelett-6091\/\" aria-label=\"Mehr Informationen \u00fcber Claude Meylan, Tortue, automatisches Skelett\">Weiterlesen &#8230;<\/a><\/p>\n","protected":false},"featured_media":215264,"template":"","meta":{"_acf_changed":false,"_seopress_robots_primary_cat":"27185","_seopress_titles_title":"%%post_title%%","_seopress_titles_desc":"Entdecken Sie die Eleganz der Claude Meylan Tortue Uhr, ein Meisterwerk der Schweizer Uhrmacherkunst mit skelettiertem Design und Lederarmband.","_seopress_robots_index":""},"brand":[27113],"product_brand":[],"product_cat":[27185,27219,27123],"product_tag":[],"class_list":{"0":"post-215262","1":"product","2":"type-product","3":"status-publish","4":"has-post-thumbnail","6":"brand-claudemeylan-de","7":"product_cat-claude-meylan-de","8":"product_cat-tortue-de","9":"product_cat-uhren","10":"pa_couleurduboitier-grau-de","11":"pa_couleurdubracelet-grau-de","12":"pa_etancheite-30m-de","13":"pa_forme-fass-de","14":"pa_genre-mann","15":"pa_matiere-stahl","16":"pa_matierebraceletmontre-leder","17":"pa_mouvement-automatik-de","18":"pa_option-boitier-transparenter-hintergrund","19":"pa_swissmade-ja-de","20":"pa_typedemontre-skelettuhren","21":"sales-flash-overlay","22":"woocommerce-text-align-center","23":"woocommerce-image-align-center","24":"do-quantity-buttons","26":"first","27":"instock","28":"taxable","29":"shipping-taxable","30":"purchasable","31":"product-type-simple"},"acf":[],"_links":{"self":[{"href":"https:\/\/lediamant.ch\/de\/wp-json\/wp\/v2\/product\/215262","targetHints":{"allow":["GET"]}}],"collection":[{"href":"https:\/\/lediamant.ch\/de\/wp-json\/wp\/v2\/product"}],"about":[{"href":"https:\/\/lediamant.ch\/de\/wp-json\/wp\/v2\/types\/product"}],"wp:featuredmedia":[{"embeddable":true,"href":"https:\/\/lediamant.ch\/de\/wp-json\/wp\/v2\/media\/215264"}],"wp:attachment":[{"href":"https:\/\/lediamant.ch\/de\/wp-json\/wp\/v2\/media?parent=215262"}],"wp:term":[{"taxonomy":"brand","embeddable":true,"href":"https:\/\/lediamant.ch\/de\/wp-json\/wp\/v2\/brand?post=215262"},{"taxonomy":"product_brand","embeddable":true,"href":"https:\/\/lediamant.ch\/de\/wp-json\/wp\/v2\/product_brand?post=215262"},{"taxonomy":"product_cat","embeddable":true,"href":"https:\/\/lediamant.ch\/de\/wp-json\/wp\/v2\/product_cat?post=215262"},{"taxonomy":"product_tag","embeddable":true,"href":"https:\/\/lediamant.ch\/de\/wp-json\/wp\/v2\/product_tag?post=215262"}],"curies":[{"name":"wp","href":"https:\/\/api.w.org\/{rel}","templated":true}]}}