{"id":215274,"date":"2024-11-29T17:44:31","date_gmt":"2024-11-29T16:44:31","guid":{"rendered":"https:\/\/lediamant.ch\/?post_type=product&#038;p=215274"},"modified":"2024-11-29T17:53:50","modified_gmt":"2024-11-29T16:53:50","slug":"claude-meylan-automatique-squelette-clous-de-paris","status":"publish","type":"product","link":"https:\/\/lediamant.ch\/de\/uhren\/215274-claude-meylan-automatisches-skelett-clous-de-paris-6080-cp\/","title":{"rendered":"Claude Meylan, Automatisches Skelett Clous de Paris"},"content":{"rendered":"<p>Eine elegante Claude Meylan Uhr in Tonneau-Form f\u00fcr Frauen, die von echter Mechanik und skelettierten Uhrwerken fasziniert sind.<\/p>\n<p>Das 31 mm gro\u00dfe, tonnenf\u00f6rmige Geh\u00e4use ist aus Edelstahl gefertigt und weist elegante, zarte Kurven auf. In ihrem Herzen schl\u00e4gt das skelettierte Kaliber 7.75CM17, das seine Mechanik voll zur Schau stellt. Das Automatikwerk ist ein weitgehend modifiziertes ETA 2671. Insbesondere sind die Stunden-, Minuten- und Sekundenanzeige dezentriert und die zentrale Schwungmasse wurde durch einen Mikrorotor ersetzt, der mit Pariser N\u00e4geln verziert ist. Sie schl\u00e4gt mit 28.800 Halbschwingungen pro Stunde und verf\u00fcgt \u00fcber eine Gangreserve von 38 Stunden. Die Claude Meylan Tortue Lady wird auf einem wei\u00dfen Satinarmband mit einer Dornschlie\u00dfe aus Stahl pr\u00e4sentiert.<\/p>\n","protected":false},"excerpt":{"rendered":"<p>Eine elegante Claude Meylan Uhr in Tonneau-Form f\u00fcr Frauen, die von echter Mechanik und skelettierten Uhrwerken fasziniert sind. Das 31 mm gro\u00dfe, tonnenf\u00f6rmige Geh\u00e4use ist aus Edelstahl gefertigt und weist elegante, zarte Kurven auf. In ihrem Herzen schl\u00e4gt das skelettierte Kaliber 7.75CM17, das seine Mechanik voll zur Schau stellt. Das Automatikwerk ist ein weitgehend modifiziertes &#8230; <a title=\"Claude Meylan, Automatisches Skelett Clous de Paris\" class=\"read-more\" href=\"https:\/\/lediamant.ch\/de\/uhren\/215274-claude-meylan-automatisches-skelett-clous-de-paris-6080-cp\/\" aria-label=\"Mehr Informationen \u00fcber Claude Meylan, Automatisches Skelett Clous de Paris\">Weiterlesen &#8230;<\/a><\/p>\n","protected":false},"featured_media":215276,"template":"","meta":{"_acf_changed":false,"_seopress_robots_primary_cat":"27185","_seopress_titles_title":"%%post_title%%","_seopress_titles_desc":"Entdecken Sie die Claude Meylan Tortue Lady, ein Meisterwerk in Tonneau-Form f\u00fcr Liebhaberinnen feiner Uhrmacherkunst und skelettierter Uhrwerke.","_seopress_robots_index":""},"brand":[27113],"product_brand":[],"product_cat":[27185,27219,27123],"product_tag":[],"class_list":{"0":"post-215274","1":"product","2":"type-product","3":"status-publish","4":"has-post-thumbnail","6":"brand-claudemeylan-de","7":"product_cat-claude-meylan-de","8":"product_cat-tortue-de","9":"product_cat-uhren","10":"pa_couleurduboitier-grau-de","11":"pa_couleurdubracelet-weiss-de","12":"pa_couleurducadran-grau","13":"pa_etancheite-30m-de","14":"pa_forme-fass-de","15":"pa_genre-frau","16":"pa_matiere-stahl","17":"pa_matierebraceletmontre-satin-de","18":"pa_mouvement-automatik-de","19":"pa_swissmade-ja-de","20":"pa_typedemontre-skelettuhren","21":"sales-flash-overlay","22":"woocommerce-text-align-center","23":"woocommerce-image-align-center","24":"do-quantity-buttons","26":"first","27":"instock","28":"taxable","29":"shipping-taxable","30":"purchasable","31":"product-type-simple"},"acf":[],"_links":{"self":[{"href":"https:\/\/lediamant.ch\/de\/wp-json\/wp\/v2\/product\/215274","targetHints":{"allow":["GET"]}}],"collection":[{"href":"https:\/\/lediamant.ch\/de\/wp-json\/wp\/v2\/product"}],"about":[{"href":"https:\/\/lediamant.ch\/de\/wp-json\/wp\/v2\/types\/product"}],"wp:featuredmedia":[{"embeddable":true,"href":"https:\/\/lediamant.ch\/de\/wp-json\/wp\/v2\/media\/215276"}],"wp:attachment":[{"href":"https:\/\/lediamant.ch\/de\/wp-json\/wp\/v2\/media?parent=215274"}],"wp:term":[{"taxonomy":"brand","embeddable":true,"href":"https:\/\/lediamant.ch\/de\/wp-json\/wp\/v2\/brand?post=215274"},{"taxonomy":"product_brand","embeddable":true,"href":"https:\/\/lediamant.ch\/de\/wp-json\/wp\/v2\/product_brand?post=215274"},{"taxonomy":"product_cat","embeddable":true,"href":"https:\/\/lediamant.ch\/de\/wp-json\/wp\/v2\/product_cat?post=215274"},{"taxonomy":"product_tag","embeddable":true,"href":"https:\/\/lediamant.ch\/de\/wp-json\/wp\/v2\/product_tag?post=215274"}],"curies":[{"name":"wp","href":"https:\/\/api.w.org\/{rel}","templated":true}]}}