{"id":215570,"date":"2024-12-31T10:26:04","date_gmt":"2024-12-31T09:26:04","guid":{"rendered":"https:\/\/lediamant.ch\/?post_type=product&#038;p=215570"},"modified":"2026-04-08T11:01:19","modified_gmt":"2026-04-08T09:01:19","slug":"tissot-le-locle-automatic-lady-29mm","status":"publish","type":"product","link":"https:\/\/lediamant.ch\/de\/uhren\/215570-tissot-le-locle-automatic-lady-29mm-t0062071109600\/","title":{"rendered":"Tissot Le Locle Automatic Lady 29mm"},"content":{"rendered":"<p>Die Kollektion Le Locle wurde erstmals im Jahr 2003 anl\u00e4sslich des 150-j\u00e4hrigen Jubil\u00e4ums der Marke Tissot vorgestellt. Diese Uhr ist ein echtes historisches St\u00fcck und verk\u00f6rpert den Innovationsgeist, der Tissot seit \u00fcber einem Jahrhundert ausmacht.<br \/>\nDieses Modell hat ein gr\u00fcnes Zifferblatt und ist mit austauschbaren Armb\u00e4ndern mit Schnellverschluss ausgestattet. Alle Tissot Le Locle Uhren sind mit einem wundersch\u00f6nen Clous de Paris guillochierten Zifferblatt in Form von kleinen Pyramiden ausgestattet, ein Detail, das den Unterschied ausmacht. Das Zusammenspiel der polierten und geb\u00fcrsteten Oberfl\u00e4chen der Glieder schafft einen fesselnden visuellen Rhythmus, der das Licht bei jeder Bewegung einf\u00e4ngt. Die Kollektion Tissot Le Locle verk\u00f6rpert den Charme des Schweizer Erbes.<br \/>\nDas neueste Modell ist mit einer Unruhspirale aus patentiertem Nivachron\u2122 ausgestattet, die die Auswirkungen von Magnetfeldern erheblich abschw\u00e4cht und gleichzeitig sto\u00dffest, alterungsbest\u00e4ndig und temperaturbest\u00e4ndig ist. Es verf\u00fcgt au\u00dferdem \u00fcber eine Datumsfunktion und einen transparenten Geh\u00e4useboden, durch den die interne Mechanik bewundert werden kann.     <\/p>\n","protected":false},"excerpt":{"rendered":"<p>Die Kollektion Le Locle wurde erstmals im Jahr 2003 anl\u00e4sslich des 150-j\u00e4hrigen Jubil\u00e4ums der Marke Tissot vorgestellt. Diese Uhr ist ein echtes historisches St\u00fcck und verk\u00f6rpert den Innovationsgeist, der Tissot seit \u00fcber einem Jahrhundert ausmacht. Dieses Modell hat ein gr\u00fcnes Zifferblatt und ist mit austauschbaren Armb\u00e4ndern mit Schnellverschluss ausgestattet. Alle Tissot Le Locle Uhren sind &#8230; <a title=\"Tissot Le Locle Automatic Lady 29mm\" class=\"read-more\" href=\"https:\/\/lediamant.ch\/de\/uhren\/215570-tissot-le-locle-automatic-lady-29mm-t0062071109600\/\" aria-label=\"Mehr Informationen \u00fcber Tissot Le Locle Automatic Lady 29mm\">Weiterlesen &#8230;<\/a><\/p>\n","protected":false},"featured_media":215563,"template":"","meta":{"_acf_changed":false,"_seopress_robots_primary_cat":"27158","_seopress_titles_title":"","_seopress_titles_desc":"Entdecken Sie die Eleganz der Tissot Le Locle Uhr, die seit 2003 ein Klassiker ist. Gr\u00fcnes Zifferblatt, austauschbare Armb\u00e4nder und Nivachron\u2122-Spiralfeder f\u00fcr optimale Pr\u00e4zision. ","_seopress_robots_index":""},"brand":[27087],"product_brand":[],"product_cat":[27159,27245,27473,27123],"product_tag":[],"class_list":{"0":"post-215570","1":"product","2":"type-product","3":"status-publish","4":"has-post-thumbnail","6":"brand-tissot-de","7":"product_cat-tissot-de","8":"product_cat-tissot-classic","9":"product_cat-tissot-le-locle","10":"product_cat-uhren","11":"pa_couleurduboitier-grau-de","12":"pa_couleurdubracelet-grau-de","13":"pa_couleurducadran-grun","14":"pa_detail-de-s-pierres-s-12-diamanten-005-ct","15":"pa_dimensions-o-29-mm","16":"pa_etancheite-30m-de","17":"pa_forme-runden","18":"pa_genre-frau","19":"pa_matiere-stahl","20":"pa_matierebraceletmontre-edelstahl","21":"pa_mouvement-automatik-de","22":"pa_swissmade-ja-de","23":"pa_typedemontre-uhrenmitdiamanten","24":"pa_verre-saphir-de","25":"sales-flash-overlay","26":"woocommerce-text-align-center","27":"woocommerce-image-align-center","28":"do-quantity-buttons","30":"first","31":"outofstock","32":"taxable","33":"shipping-taxable","34":"purchasable","35":"product-type-simple"},"acf":[],"_links":{"self":[{"href":"https:\/\/lediamant.ch\/de\/wp-json\/wp\/v2\/product\/215570","targetHints":{"allow":["GET"]}}],"collection":[{"href":"https:\/\/lediamant.ch\/de\/wp-json\/wp\/v2\/product"}],"about":[{"href":"https:\/\/lediamant.ch\/de\/wp-json\/wp\/v2\/types\/product"}],"wp:featuredmedia":[{"embeddable":true,"href":"https:\/\/lediamant.ch\/de\/wp-json\/wp\/v2\/media\/215563"}],"wp:attachment":[{"href":"https:\/\/lediamant.ch\/de\/wp-json\/wp\/v2\/media?parent=215570"}],"wp:term":[{"taxonomy":"brand","embeddable":true,"href":"https:\/\/lediamant.ch\/de\/wp-json\/wp\/v2\/brand?post=215570"},{"taxonomy":"product_brand","embeddable":true,"href":"https:\/\/lediamant.ch\/de\/wp-json\/wp\/v2\/product_brand?post=215570"},{"taxonomy":"product_cat","embeddable":true,"href":"https:\/\/lediamant.ch\/de\/wp-json\/wp\/v2\/product_cat?post=215570"},{"taxonomy":"product_tag","embeddable":true,"href":"https:\/\/lediamant.ch\/de\/wp-json\/wp\/v2\/product_tag?post=215570"}],"curies":[{"name":"wp","href":"https:\/\/api.w.org\/{rel}","templated":true}]}}