{"id":215584,"date":"2024-12-31T12:53:48","date_gmt":"2024-12-31T11:53:48","guid":{"rendered":"https:\/\/lediamant.ch\/?post_type=product&#038;p=215584"},"modified":"2026-04-08T11:00:33","modified_gmt":"2026-04-08T09:00:33","slug":"tissot-le-locle-powermatic-80-39mm","status":"publish","type":"product","link":"https:\/\/lediamant.ch\/de\/uhren\/215584-tissot-le-locle-powermatic-80-t0064071109300\/","title":{"rendered":"Tissot Le Locle Powermatic 80 39mm"},"content":{"rendered":"<p>Die Kollektion Le Locle wurde erstmals 2003 anl\u00e4sslich des 150-j\u00e4hrigen Jubil\u00e4ums der Marke Tissot vorgestellt. Diese Uhr ist ein echtes historisches St\u00fcck und verk\u00f6rpert den Innovationsgeist, der Tissot seit mehr als einem Jahrhundert ausmacht.<br \/>\nDieses Herrenmodell hat ein gr\u00fcnes Zifferblatt und ist mit austauschbaren Armb\u00e4ndern mit Schnellverschluss ausgestattet. Alle Tissot Le Locle Uhren sind mit einem wundersch\u00f6nen guillochierten Clous de Paris Zifferblatt in Form von kleinen Pyramiden ausgestattet, ein Detail, das den Unterschied ausmacht. Das Zusammenspiel der polierten und geb\u00fcrsteten Oberfl\u00e4chen der Glieder schafft einen fesselnden visuellen Rhythmus, der das Licht bei jeder Bewegung einf\u00e4ngt. Die Kollektion Tissot Le Locle verk\u00f6rpert den Charme des Schweizer Erbes.<br \/>\nDas neueste Modell ist mit einer Unruhspirale aus patentiertem Nivachron\u2122 ausgestattet, die die Auswirkungen von Magnetfeldern erheblich abschw\u00e4cht und gleichzeitig sto\u00dffest, alterungsbest\u00e4ndig und temperaturbest\u00e4ndig ist. Es verf\u00fcgt au\u00dferdem \u00fcber eine Datumsfunktion und einen transparenten Geh\u00e4useboden, durch den die interne Mechanik bewundert werden kann.     <\/p>\n","protected":false},"excerpt":{"rendered":"<p>Die Kollektion Le Locle wurde erstmals 2003 anl\u00e4sslich des 150-j\u00e4hrigen Jubil\u00e4ums der Marke Tissot vorgestellt. Diese Uhr ist ein echtes historisches St\u00fcck und verk\u00f6rpert den Innovationsgeist, der Tissot seit mehr als einem Jahrhundert ausmacht. Dieses Herrenmodell hat ein gr\u00fcnes Zifferblatt und ist mit austauschbaren Armb\u00e4ndern mit Schnellverschluss ausgestattet. Alle Tissot Le Locle Uhren sind mit &#8230; <a title=\"Tissot Le Locle Powermatic 80 39mm\" class=\"read-more\" href=\"https:\/\/lediamant.ch\/de\/uhren\/215584-tissot-le-locle-powermatic-80-t0064071109300\/\" aria-label=\"Mehr Informationen \u00fcber Tissot Le Locle Powermatic 80 39mm\">Weiterlesen &#8230;<\/a><\/p>\n","protected":false},"featured_media":215577,"template":"","meta":{"_acf_changed":false,"_seopress_robots_primary_cat":"27158","_seopress_titles_title":"","_seopress_titles_desc":"Entdecken Sie den Charme des Schweizer Erbes mit der Tissot Le Locle Uhr, die seit 2003 ein Symbol f\u00fcr Innovation ist. Exklusives Design, guillochiertes Zifferblatt. ","_seopress_robots_index":""},"brand":[27087],"product_brand":[],"product_cat":[27123,27159,27245,27473],"product_tag":[],"class_list":{"0":"post-215584","1":"product","2":"type-product","3":"status-publish","4":"has-post-thumbnail","6":"brand-tissot-de","7":"product_cat-uhren","8":"product_cat-tissot-de","9":"product_cat-tissot-classic","10":"product_cat-tissot-le-locle","11":"pa_couleurduboitier-grau-de","12":"pa_couleurdubracelet-grau-de","13":"pa_couleurducadran-grun","14":"pa_dimensions-39-3-mm","15":"pa_etancheite-30m-de","16":"pa_forme-runden","17":"pa_garantie-24monate","18":"pa_genre-mann","19":"pa_matiere-stahl","20":"pa_matierebraceletmontre-edelstahl","21":"pa_mouvement-automatik-de","22":"pa_swissmade-ja-de","23":"pa_verre-saphir-de","24":"sales-flash-overlay","25":"woocommerce-text-align-center","26":"woocommerce-image-align-center","27":"do-quantity-buttons","29":"first","30":"instock","31":"taxable","32":"shipping-taxable","33":"purchasable","34":"product-type-simple"},"acf":[],"_links":{"self":[{"href":"https:\/\/lediamant.ch\/de\/wp-json\/wp\/v2\/product\/215584","targetHints":{"allow":["GET"]}}],"collection":[{"href":"https:\/\/lediamant.ch\/de\/wp-json\/wp\/v2\/product"}],"about":[{"href":"https:\/\/lediamant.ch\/de\/wp-json\/wp\/v2\/types\/product"}],"wp:featuredmedia":[{"embeddable":true,"href":"https:\/\/lediamant.ch\/de\/wp-json\/wp\/v2\/media\/215577"}],"wp:attachment":[{"href":"https:\/\/lediamant.ch\/de\/wp-json\/wp\/v2\/media?parent=215584"}],"wp:term":[{"taxonomy":"brand","embeddable":true,"href":"https:\/\/lediamant.ch\/de\/wp-json\/wp\/v2\/brand?post=215584"},{"taxonomy":"product_brand","embeddable":true,"href":"https:\/\/lediamant.ch\/de\/wp-json\/wp\/v2\/product_brand?post=215584"},{"taxonomy":"product_cat","embeddable":true,"href":"https:\/\/lediamant.ch\/de\/wp-json\/wp\/v2\/product_cat?post=215584"},{"taxonomy":"product_tag","embeddable":true,"href":"https:\/\/lediamant.ch\/de\/wp-json\/wp\/v2\/product_tag?post=215584"}],"curies":[{"name":"wp","href":"https:\/\/api.w.org\/{rel}","templated":true}]}}