{"id":215687,"date":"2025-01-22T12:02:36","date_gmt":"2025-01-22T11:02:36","guid":{"rendered":"https:\/\/lediamant.ch\/?post_type=product&#038;p=215687"},"modified":"2025-01-22T13:07:48","modified_gmt":"2025-01-22T12:07:48","slug":"tissot-pr516-quartz-chronograph-2","status":"publish","type":"product","link":"https:\/\/lediamant.ch\/de\/uhren\/215687-tissot-pr516-quartz-chronograph-t1494172205101\/","title":{"rendered":"Tissot PR516 Quartz Chronograph"},"content":{"rendered":"<p>Die PR516, die in den 1960er Jahren eingef\u00fchrt wurde, ist von der hektischen Welt der Autorennen inspiriert, in der Pr\u00e4zision und Ausdauer von entscheidender Bedeutung sind. Mit der Erweiterung der PR516-Reihe n\u00e4hrt Tissot weiterhin den Geist derjenigen, die nach einer Uhr suchen, die so unerbittlich ist wie ihre Ziele und die sie dazu bringt, sich den Herausforderungen zu stellen, genau wie die Helden, die sie tragen. Der PR516 Quarz-Chronograph nimmt mit seinem k\u00fchnen schwarzen Zifferblatt und den auff\u00e4lligen ros\u00e9goldfarbenen PVD-Beschichtungen einen besonderen Platz ein. Mit seinem zweifarbigen Armband aus Edelstahl und PVD-Rotgold h\u00e4lt dieser Zeitmesser mit dem Rhythmus des Lebens Schritt und stellt sicher, dass Sie Ihren Siegeszug fortsetzen k\u00f6nnen. Das Quarz-Chronographenwerk erm\u00f6glicht eine einfache Zeitmessung, ohne dass die Uhr st\u00e4ndig aufgezogen werden muss, und bietet so die notwendige Best\u00e4ndigkeit und Pr\u00e4zision in jedem Moment.<\/p>\n","protected":false},"excerpt":{"rendered":"<p>Die PR516, die in den 1960er Jahren eingef\u00fchrt wurde, ist von der hektischen Welt der Autorennen inspiriert, in der Pr\u00e4zision und Ausdauer von entscheidender Bedeutung sind. Mit der Erweiterung der PR516-Reihe n\u00e4hrt Tissot weiterhin den Geist derjenigen, die nach einer Uhr suchen, die so unerbittlich ist wie ihre Ziele und die sie dazu bringt, sich &#8230; <a title=\"Tissot PR516 Quartz Chronograph\" class=\"read-more\" href=\"https:\/\/lediamant.ch\/de\/uhren\/215687-tissot-pr516-quartz-chronograph-t1494172205101\/\" aria-label=\"Mehr Informationen \u00fcber Tissot PR516 Quartz Chronograph\">Weiterlesen &#8230;<\/a><\/p>\n","protected":false},"featured_media":215680,"template":"","meta":{"_acf_changed":false,"_seopress_robots_primary_cat":"27159","_seopress_titles_title":"","_seopress_titles_desc":"Tauchen Sie mit der Tissot PR516 in die Welt des Rennsports ein. Pr\u00e4zision und elegantes Design f\u00fcr diejenigen, die nach dem Sieg streben. Entdecken Sie unsere Kollektion.","_seopress_robots_index":""},"brand":[27087],"product_brand":[],"product_cat":[27159,27491,27203,27123],"product_tag":[],"class_list":{"0":"post-215687","1":"product","2":"type-product","3":"status-publish","4":"has-post-thumbnail","6":"brand-tissot-de","7":"product_cat-tissot-de","8":"product_cat-tissot-pr516","9":"product_cat-tissot-sport","10":"product_cat-uhren","11":"pa_couleurduboitier-zweifarbig-de","12":"pa_couleurdubracelet-bicolor","13":"pa_couleurducadran-schwarz","14":"pa_dimensions-o-40-mm","15":"pa_etancheite-100m-de","16":"pa_forme-runden","17":"pa_garantie-24monate","18":"pa_genre-mann","19":"pa_matiere-zweifarbigstahlrosegoldpvd","20":"pa_matierebraceletmontre-edelstahl","21":"pa_mouvement-quarzbatterie-de","22":"pa_swissmade-ja-de","23":"pa_typedemontre-chronograph-de","24":"pa_verre-saphir-de","25":"sales-flash-overlay","26":"woocommerce-text-align-center","27":"woocommerce-image-align-center","28":"do-quantity-buttons","30":"first","31":"instock","32":"taxable","33":"shipping-taxable","34":"purchasable","35":"product-type-simple"},"acf":[],"_links":{"self":[{"href":"https:\/\/lediamant.ch\/de\/wp-json\/wp\/v2\/product\/215687","targetHints":{"allow":["GET"]}}],"collection":[{"href":"https:\/\/lediamant.ch\/de\/wp-json\/wp\/v2\/product"}],"about":[{"href":"https:\/\/lediamant.ch\/de\/wp-json\/wp\/v2\/types\/product"}],"wp:featuredmedia":[{"embeddable":true,"href":"https:\/\/lediamant.ch\/de\/wp-json\/wp\/v2\/media\/215680"}],"wp:attachment":[{"href":"https:\/\/lediamant.ch\/de\/wp-json\/wp\/v2\/media?parent=215687"}],"wp:term":[{"taxonomy":"brand","embeddable":true,"href":"https:\/\/lediamant.ch\/de\/wp-json\/wp\/v2\/brand?post=215687"},{"taxonomy":"product_brand","embeddable":true,"href":"https:\/\/lediamant.ch\/de\/wp-json\/wp\/v2\/product_brand?post=215687"},{"taxonomy":"product_cat","embeddable":true,"href":"https:\/\/lediamant.ch\/de\/wp-json\/wp\/v2\/product_cat?post=215687"},{"taxonomy":"product_tag","embeddable":true,"href":"https:\/\/lediamant.ch\/de\/wp-json\/wp\/v2\/product_tag?post=215687"}],"curies":[{"name":"wp","href":"https:\/\/api.w.org\/{rel}","templated":true}]}}