{"id":215701,"date":"2025-02-05T16:36:43","date_gmt":"2025-02-05T15:36:43","guid":{"rendered":"https:\/\/lediamant.ch\/?post_type=product&#038;p=215701"},"modified":"2025-02-05T16:40:02","modified_gmt":"2025-02-05T15:40:02","slug":"tissot-pr516-automatic-chronograph","status":"publish","type":"product","link":"https:\/\/lediamant.ch\/de\/uhren\/215701-tissot-pr516-automatic-chronograph-t1494621101100\/","title":{"rendered":"Tissot PR516 Automatic Chronograph"},"content":{"rendered":"<p>Die PR516, die in den 1960er Jahren eingef\u00fchrt wurde, ist von der hektischen Welt der Autorennen inspiriert, in der Pr\u00e4zision und Ausdauer von entscheidender Bedeutung sind. Mit der Erweiterung der PR516-Reihe n\u00e4hrt Tissot weiterhin den Geist derjenigen, die eine Uhr suchen, die so unerbittlich ist wie ihre Ziele, und die sie dazu anspornt, sich den Herausforderungen zu stellen, genau wie die Helden, die sie tragen.<\/p>\n<p>Der Valjoux Chronograph, der Tachymeter und der Pulsmesser arbeiten zusammen, um mit dem Rhythmus der aufregendsten Momente Schritt zu halten. Mit der \u00dcberwachung der Geschwindigkeit und der Herzfrequenz auf der L\u00fcnette und der ausgezeichneten Ablesbarkeit der Zeit auf dem wei\u00dfen Zifferblatt mit blauen Akzenten erwartet den Tr\u00e4ger eine fl\u00fcssige und intuitive Erfahrung, die den Horizont und das endlose Potenzial, das sich ihm bietet, widerspiegelt. Die Z\u00e4hler im unteren Teil des Zifferblatts verst\u00e4rken die Dynamik der Uhr, w\u00e4hrend das konvexe Saphirglas ihre Pr\u00e4senz am Handgelenk betont.<\/p>\n","protected":false},"excerpt":{"rendered":"<p>Die PR516, die in den 1960er Jahren eingef\u00fchrt wurde, ist von der hektischen Welt der Autorennen inspiriert, in der Pr\u00e4zision und Ausdauer von entscheidender Bedeutung sind. Mit der Erweiterung der PR516-Reihe n\u00e4hrt Tissot weiterhin den Geist derjenigen, die eine Uhr suchen, die so unerbittlich ist wie ihre Ziele, und die sie dazu anspornt, sich den &#8230; <a title=\"Tissot PR516 Automatic Chronograph\" class=\"read-more\" href=\"https:\/\/lediamant.ch\/de\/uhren\/215701-tissot-pr516-automatic-chronograph-t1494621101100\/\" aria-label=\"Mehr Informationen \u00fcber Tissot PR516 Automatic Chronograph\">Weiterlesen &#8230;<\/a><\/p>\n","protected":false},"featured_media":215694,"template":"","meta":{"_acf_changed":false,"_seopress_robots_primary_cat":"27159","_seopress_titles_title":"","_seopress_titles_desc":"Die Tissot PR516 vereint die Eleganz des Motorsports mit uhrmacherischer Pr\u00e4zision. Ideal f\u00fcr Liebhaber von Geschwindigkeit und Leistung.","_seopress_robots_index":""},"brand":[27087],"product_brand":[],"product_cat":[27159,27491,27203,27123],"product_tag":[],"class_list":{"0":"post-215701","1":"product","2":"type-product","3":"status-publish","4":"has-post-thumbnail","6":"brand-tissot-de","7":"product_cat-tissot-de","8":"product_cat-tissot-pr516","9":"product_cat-tissot-sport","10":"product_cat-uhren","11":"pa_couleurduboitier-grau-de","12":"pa_couleurdubracelet-grau-de","13":"pa_couleurducadran-weiss","14":"pa_dimensions-o-41-mm","15":"pa_etancheite-100m-de","16":"pa_forme-runden","17":"pa_garantie-24monate","18":"pa_genre-mann","19":"pa_matiere-stahl","20":"pa_matierebraceletmontre-edelstahl","21":"pa_mouvement-automatik-de","22":"pa_option-boitier-transparenter-hintergrund","23":"pa_swissmade-ja-de","24":"pa_typedemontre-chronograph-de","25":"pa_verre-saphir-de","26":"sales-flash-overlay","27":"woocommerce-text-align-center","28":"woocommerce-image-align-center","29":"do-quantity-buttons","31":"first","32":"instock","33":"taxable","34":"shipping-taxable","35":"purchasable","36":"product-type-simple"},"acf":[],"_links":{"self":[{"href":"https:\/\/lediamant.ch\/de\/wp-json\/wp\/v2\/product\/215701","targetHints":{"allow":["GET"]}}],"collection":[{"href":"https:\/\/lediamant.ch\/de\/wp-json\/wp\/v2\/product"}],"about":[{"href":"https:\/\/lediamant.ch\/de\/wp-json\/wp\/v2\/types\/product"}],"wp:featuredmedia":[{"embeddable":true,"href":"https:\/\/lediamant.ch\/de\/wp-json\/wp\/v2\/media\/215694"}],"wp:attachment":[{"href":"https:\/\/lediamant.ch\/de\/wp-json\/wp\/v2\/media?parent=215701"}],"wp:term":[{"taxonomy":"brand","embeddable":true,"href":"https:\/\/lediamant.ch\/de\/wp-json\/wp\/v2\/brand?post=215701"},{"taxonomy":"product_brand","embeddable":true,"href":"https:\/\/lediamant.ch\/de\/wp-json\/wp\/v2\/product_brand?post=215701"},{"taxonomy":"product_cat","embeddable":true,"href":"https:\/\/lediamant.ch\/de\/wp-json\/wp\/v2\/product_cat?post=215701"},{"taxonomy":"product_tag","embeddable":true,"href":"https:\/\/lediamant.ch\/de\/wp-json\/wp\/v2\/product_tag?post=215701"}],"curies":[{"name":"wp","href":"https:\/\/api.w.org\/{rel}","templated":true}]}}