{"id":215717,"date":"2025-01-22T15:57:56","date_gmt":"2025-01-22T14:57:56","guid":{"rendered":"https:\/\/lediamant.ch\/?post_type=product&#038;p=215717"},"modified":"2025-01-22T16:05:30","modified_gmt":"2025-01-22T15:05:30","slug":"maurice-lacroix-aikon-automatic-chronograph-44mm","status":"publish","type":"product","link":"https:\/\/lediamant.ch\/de\/uhren\/215717-maurice-lacroix-aikon-automatic-chronograph-44mm-ai6038-ss000-330-2\/","title":{"rendered":"Maurice Lacroix AIKON Automatic Chronograph 44mm"},"content":{"rendered":"<p>Die von der Stadt inspirierte AIKON Automatic bietet eine zeitgem\u00e4\u00dfe \u00c4sthetik, ergonomisches Design und ein mechanisches Herz. Mit seinem cleveren Einsatz von Kontrasten und Formen ist der AIKON Automatic der ideale Begleiter f\u00fcr das Leben in der Stadt.<\/p>\n","protected":false},"excerpt":{"rendered":"<p>Die von der Stadt inspirierte AIKON Automatic bietet eine zeitgem\u00e4\u00dfe \u00c4sthetik, ergonomisches Design und ein mechanisches Herz. Mit seinem cleveren Einsatz von Kontrasten und Formen ist der AIKON Automatic der ideale Begleiter f\u00fcr das Leben in der Stadt.<\/p>\n","protected":false},"featured_media":215719,"template":"","meta":{"_acf_changed":false,"_seopress_robots_primary_cat":"27149","_seopress_titles_title":"%%post_title%%","_seopress_titles_desc":"Entdecken Sie die AIKON Automatic: eine urbane Uhr mit ergonomischem Design, k\u00fchnen Formen und einem pr\u00e4zisen Mechanismus. Perfekt f\u00fcr das Stadtleben.","_seopress_robots_index":""},"brand":[27103],"product_brand":[],"product_cat":[27205,27149,27133,27123,27141],"product_tag":[],"class_list":{"0":"post-215717","1":"product","2":"type-product","3":"status-publish","4":"has-post-thumbnail","6":"brand-mauricelacroix-de","7":"product_cat-aikon-de","8":"product_cat-maurice-lacroix-de","9":"product_cat-sale","10":"product_cat-uhren","11":"product_cat-uhren-sale","12":"pa_couleurduboitier-grau-de","13":"pa_couleurdubracelet-schwarz-de","14":"pa_couleurducadran-schwarz","15":"pa_etancheite-200m-de","16":"pa_forme-runden","17":"pa_genre-mann","18":"pa_matiere-stahl","19":"pa_matierebraceletmontre-kautschuk","20":"pa_mouvement-automatik-de","21":"pa_swissmade-ja-de","22":"pa_typedemontre-chronograph-de","23":"sales-flash-overlay","24":"woocommerce-text-align-center","25":"woocommerce-image-align-center","26":"do-quantity-buttons","28":"first","29":"instock","30":"sale","31":"taxable","32":"shipping-taxable","33":"purchasable","34":"product-type-simple"},"acf":[],"_links":{"self":[{"href":"https:\/\/lediamant.ch\/de\/wp-json\/wp\/v2\/product\/215717","targetHints":{"allow":["GET"]}}],"collection":[{"href":"https:\/\/lediamant.ch\/de\/wp-json\/wp\/v2\/product"}],"about":[{"href":"https:\/\/lediamant.ch\/de\/wp-json\/wp\/v2\/types\/product"}],"wp:featuredmedia":[{"embeddable":true,"href":"https:\/\/lediamant.ch\/de\/wp-json\/wp\/v2\/media\/215719"}],"wp:attachment":[{"href":"https:\/\/lediamant.ch\/de\/wp-json\/wp\/v2\/media?parent=215717"}],"wp:term":[{"taxonomy":"brand","embeddable":true,"href":"https:\/\/lediamant.ch\/de\/wp-json\/wp\/v2\/brand?post=215717"},{"taxonomy":"product_brand","embeddable":true,"href":"https:\/\/lediamant.ch\/de\/wp-json\/wp\/v2\/product_brand?post=215717"},{"taxonomy":"product_cat","embeddable":true,"href":"https:\/\/lediamant.ch\/de\/wp-json\/wp\/v2\/product_cat?post=215717"},{"taxonomy":"product_tag","embeddable":true,"href":"https:\/\/lediamant.ch\/de\/wp-json\/wp\/v2\/product_tag?post=215717"}],"curies":[{"name":"wp","href":"https:\/\/api.w.org\/{rel}","templated":true}]}}