{"id":215763,"date":"2025-01-22T16:54:02","date_gmt":"2025-01-22T15:54:02","guid":{"rendered":"https:\/\/lediamant.ch\/?post_type=product&#038;p=215763"},"modified":"2025-01-22T17:04:43","modified_gmt":"2025-01-22T16:04:43","slug":"maurice-lacroix-aikon-master-grand-date-45mm-3","status":"publish","type":"product","link":"https:\/\/lediamant.ch\/de\/uhren\/215763-maurice-lacroix-aikon-master-grand-date-45mm-3-ai6118-dlb0j-430-h\/","title":{"rendered":"Maurice Lacroix AIKON Master Grand Date 45mm"},"content":{"rendered":"<p>Die von der Stadt inspirierte AIKON Automatic bietet eine zeitgem\u00e4\u00dfe \u00c4sthetik, ergonomisches Design und ein mechanisches Herz. Mit seinem cleveren Einsatz von Kontrasten und Formen ist der AIKON Automatic der ideale Begleiter f\u00fcr das Leben in der Stadt.<\/p>\n<div class=\"collapsible active\" data-collapsible=\"\">\n<div class=\"collapsible-header\" data-collapsible-header=\"\">\n<div class=\"title\">\n<div class=\"collapsible active\" data-collapsible=\"\">\n<div class=\"collapsible-header\" data-collapsible-header=\"\">\n<div class=\"title\">\n<div class=\"collapsible active\" data-collapsible=\"\">\n<div class=\"collapsible-header\" data-collapsible-header=\"\">\n<div class=\"title\">GEH\u00c4USE<\/div>\n<\/div>\n<div class=\"collapsible-content\">\n<ul>\n<li class=\"attribute-values\"><span class=\"attribute-values__label\">DURCHMESSER: <\/span>45 mm<\/li>\n<li class=\"attribute-values\"><span class=\"attribute-values__label\">MATERIAL: <\/span>Edelstahl DLC schwarz<\/li>\n<li class=\"attribute-values\">AUSF\u00dcHRUNG<span class=\"attribute-values__label\">: <\/span>Geb\u00fcrstet<\/li>\n<li class=\"attribute-values\"><span class=\"attribute-values__label\">H\u00d6HE: <\/span>15 mm<\/li>\n<li class=\"attribute-values\"><span class=\"attribute-values__label\">GLAS: <\/span>Saphirglas mit doppelter Entspiegelung<\/li>\n<li class=\"attribute-values\"><span class=\"attribute-values__label\">HINTEN: <\/span>Offener Boden mit Saphirglas und Antireflexbeschichtung<\/li>\n<li class=\"attribute-values\"><span class=\"attribute-values__label\">L\u00fcnette: <\/span>L\u00fcnette mit den sechs emblematischen &#8222;Krallen&#8220;.<\/li>\n<li class=\"attribute-values\"><span class=\"attribute-values__label\">KRONE: <\/span>Verschraubte Krone<\/li>\n<li class=\"attribute-values\">WASSERBEST\u00c4NDIGKEIT<span class=\"attribute-values__label\">: <\/span>10 ATM wasserdicht<\/li>\n<\/ul>\n<\/div>\n<\/div>\n<div class=\"collapsible active\" data-collapsible=\"\">\n<div class=\"collapsible-header\" data-collapsible-header=\"\">\n<div class=\"title\">ZIFFERBLATT &amp; ZEIGER<\/div>\n<\/div>\n<div class=\"collapsible-content\">\n<ul>\n<li class=\"attribute-values\"><span class=\"attribute-values__label\">RADAR: <\/span>Blau, sonnenbeschienen, schwarze gedruckte Elemente<\/li>\n<li class=\"attribute-values\"><span class=\"attribute-values__label\">INDEXE: <\/span>Index, schwarz beschichtet, wei\u00dfe Super-Luminova-Leuchtmasse<\/li>\n<li class=\"attribute-values\"><span class=\"attribute-values__label\">NADEL: <\/span>Schwarz beschichtet, Super-Luminova wei\u00df<\/li>\n<li class=\"attribute-values\"><span class=\"attribute-values__label\">SPEZIELLE ZEIGER: <\/span>Blau beschichteter Sekundenzeiger<\/li>\n<\/ul>\n<\/div>\n<\/div>\n<div class=\"collapsible active\" data-collapsible=\"\">\n<div class=\"collapsible-header\" data-collapsible-header=\"\">\n<div class=\"title\">BEWEGUNGEN &amp; FUNKTIONEN<\/div>\n<\/div>\n<div class=\"collapsible-content\">\n<ul>\n<li class=\"attribute-values\"><span class=\"attribute-values__label\">BEWEGUNGSART: <\/span>Automatisch<\/li>\n<li class=\"attribute-values\"><span class=\"attribute-values__label\">FUNKTIONEN:<\/span><br \/>\n- Kleine Sekunde bei 4 Uhr<br \/>\n- Gro\u00dfdatum bei 10 Uhr<br \/>\n- Stunden und Minuten<\/li>\n<li class=\"attribute-values\"><span class=\"attribute-values__label\">KALIBER: <\/span>Automatisches Manufakturwerk ML331<\/li>\n<li class=\"attribute-values\"><span class=\"attribute-values__label\">MARKERESERVE: <\/span>50 Stunden<\/li>\n<li class=\"attribute-values\"><span class=\"attribute-values__label\">FREQUENZ: <\/span>18.000 Umdrehungen pro Stunde<\/li>\n<li class=\"attribute-values\"><span class=\"attribute-values__label\">RUBIS: <\/span>43<\/li>\n<\/ul>\n<\/div>\n<\/div>\n<div class=\"collapsible active\" data-collapsible=\"\">\n<div class=\"collapsible-header\" data-collapsible-header=\"\">\n<div class=\"title\">ARMBAND<\/div>\n<\/div>\n<div class=\"collapsible-content\">\n<ul>\n<li class=\"attribute-values\">ARMBAND<span class=\"attribute-values__label\">: <\/span>Blau, Kautschukarmband, mit &#8222;Maurice Lacroix&#8220; Schriftzug<\/li>\n<li class=\"attribute-values\"><span class=\"attribute-values__label\">Breite: <\/span>25 mm<\/li>\n<li class=\"attribute-values\">SCHLIESSUNG<span class=\"attribute-values__label\">: <\/span>Dornschlie\u00dfe<\/li>\n<li class=\"attribute-values\">MATERIAL <span class=\"attribute-values__label\">DER <\/span>SCHL\u00dcSSE<span class=\"attribute-values__label\">: <\/span>Edelstahl DLC schwarz<\/li>\n<li class=\"attribute-values\"><span class=\"attribute-values__label\">EASY CHANGE SYSTEM VERF\u00dcGBAR: <\/span>Ja<\/li>\n<li class=\"attribute-values\">ARMBAND<span class=\"attribute-values__label\">: <\/span>Schwarz, Kautschukarmband, mit &#8222;Maurice Lacroix&#8220; Schriftzug<\/li>\n<li class=\"attribute-values\"><span class=\"attribute-values__label\">Breite: <\/span>25 mm<\/li>\n<li class=\"attribute-values\">SCHLIESSUNG<span class=\"attribute-values__label\">: <\/span>Dornschlie\u00dfe<\/li>\n<li class=\"attribute-values\">MATERIAL <span class=\"attribute-values__label\">DER <\/span>SCHL\u00dcSSE<span class=\"attribute-values__label\">: <\/span>Edelstahl DLC schwarz<\/li>\n<\/ul>\n<\/div>\n<\/div>\n<\/div>\n<\/div>\n<\/div>\n<\/div>\n<\/div>\n<\/div>\n<p>&nbsp;<\/p>\n","protected":false},"excerpt":{"rendered":"<p>Die von der Stadt inspirierte AIKON Automatic bietet eine zeitgem\u00e4\u00dfe \u00c4sthetik, ergonomisches Design und ein mechanisches Herz. Mit seinem cleveren Einsatz von Kontrasten und Formen ist der AIKON Automatic der ideale Begleiter f\u00fcr das Leben in der Stadt. GEH\u00c4USE DURCHMESSER: 45 mm MATERIAL: Edelstahl DLC schwarz AUSF\u00dcHRUNG: Geb\u00fcrstet H\u00d6HE: 15 mm GLAS: Saphirglas mit doppelter &#8230; <a title=\"Maurice Lacroix AIKON Master Grand Date 45mm\" class=\"read-more\" href=\"https:\/\/lediamant.ch\/de\/uhren\/215763-maurice-lacroix-aikon-master-grand-date-45mm-3-ai6118-dlb0j-430-h\/\" aria-label=\"Mehr Informationen \u00fcber Maurice Lacroix AIKON Master Grand Date 45mm\">Weiterlesen &#8230;<\/a><\/p>\n","protected":false},"featured_media":215765,"template":"","meta":{"_acf_changed":false,"_seopress_robots_primary_cat":"27149","_seopress_titles_title":"%%post_title%%","_seopress_titles_desc":"Entdecken Sie die AIKON Master Grand Date, ein Juwel der modernen Uhrmacherei, das Pr\u00e4zisionsmechanik und eleganten Stil in einem k\u00fchnen Design vereint.","_seopress_robots_index":""},"brand":[27103],"product_brand":[],"product_cat":[27205,27149,27123],"product_tag":[],"class_list":{"0":"post-215763","1":"product","2":"type-product","3":"status-publish","4":"has-post-thumbnail","6":"brand-mauricelacroix-de","7":"product_cat-aikon-de","8":"product_cat-maurice-lacroix-de","9":"product_cat-uhren","10":"pa_couleurduboitier-schwarz-de","11":"pa_couleurdubracelet-blau-de","12":"pa_couleurdubracelet-schwarz-de","13":"pa_couleurducadran-blau","14":"pa_etancheite-100m-de","15":"pa_forme-runden","16":"pa_garantie-24monate","17":"pa_genre-mann","18":"pa_matiere-schwarzespvd","19":"pa_matierebraceletmontre-kautschuk","20":"pa_mouvement-automatik-de","21":"pa_option-boitier-transparenter-hintergrund","22":"pa_swissmade-ja-de","23":"pa_verre-saphir-de","24":"sales-flash-overlay","25":"woocommerce-text-align-center","26":"woocommerce-image-align-center","27":"do-quantity-buttons","29":"first","30":"instock","31":"taxable","32":"shipping-taxable","33":"purchasable","34":"product-type-simple"},"acf":[],"_links":{"self":[{"href":"https:\/\/lediamant.ch\/de\/wp-json\/wp\/v2\/product\/215763","targetHints":{"allow":["GET"]}}],"collection":[{"href":"https:\/\/lediamant.ch\/de\/wp-json\/wp\/v2\/product"}],"about":[{"href":"https:\/\/lediamant.ch\/de\/wp-json\/wp\/v2\/types\/product"}],"wp:featuredmedia":[{"embeddable":true,"href":"https:\/\/lediamant.ch\/de\/wp-json\/wp\/v2\/media\/215765"}],"wp:attachment":[{"href":"https:\/\/lediamant.ch\/de\/wp-json\/wp\/v2\/media?parent=215763"}],"wp:term":[{"taxonomy":"brand","embeddable":true,"href":"https:\/\/lediamant.ch\/de\/wp-json\/wp\/v2\/brand?post=215763"},{"taxonomy":"product_brand","embeddable":true,"href":"https:\/\/lediamant.ch\/de\/wp-json\/wp\/v2\/product_brand?post=215763"},{"taxonomy":"product_cat","embeddable":true,"href":"https:\/\/lediamant.ch\/de\/wp-json\/wp\/v2\/product_cat?post=215763"},{"taxonomy":"product_tag","embeddable":true,"href":"https:\/\/lediamant.ch\/de\/wp-json\/wp\/v2\/product_tag?post=215763"}],"curies":[{"name":"wp","href":"https:\/\/api.w.org\/{rel}","templated":true}]}}