{"id":215943,"date":"2025-01-29T16:19:21","date_gmt":"2025-01-29T15:19:21","guid":{"rendered":"https:\/\/lediamant.ch\/?post_type=product&#038;p=215943"},"modified":"2025-01-29T16:48:57","modified_gmt":"2025-01-29T15:48:57","slug":"balmain-balmainia-32mm","status":"publish","type":"product","link":"https:\/\/lediamant.ch\/de\/uhren\/215943-balmain-balmainia-32mm-b45583385\/","title":{"rendered":"Balmain Balmainia 32mm"},"content":{"rendered":"<p>Die Balmain Balmainia verk\u00f6rpert zeitgen\u00f6ssische Eleganz mit einem Hauch von Haute Couture. Das runde 32 mm Geh\u00e4use und die subtil integrierte kleine Sekunde bieten ein perfektes Gleichgewicht zwischen zeitloser Raffinesse und Modernit\u00e4t. Jedes Detail zeugt vom uhrmacherischen K\u00f6nnen und der Raffinesse, die f\u00fcr Balmain typisch sind. Mehr als eine Uhr, ein wahres Meisterwerk, in dem sich Mode und Uhrmacherkunst perfekt vereinen.<\/p>\n","protected":false},"excerpt":{"rendered":"<p>Die Balmain Balmainia verk\u00f6rpert zeitgen\u00f6ssische Eleganz mit einem Hauch von Haute Couture. Das runde 32 mm Geh\u00e4use und die subtil integrierte kleine Sekunde bieten ein perfektes Gleichgewicht zwischen zeitloser Raffinesse und Modernit\u00e4t. Jedes Detail zeugt vom uhrmacherischen K\u00f6nnen und der Raffinesse, die f\u00fcr Balmain typisch sind. Mehr als eine Uhr, ein wahres Meisterwerk, in dem &#8230; <a title=\"Balmain Balmainia 32mm\" class=\"read-more\" href=\"https:\/\/lediamant.ch\/de\/uhren\/215943-balmain-balmainia-32mm-b45583385\/\" aria-label=\"Mehr Informationen \u00fcber Balmain Balmainia 32mm\">Weiterlesen &#8230;<\/a><\/p>\n","protected":false},"featured_media":215946,"template":"","meta":{"_acf_changed":false,"_seopress_robots_primary_cat":"27173","_seopress_titles_title":"","_seopress_titles_desc":"Die Balmain Balmainia ist mehr als nur eine Uhr: ein Meisterwerk, das Mode und Uhrmacherkunst mit einem 32 mm Geh\u00e4use und zeitloser Eleganz vereint.","_seopress_robots_index":""},"brand":[27083],"product_brand":[],"product_cat":[27173,27431,27137,27123],"product_tag":[],"class_list":{"0":"post-215943","1":"product","2":"type-product","3":"status-publish","4":"has-post-thumbnail","6":"brand-balmain-de","7":"product_cat-balmain-de","8":"product_cat-balmainia-de","9":"product_cat-bracelet-ajustable-de","10":"product_cat-uhren","11":"pa_couleurduboitier-zweifarbig-de","12":"pa_couleurdubracelet-grau-de","13":"pa_couleurdubracelet-rosa-de","14":"pa_couleurducadran-perlmutt","15":"pa_detail-de-s-pierres-s-12-diamanten-0-043ct","16":"pa_etancheite-50m-de","17":"pa_forme-runden","18":"pa_genre-frau","19":"pa_matiere-zweifarbigstahlrosegoldpvd","20":"pa_matierebraceletmontre-edelstahl","21":"pa_mouvement-quarzbatterie-de","22":"pa_swissmade-ja-de","23":"pa_typedemontre-uhrenmitdiamanten","24":"sales-flash-overlay","25":"woocommerce-text-align-center","26":"woocommerce-image-align-center","27":"do-quantity-buttons","29":"first","30":"instock","31":"taxable","32":"shipping-taxable","33":"purchasable","34":"product-type-simple"},"acf":[],"_links":{"self":[{"href":"https:\/\/lediamant.ch\/de\/wp-json\/wp\/v2\/product\/215943","targetHints":{"allow":["GET"]}}],"collection":[{"href":"https:\/\/lediamant.ch\/de\/wp-json\/wp\/v2\/product"}],"about":[{"href":"https:\/\/lediamant.ch\/de\/wp-json\/wp\/v2\/types\/product"}],"wp:featuredmedia":[{"embeddable":true,"href":"https:\/\/lediamant.ch\/de\/wp-json\/wp\/v2\/media\/215946"}],"wp:attachment":[{"href":"https:\/\/lediamant.ch\/de\/wp-json\/wp\/v2\/media?parent=215943"}],"wp:term":[{"taxonomy":"brand","embeddable":true,"href":"https:\/\/lediamant.ch\/de\/wp-json\/wp\/v2\/brand?post=215943"},{"taxonomy":"product_brand","embeddable":true,"href":"https:\/\/lediamant.ch\/de\/wp-json\/wp\/v2\/product_brand?post=215943"},{"taxonomy":"product_cat","embeddable":true,"href":"https:\/\/lediamant.ch\/de\/wp-json\/wp\/v2\/product_cat?post=215943"},{"taxonomy":"product_tag","embeddable":true,"href":"https:\/\/lediamant.ch\/de\/wp-json\/wp\/v2\/product_tag?post=215943"}],"curies":[{"name":"wp","href":"https:\/\/api.w.org\/{rel}","templated":true}]}}