{"id":215980,"date":"2025-01-29T17:19:37","date_gmt":"2025-01-29T16:19:37","guid":{"rendered":"https:\/\/lediamant.ch\/?post_type=product&#038;p=215980"},"modified":"2025-01-29T17:29:59","modified_gmt":"2025-01-29T16:29:59","slug":"hamilton-jazzmaster-open-heart-auto-36mm-2","status":"publish","type":"product","link":"https:\/\/lediamant.ch\/de\/uhren\/215980-hamilton-jazzmaster-open-heart-auto-36mm-2-h32215642\/","title":{"rendered":"Hamilton Jazzmaster Open Heart Auto 36mm"},"content":{"rendered":"<p>Die Jazzmaster Open Heart gew\u00e4hrt einen Einblick in ihren leistungsstarken internen Mechanismus und betont die Pr\u00e4zision mit einem neuen 36 mm gro\u00dfen Zifferblatt. Diese faszinierende Uhr mit einem fesselnden, nachtblau schimmernden Zifferblatt verbindet die Modernit\u00e4t der st\u00e4dtischen Architektur mit der Unendlichkeit des Kosmos. Das Zifferblatt zeigt die Handwerkskunst und die Liebe zum Detail von Hamilton und enth\u00fcllt das H-10 Automatikwerk. Mit einer Gangreserve von 80 Stunden und einer Nivachron\u2122 Spirale ist die Jazzmaster Open Heart Auto an einem raffinierten Armband aus Edelstahl befestigt. Entdecken Sie unsere Kollektion von eleganten Uhren.<\/p>\n","protected":false},"excerpt":{"rendered":"<p>Die Jazzmaster Open Heart gew\u00e4hrt einen Einblick in ihren leistungsstarken internen Mechanismus und betont die Pr\u00e4zision mit einem neuen 36 mm gro\u00dfen Zifferblatt. Diese faszinierende Uhr mit einem fesselnden, nachtblau schimmernden Zifferblatt verbindet die Modernit\u00e4t der st\u00e4dtischen Architektur mit der Unendlichkeit des Kosmos. Das Zifferblatt zeigt die Handwerkskunst und die Liebe zum Detail von Hamilton &#8230; <a title=\"Hamilton Jazzmaster Open Heart Auto 36mm\" class=\"read-more\" href=\"https:\/\/lediamant.ch\/de\/uhren\/215980-hamilton-jazzmaster-open-heart-auto-36mm-2-h32215642\/\" aria-label=\"Mehr Informationen \u00fcber Hamilton Jazzmaster Open Heart Auto 36mm\">Weiterlesen &#8230;<\/a><\/p>\n","protected":false},"featured_media":215982,"template":"","meta":{"_acf_changed":false,"_seopress_robots_primary_cat":"27181","_seopress_titles_title":"%%post_title%% %%sep%% %%sitetitle%%.ch","_seopress_titles_desc":"Entdecken Sie die Pr\u00e4zision der Jazzmaster Open Heart mit ihrem nachtblauen Zifferblatt und einer 80-Stunden-Gangreserve. Eleganz und Modernit\u00e4t definiert.","_seopress_robots_index":""},"brand":[27085],"product_brand":[],"product_cat":[27181,27243,27123],"product_tag":[],"class_list":{"0":"post-215980","1":"product","2":"type-product","3":"status-publish","4":"has-post-thumbnail","6":"brand-hamilton-de","7":"product_cat-hamilton-de","8":"product_cat-jazzmaster-de","9":"product_cat-uhren","10":"pa_couleurduboitier-grau-de","11":"pa_couleurdubracelet-blau-de","12":"pa_couleurducadran-blau","13":"pa_dimensions-o-36-mm","14":"pa_etancheite-50m-de","15":"pa_forme-runden","16":"pa_genre-frau","17":"pa_matiere-stahl","18":"pa_matierebraceletmontre-leder","19":"pa_mouvement-automatik-de","20":"pa_swissmade-ja-de","21":"pa_typedemontre-skelettuhren","22":"pa_verre-saphir-de","23":"sales-flash-overlay","24":"woocommerce-text-align-center","25":"woocommerce-image-align-center","26":"do-quantity-buttons","28":"first","29":"outofstock","30":"taxable","31":"shipping-taxable","32":"purchasable","33":"product-type-simple"},"acf":[],"_links":{"self":[{"href":"https:\/\/lediamant.ch\/de\/wp-json\/wp\/v2\/product\/215980","targetHints":{"allow":["GET"]}}],"collection":[{"href":"https:\/\/lediamant.ch\/de\/wp-json\/wp\/v2\/product"}],"about":[{"href":"https:\/\/lediamant.ch\/de\/wp-json\/wp\/v2\/types\/product"}],"wp:featuredmedia":[{"embeddable":true,"href":"https:\/\/lediamant.ch\/de\/wp-json\/wp\/v2\/media\/215982"}],"wp:attachment":[{"href":"https:\/\/lediamant.ch\/de\/wp-json\/wp\/v2\/media?parent=215980"}],"wp:term":[{"taxonomy":"brand","embeddable":true,"href":"https:\/\/lediamant.ch\/de\/wp-json\/wp\/v2\/brand?post=215980"},{"taxonomy":"product_brand","embeddable":true,"href":"https:\/\/lediamant.ch\/de\/wp-json\/wp\/v2\/product_brand?post=215980"},{"taxonomy":"product_cat","embeddable":true,"href":"https:\/\/lediamant.ch\/de\/wp-json\/wp\/v2\/product_cat?post=215980"},{"taxonomy":"product_tag","embeddable":true,"href":"https:\/\/lediamant.ch\/de\/wp-json\/wp\/v2\/product_tag?post=215980"}],"curies":[{"name":"wp","href":"https:\/\/api.w.org\/{rel}","templated":true}]}}