{"id":216043,"date":"2025-02-05T17:14:19","date_gmt":"2025-02-05T16:14:19","guid":{"rendered":"https:\/\/lediamant.ch\/?post_type=product&#038;p=216043"},"modified":"2025-02-05T17:28:24","modified_gmt":"2025-02-05T16:28:24","slug":"tissot-supersport-nba-special-edition","status":"publish","type":"product","link":"https:\/\/lediamant.ch\/de\/uhren\/216043-tissot-supersport-nba-special-edition-t1256173706700\/","title":{"rendered":"Tissot Supersport NBA Special Edition"},"content":{"rendered":"<p>Die Tissot Supersport Sonderedition mit NBA ist eine Hommage an den Basketball mit durchdachten Details und einem sportlichen Stil. Das wundersch\u00f6ne 45 mm Edelstahlgeh\u00e4use mit schwarzer PVD-Beschichtung ist mit einer L\u00fcnette mit 24-Sekunden-Regel ausgestattet, die von der NBA-Schussuhr inspiriert ist, mit Farbakzenten, die an die Liga erinnern.<\/p>\n<p>Das Zifferblatt mit einem Basketball-Punktmuster und einem Farbverlauf von Dunkelgrau bis Schwarz an den R\u00e4ndern erzeugt eine Illusion von Tiefe, die die Form des Balls widerspiegelt. Das NBA-Logo auf dem Sekundenzeiger ist eine weitere Hommage an den Sport.<\/p>\n<p>Das schwarze Armband aus zwei Materialien passt perfekt zu der Textur des Zifferblatts und ist somit perfekt f\u00fcr den t\u00e4glichen Gebrauch und k\u00f6rperliche Aktivit\u00e4ten geeignet. Der Geh\u00e4useboden birgt das eigentliche versteckte Juwel: komplexe Gravuren des NBA-Logos, umgeben von den St\u00e4dten und Staaten, nach denen die Teams benannt sind, d.h. die West- und Ost-Konferenzen.<\/p>\n<p>Diese Uhr ist mit einem Quarz-Chronographenwerk ausgestattet, das eine pr\u00e4zise Zeitmessung mit einem Minimum an Wartung gew\u00e4hrleistet.<\/p>\n","protected":false},"excerpt":{"rendered":"<p>Die Tissot Supersport Sonderedition mit NBA ist eine Hommage an den Basketball mit durchdachten Details und einem sportlichen Stil. Das wundersch\u00f6ne 45 mm Edelstahlgeh\u00e4use mit schwarzer PVD-Beschichtung ist mit einer L\u00fcnette mit 24-Sekunden-Regel ausgestattet, die von der NBA-Schussuhr inspiriert ist, mit Farbakzenten, die an die Liga erinnern. Das Zifferblatt mit einem Basketball-Punktmuster und einem Farbverlauf &#8230; <a title=\"Tissot Supersport NBA Special Edition\" class=\"read-more\" href=\"https:\/\/lediamant.ch\/de\/uhren\/216043-tissot-supersport-nba-special-edition-t1256173706700\/\" aria-label=\"Mehr Informationen \u00fcber Tissot Supersport NBA Special Edition\">Weiterlesen &#8230;<\/a><\/p>\n","protected":false},"featured_media":216045,"template":"","meta":{"_acf_changed":false,"_seopress_robots_primary_cat":"27159","_seopress_titles_title":"","_seopress_titles_desc":"Entdecken Sie die Tissot Supersport NBA Sonderedition: sportlicher Stil, NBA-inspirierte Details und robustes Design f\u00fcr jeden Tag.","_seopress_robots_index":""},"brand":[27087],"product_brand":[],"product_cat":[27159,27381,27325,27203,27123],"product_tag":[],"class_list":{"0":"post-216043","1":"product","2":"type-product","3":"status-publish","4":"has-post-thumbnail","6":"brand-tissot-de","7":"product_cat-tissot-de","8":"product_cat-tissot-supersport-chrono","9":"product_cat-tissot-spezialitaten","10":"product_cat-tissot-sport","11":"product_cat-uhren","12":"pa_couleurduboitier-schwarz-de","13":"pa_couleurdubracelet-schwarz-de","14":"pa_couleurducadran-schwarz","15":"pa_etancheite-100m-de","16":"pa_forme-runden","17":"pa_genre-mann","18":"pa_matiere-schwarzespvd","19":"pa_matierebraceletmontre-leder","20":"pa_mouvement-quarzbatterie-de","21":"pa_swissmade-ja-de","22":"pa_typedemontre-chronograph-de","23":"sales-flash-overlay","24":"woocommerce-text-align-center","25":"woocommerce-image-align-center","26":"do-quantity-buttons","28":"first","29":"instock","30":"taxable","31":"shipping-taxable","32":"purchasable","33":"product-type-simple"},"acf":[],"_links":{"self":[{"href":"https:\/\/lediamant.ch\/de\/wp-json\/wp\/v2\/product\/216043","targetHints":{"allow":["GET"]}}],"collection":[{"href":"https:\/\/lediamant.ch\/de\/wp-json\/wp\/v2\/product"}],"about":[{"href":"https:\/\/lediamant.ch\/de\/wp-json\/wp\/v2\/types\/product"}],"wp:featuredmedia":[{"embeddable":true,"href":"https:\/\/lediamant.ch\/de\/wp-json\/wp\/v2\/media\/216045"}],"wp:attachment":[{"href":"https:\/\/lediamant.ch\/de\/wp-json\/wp\/v2\/media?parent=216043"}],"wp:term":[{"taxonomy":"brand","embeddable":true,"href":"https:\/\/lediamant.ch\/de\/wp-json\/wp\/v2\/brand?post=216043"},{"taxonomy":"product_brand","embeddable":true,"href":"https:\/\/lediamant.ch\/de\/wp-json\/wp\/v2\/product_brand?post=216043"},{"taxonomy":"product_cat","embeddable":true,"href":"https:\/\/lediamant.ch\/de\/wp-json\/wp\/v2\/product_cat?post=216043"},{"taxonomy":"product_tag","embeddable":true,"href":"https:\/\/lediamant.ch\/de\/wp-json\/wp\/v2\/product_tag?post=216043"}],"curies":[{"name":"wp","href":"https:\/\/api.w.org\/{rel}","templated":true}]}}