{"id":216059,"date":"2025-02-05T18:12:50","date_gmt":"2025-02-05T17:12:50","guid":{"rendered":"https:\/\/lediamant.ch\/?post_type=product&#038;p=216059"},"modified":"2025-02-05T18:31:49","modified_gmt":"2025-02-05T17:31:49","slug":"hamilton-ventura-xxl-skeleton-auto","status":"publish","type":"product","link":"https:\/\/lediamant.ch\/de\/uhren\/216059-hamilton-ventura-xxl-skeleton-auto-h24625330\/","title":{"rendered":"Hamilton Ventura XXL Skeleton Auto"},"content":{"rendered":"<p>Seit ihrem Deb\u00fct im Jahr 1957 hat sich die Hamilton Ventura nicht nur durch ihr revolution\u00e4res Design hervorgetan: Als erste elektrische Armbanduhr mit Batteriebetrieb war sie eine technische Meisterleistung. Die Ventura XXL Skeleton Automatic setzt diesen Innovationsgeist mit einem auffallend skelettierten Zifferblatt fort, das das kraftvolle mechanische Uhrwerk enth\u00fcllt, das sie antreibt.<\/p>\n<p>Mit einem 46 mm XXL-Geh\u00e4use verk\u00f6rpert sie die k\u00fchne geometrische Vision der Ventura, angereichert mit dem Know-how der zeitgen\u00f6ssischen Schweizer Uhrmacherkunst. Geniale Aussparungen im Zifferblatt gew\u00e4hren einen privilegierten Blick auf ein v\u00f6llig neu konzipiertes, skelettiertes Uhrwerk, das es erm\u00f6glicht, das ultraschnelle Schlagen der Spiralfeder aus Nivachron\u2122, einer exklusiven Legierung mit bemerkenswerten antimagnetischen Eigenschaften, aus n\u00e4chster N\u00e4he zu beobachten.<\/p>\n<p>Der Ventura von Hamilton ist mehr als nur eine Hommage an seine reiche Vergangenheit, er ist ein dynamischer Ausdruck einer sich st\u00e4ndig erneuernden Kreativit\u00e4t, die die Grenzen von heute \u00fcberschreitet, um sich die M\u00f6glichkeiten von morgen vorzustellen.<\/p>\n","protected":false},"excerpt":{"rendered":"<p>Seit ihrem Deb\u00fct im Jahr 1957 hat sich die Hamilton Ventura nicht nur durch ihr revolution\u00e4res Design hervorgetan: Als erste elektrische Armbanduhr mit Batteriebetrieb war sie eine technische Meisterleistung. Die Ventura XXL Skeleton Automatic setzt diesen Innovationsgeist mit einem auffallend skelettierten Zifferblatt fort, das das kraftvolle mechanische Uhrwerk enth\u00fcllt, das sie antreibt. Mit einem 46 &#8230; <a title=\"Hamilton Ventura XXL Skeleton Auto\" class=\"read-more\" href=\"https:\/\/lediamant.ch\/de\/uhren\/216059-hamilton-ventura-xxl-skeleton-auto-h24625330\/\" aria-label=\"Mehr Informationen \u00fcber Hamilton Ventura XXL Skeleton Auto\">Weiterlesen &#8230;<\/a><\/p>\n","protected":false},"featured_media":216061,"template":"","meta":{"_acf_changed":false,"_seopress_robots_primary_cat":"27181","_seopress_titles_title":"","_seopress_titles_desc":"Die Hamilton Ventura revolutioniert weiterhin mit einem skelettierten Zifferblatt und Schweizer Uhrmacherkunst. Ein Meisterwerk der Technik und Design.","_seopress_robots_index":""},"brand":[27085],"product_brand":[],"product_cat":[27181,27123,27323],"product_tag":[],"class_list":{"0":"post-216059","1":"product","2":"type-product","3":"status-publish","4":"has-post-thumbnail","6":"brand-hamilton-de","7":"product_cat-hamilton-de","8":"product_cat-uhren","9":"product_cat-ventura-de","10":"pa_couleurduboitier-grau-de","11":"pa_couleurdubracelet-schwarz-de","12":"pa_couleurducadran-schwarz","13":"pa_dimensions-o-46-mm","14":"pa_etancheite-50m-de","15":"pa_forme-dreieck-de","16":"pa_genre-mann","17":"pa_matiere-stahl","18":"pa_matierebraceletmontre-kautschuk","19":"pa_modele-de-mouvement-h-10-s-de","20":"pa_mouvement-automatik-de","21":"pa_swissmade-ja-de","22":"pa_typedemontre-skelettuhren","23":"pa_verre-saphir-de","24":"sales-flash-overlay","25":"woocommerce-text-align-center","26":"woocommerce-image-align-center","27":"do-quantity-buttons","29":"first","30":"instock","31":"taxable","32":"shipping-taxable","33":"purchasable","34":"product-type-simple"},"acf":[],"_links":{"self":[{"href":"https:\/\/lediamant.ch\/de\/wp-json\/wp\/v2\/product\/216059","targetHints":{"allow":["GET"]}}],"collection":[{"href":"https:\/\/lediamant.ch\/de\/wp-json\/wp\/v2\/product"}],"about":[{"href":"https:\/\/lediamant.ch\/de\/wp-json\/wp\/v2\/types\/product"}],"wp:featuredmedia":[{"embeddable":true,"href":"https:\/\/lediamant.ch\/de\/wp-json\/wp\/v2\/media\/216061"}],"wp:attachment":[{"href":"https:\/\/lediamant.ch\/de\/wp-json\/wp\/v2\/media?parent=216059"}],"wp:term":[{"taxonomy":"brand","embeddable":true,"href":"https:\/\/lediamant.ch\/de\/wp-json\/wp\/v2\/brand?post=216059"},{"taxonomy":"product_brand","embeddable":true,"href":"https:\/\/lediamant.ch\/de\/wp-json\/wp\/v2\/product_brand?post=216059"},{"taxonomy":"product_cat","embeddable":true,"href":"https:\/\/lediamant.ch\/de\/wp-json\/wp\/v2\/product_cat?post=216059"},{"taxonomy":"product_tag","embeddable":true,"href":"https:\/\/lediamant.ch\/de\/wp-json\/wp\/v2\/product_tag?post=216059"}],"curies":[{"name":"wp","href":"https:\/\/api.w.org\/{rel}","templated":true}]}}