{"id":216156,"date":"2025-02-12T17:04:04","date_gmt":"2025-02-12T16:04:04","guid":{"rendered":"https:\/\/lediamant.ch\/?post_type=product&#038;p=216156"},"modified":"2025-02-12T17:48:15","modified_gmt":"2025-02-12T16:48:15","slug":"aerowatch-1942-chronolady-quartz-36mm-bleu","status":"publish","type":"product","link":"https:\/\/lediamant.ch\/de\/uhren\/216156-aerowatch-1942-chronolady-quartz-36mm-blau-a-81105-aa01\/","title":{"rendered":"Aerowatch 1942 Chronolady Quartz 36mm Blau"},"content":{"rendered":"<p>Entdecken Sie die ChronoLady Quartz Aerowatch, eine perfekte Mischung aus Stil und Funktionalit\u00e4t. Dieser au\u00dfergew\u00f6hnliche Zeitmesser verbindet die Pr\u00e4zision des Quarzwerks mit einem robusten Design und erf\u00fcllt damit die Erwartungen der anspruchsvollsten Uhrenliebhaber. Er ist bis zu 50 Meter wasserdicht. Mit einem Durchmesser von 36 mm sorgt das Geh\u00e4use f\u00fcr eine elegante Pr\u00e4senz am Handgelenk und zieht mit seinem eleganten Perlmuttzifferblatt und den blauen Zeigern die Aufmerksamkeit auf sich. W\u00e4hlen Sie die zeitlose Eleganz eines hellblauen Lederarmbands mit Dornschlie\u00dfe f\u00fcr einen raffinierten Abschluss. Die ChronoLady Quartz Aerowatch vereint raffiniertes Design mit zuverl\u00e4ssiger Leistung. Ob f\u00fcr den Alltag oder f\u00fcr besondere Momente, diese wundersch\u00f6ne Uhr wird Ihren Stil unterstreichen und gleichzeitig eine hohe Pr\u00e4zision gew\u00e4hrleisten. Definieren Sie Ihre Zeit neu mit der eleganten Aerowatch ChronoLady Quartz. Bestellen Sie Ihren noch heute und lassen Sie jeden Moment zu einem un\u00fcbertroffenen Stil-Statement werden.<\/p>\n<p>&nbsp;<\/p>\n","protected":false},"excerpt":{"rendered":"<p>Entdecken Sie die ChronoLady Quartz Aerowatch, eine perfekte Mischung aus Stil und Funktionalit\u00e4t. Dieser au\u00dfergew\u00f6hnliche Zeitmesser verbindet die Pr\u00e4zision des Quarzwerks mit einem robusten Design und erf\u00fcllt damit die Erwartungen der anspruchsvollsten Uhrenliebhaber. Er ist bis zu 50 Meter wasserdicht. Mit einem Durchmesser von 36 mm sorgt das Geh\u00e4use f\u00fcr eine elegante Pr\u00e4senz am Handgelenk &#8230; <a title=\"Aerowatch 1942 Chronolady Quartz 36mm Blau\" class=\"read-more\" href=\"https:\/\/lediamant.ch\/de\/uhren\/216156-aerowatch-1942-chronolady-quartz-36mm-blau-a-81105-aa01\/\" aria-label=\"Mehr Informationen \u00fcber Aerowatch 1942 Chronolady Quartz 36mm Blau\">Weiterlesen &#8230;<\/a><\/p>\n","protected":false},"featured_media":216158,"template":"","meta":{"_acf_changed":false,"_seopress_robots_primary_cat":"27167","_seopress_titles_title":"%%post_title%% %%sep%% %%sitetitle%%.ch","_seopress_titles_desc":"Entdecken Sie die Aerowatch ChronoLady Quartz: Stilvolles Design und hohe Funktionalit\u00e4t f\u00fcr jeden Anlass. Jetzt bestellen und Stil zeigen!","_seopress_robots_index":""},"brand":[27081],"product_brand":[],"product_cat":[27241,27167,27123],"product_tag":[],"class_list":{"0":"post-216156","1":"product","2":"type-product","3":"status-publish","4":"has-post-thumbnail","6":"brand-aerowatch-de","7":"product_cat-1942-de","8":"product_cat-aerowatch-de","9":"product_cat-uhren","10":"pa_couleurduboitier-grau-de","11":"pa_couleurdubracelet-blau-de","12":"pa_couleurducadran-perlmutt","13":"pa_dimensions-o-36-mm","14":"pa_etancheite-50m-de","15":"pa_forme-runden","16":"pa_genre-frau","17":"pa_matiere-stahl","18":"pa_matierebraceletmontre-leder","19":"pa_mouvement-quarzbatterie-de","20":"pa_swissmade-ja-de","21":"pa_typedemontre-chronograph-de","22":"pa_verre-saphir-de","23":"sales-flash-overlay","24":"woocommerce-text-align-center","25":"woocommerce-image-align-center","26":"do-quantity-buttons","28":"first","29":"instock","30":"taxable","31":"shipping-taxable","32":"purchasable","33":"product-type-simple"},"acf":[],"_links":{"self":[{"href":"https:\/\/lediamant.ch\/de\/wp-json\/wp\/v2\/product\/216156","targetHints":{"allow":["GET"]}}],"collection":[{"href":"https:\/\/lediamant.ch\/de\/wp-json\/wp\/v2\/product"}],"about":[{"href":"https:\/\/lediamant.ch\/de\/wp-json\/wp\/v2\/types\/product"}],"wp:featuredmedia":[{"embeddable":true,"href":"https:\/\/lediamant.ch\/de\/wp-json\/wp\/v2\/media\/216158"}],"wp:attachment":[{"href":"https:\/\/lediamant.ch\/de\/wp-json\/wp\/v2\/media?parent=216156"}],"wp:term":[{"taxonomy":"brand","embeddable":true,"href":"https:\/\/lediamant.ch\/de\/wp-json\/wp\/v2\/brand?post=216156"},{"taxonomy":"product_brand","embeddable":true,"href":"https:\/\/lediamant.ch\/de\/wp-json\/wp\/v2\/product_brand?post=216156"},{"taxonomy":"product_cat","embeddable":true,"href":"https:\/\/lediamant.ch\/de\/wp-json\/wp\/v2\/product_cat?post=216156"},{"taxonomy":"product_tag","embeddable":true,"href":"https:\/\/lediamant.ch\/de\/wp-json\/wp\/v2\/product_tag?post=216156"}],"curies":[{"name":"wp","href":"https:\/\/api.w.org\/{rel}","templated":true}]}}