{"id":216190,"date":"2025-02-12T18:12:29","date_gmt":"2025-02-12T17:12:29","guid":{"rendered":"https:\/\/lediamant.ch\/?post_type=product&#038;p=216190"},"modified":"2025-02-12T18:30:09","modified_gmt":"2025-02-12T17:30:09","slug":"balmain-haute-elegance-30mm","status":"publish","type":"product","link":"https:\/\/lediamant.ch\/de\/uhren\/216190-balmain-haute-elegance-30mm-b81373362\/","title":{"rendered":"Balmain Haute Elegance 30mm"},"content":{"rendered":"<div class=\"std morelesstext\">\n<p>Die Vintage Haute \u00c9l\u00e9gance von Balmain. Wo Geschmack auf K\u00f6nnen trifft, bleibt ein Name bestehen: Pierre Balmain. Als Sch\u00f6pfer der Pariser Haute Couture revolutionierte er die Modewelt seiner Zeit. Heute wird sein Erbe von einer Uhrenmarke gepflegt, die zu einem gro\u00dfen Schweizer Konzern geh\u00f6rt. Dieser Konzern stellt Montres Balmain technische und kommerzielle Mittel sowie eine langj\u00e4hrige Erfahrung in der Uhrenindustrie zur Verf\u00fcgung. Montres Pierre Balmain hat seinen Sitz in Saint-Imier, im Berner Jura in der Schweiz. Das Unternehmen befindet sich im Herzen der Wiege der Uhrmacherei, einer Region, in der die Uhrmacherei seit Generationen Tradition hat. Die Welt der Mode wird von einer Vielzahl von Quellen inspiriert und jede Balmain-Uhr hat ihre eigene Geschichte und Bedeutung. Alle Balmain-Modelle erf\u00fcllen die gleichen hohen Qualit\u00e4tsstandards und werden mit der gleichen Liebe zum Detail hergestellt. Sie sind wahre Symbole f\u00fcr Eleganz und Kultiviertheit und erf\u00fcllen die Qualit\u00e4ts- und \u00c4sthetikanforderungen der anspruchsvollsten Frauen.<\/p>\n<p>&nbsp;<\/p>\n<\/div>\n","protected":false},"excerpt":{"rendered":"<p>Die Vintage Haute \u00c9l\u00e9gance von Balmain. Wo Geschmack auf K\u00f6nnen trifft, bleibt ein Name bestehen: Pierre Balmain. Als Sch\u00f6pfer der Pariser Haute Couture revolutionierte er die Modewelt seiner Zeit. Heute wird sein Erbe von einer Uhrenmarke gepflegt, die zu einem gro\u00dfen Schweizer Konzern geh\u00f6rt. Dieser Konzern stellt Montres Balmain technische und kommerzielle Mittel sowie eine &#8230; <a title=\"Balmain Haute Elegance 30mm\" class=\"read-more\" href=\"https:\/\/lediamant.ch\/de\/uhren\/216190-balmain-haute-elegance-30mm-b81373362\/\" aria-label=\"Mehr Informationen \u00fcber Balmain Haute Elegance 30mm\">Weiterlesen &#8230;<\/a><\/p>\n","protected":false},"featured_media":216192,"template":"","meta":{"_acf_changed":false,"_seopress_robots_primary_cat":"27173","_seopress_titles_title":"","_seopress_titles_desc":"Entdecken Sie die Vintage-Eleganz von Balmain, wo Haute Couture und Schweizer Uhrmacherkunst sich zu einer unvergleichlichen Raffinesse treffen.","_seopress_robots_index":""},"brand":[27083],"product_brand":[],"product_cat":[27173,27137,27467,27123],"product_tag":[],"class_list":{"0":"post-216190","1":"product","2":"type-product","3":"status-publish","4":"has-post-thumbnail","6":"brand-balmain-de","7":"product_cat-balmain-de","8":"product_cat-bracelet-ajustable-de","9":"product_cat-haute-elegance-de","10":"product_cat-uhren","11":"pa_couleurduboitier-gelb-de","12":"pa_couleurdubracelet-gelb-de","13":"pa_couleurducadran-schwarz","14":"pa_dimensions-o-30-mm","15":"pa_etancheite-30m-de","16":"pa_forme-runden","17":"pa_genre-frau","18":"pa_matiere-gelbgoldpvd","19":"pa_matierebraceletmontre-edelstahl","20":"pa_mouvement-quarzbatterie-de","21":"pa_swissmade-ja-de","22":"sales-flash-overlay","23":"woocommerce-text-align-center","24":"woocommerce-image-align-center","25":"do-quantity-buttons","27":"first","28":"instock","29":"taxable","30":"shipping-taxable","31":"purchasable","32":"product-type-simple"},"acf":[],"_links":{"self":[{"href":"https:\/\/lediamant.ch\/de\/wp-json\/wp\/v2\/product\/216190","targetHints":{"allow":["GET"]}}],"collection":[{"href":"https:\/\/lediamant.ch\/de\/wp-json\/wp\/v2\/product"}],"about":[{"href":"https:\/\/lediamant.ch\/de\/wp-json\/wp\/v2\/types\/product"}],"wp:featuredmedia":[{"embeddable":true,"href":"https:\/\/lediamant.ch\/de\/wp-json\/wp\/v2\/media\/216192"}],"wp:attachment":[{"href":"https:\/\/lediamant.ch\/de\/wp-json\/wp\/v2\/media?parent=216190"}],"wp:term":[{"taxonomy":"brand","embeddable":true,"href":"https:\/\/lediamant.ch\/de\/wp-json\/wp\/v2\/brand?post=216190"},{"taxonomy":"product_brand","embeddable":true,"href":"https:\/\/lediamant.ch\/de\/wp-json\/wp\/v2\/product_brand?post=216190"},{"taxonomy":"product_cat","embeddable":true,"href":"https:\/\/lediamant.ch\/de\/wp-json\/wp\/v2\/product_cat?post=216190"},{"taxonomy":"product_tag","embeddable":true,"href":"https:\/\/lediamant.ch\/de\/wp-json\/wp\/v2\/product_tag?post=216190"}],"curies":[{"name":"wp","href":"https:\/\/api.w.org\/{rel}","templated":true}]}}