{"id":216254,"date":"2025-02-14T14:34:01","date_gmt":"2025-02-14T13:34:01","guid":{"rendered":"https:\/\/lediamant.ch\/?post_type=product&#038;p=216254"},"modified":"2025-02-14T14:47:34","modified_gmt":"2025-02-14T13:47:34","slug":"balmain-haute-elegance-30mm-4","status":"publish","type":"product","link":"https:\/\/lediamant.ch\/de\/uhren\/216254-balmain-haute-elegance-30mm-b81323912\/","title":{"rendered":"Balmain Haute Elegance 30mm"},"content":{"rendered":"<div class=\"std morelesstext\">\n<div class=\"std morelesstext\">\n<p>Die hohe Vintage-Eleganz von Balmain hat ihre eigene Klasse. Wo Geschmack auf K\u00f6nnen trifft, bleibt ein Name in den K\u00f6pfen der Menschen haften: Pierre Balmain. Als Sch\u00f6pfer der Pariser Haute Couture revolutionierte er die Modewelt seiner Zeit. Heute wird sein Erbe von einer Uhrenmarke gepflegt, die zu einem gro\u00dfen Schweizer Konzern geh\u00f6rt. Dieser Konzern stellt Montres Balmain technische und kommerzielle Mittel sowie eine langj\u00e4hrige Erfahrung in der Uhrenindustrie zur Verf\u00fcgung. Montres Pierre Balmain hat seinen Sitz in Saint-Imier, im Berner Jura in der Schweiz. Das Unternehmen befindet sich im Herzen des &#8222;Vall\u00e9e des Montres&#8220;, einer Region, in der die Uhrmacherei seit Generationen Tradition hat. Die Welt der Mode wird von einer Vielzahl von Quellen inspiriert und jede Balmain-Uhr hat ihre eigene Geschichte und Bedeutung. Alle Balmain-Modelle erf\u00fcllen die gleichen hohen Qualit\u00e4tsstandards und werden mit der gleichen Liebe zum Detail hergestellt. Sie sind wahre Symbole f\u00fcr Eleganz und Kultiviertheit und erf\u00fcllen die Qualit\u00e4ts- und \u00c4sthetikanforderungen der anspruchsvollsten Frauen.<\/p>\n<\/div>\n<p>&nbsp;<\/p>\n<\/div>\n","protected":false},"excerpt":{"rendered":"<p>Die hohe Vintage-Eleganz von Balmain hat ihre eigene Klasse. Wo Geschmack auf K\u00f6nnen trifft, bleibt ein Name in den K\u00f6pfen der Menschen haften: Pierre Balmain. Als Sch\u00f6pfer der Pariser Haute Couture revolutionierte er die Modewelt seiner Zeit. Heute wird sein Erbe von einer Uhrenmarke gepflegt, die zu einem gro\u00dfen Schweizer Konzern geh\u00f6rt. Dieser Konzern stellt &#8230; <a title=\"Balmain Haute Elegance 30mm\" class=\"read-more\" href=\"https:\/\/lediamant.ch\/de\/uhren\/216254-balmain-haute-elegance-30mm-b81323912\/\" aria-label=\"Mehr Informationen \u00fcber Balmain Haute Elegance 30mm\">Weiterlesen &#8230;<\/a><\/p>\n","protected":false},"featured_media":216256,"template":"","meta":{"_acf_changed":false,"_seopress_robots_primary_cat":"27173","_seopress_titles_title":"","_seopress_titles_desc":"Entdecken Sie die Vintage-Eleganz und Raffinesse der Balmain-Uhren, das Erbe von Pierre Balmain, dem Symbol der Schweizer Haute Couture-Uhrmacherei.","_seopress_robots_index":""},"brand":[27083],"product_brand":[],"product_cat":[27173,27137,27467,27123],"product_tag":[],"class_list":{"0":"post-216254","1":"product","2":"type-product","3":"status-publish","4":"has-post-thumbnail","6":"brand-balmain-de","7":"product_cat-balmain-de","8":"product_cat-bracelet-ajustable-de","9":"product_cat-haute-elegance-de","10":"product_cat-uhren","11":"pa_couleurduboitier-zweifarbig-de","12":"pa_couleurdubracelet-bicolor","13":"pa_couleurducadran-silber","14":"pa_dimensions-o-30-mm","15":"pa_etancheite-30m-de","16":"pa_forme-runden","17":"pa_garantie-24monate","18":"pa_genre-frau","19":"pa_matiere-zweifarbigstahlgelbgoldpvd","20":"pa_matierebraceletmontre-edelstahl","21":"pa_mouvement-quarzbatterie-de","22":"pa_swissmade-ja-de","23":"sales-flash-overlay","24":"woocommerce-text-align-center","25":"woocommerce-image-align-center","26":"do-quantity-buttons","28":"first","29":"instock","30":"taxable","31":"shipping-taxable","32":"purchasable","33":"product-type-simple"},"acf":[],"_links":{"self":[{"href":"https:\/\/lediamant.ch\/de\/wp-json\/wp\/v2\/product\/216254","targetHints":{"allow":["GET"]}}],"collection":[{"href":"https:\/\/lediamant.ch\/de\/wp-json\/wp\/v2\/product"}],"about":[{"href":"https:\/\/lediamant.ch\/de\/wp-json\/wp\/v2\/types\/product"}],"wp:featuredmedia":[{"embeddable":true,"href":"https:\/\/lediamant.ch\/de\/wp-json\/wp\/v2\/media\/216256"}],"wp:attachment":[{"href":"https:\/\/lediamant.ch\/de\/wp-json\/wp\/v2\/media?parent=216254"}],"wp:term":[{"taxonomy":"brand","embeddable":true,"href":"https:\/\/lediamant.ch\/de\/wp-json\/wp\/v2\/brand?post=216254"},{"taxonomy":"product_brand","embeddable":true,"href":"https:\/\/lediamant.ch\/de\/wp-json\/wp\/v2\/product_brand?post=216254"},{"taxonomy":"product_cat","embeddable":true,"href":"https:\/\/lediamant.ch\/de\/wp-json\/wp\/v2\/product_cat?post=216254"},{"taxonomy":"product_tag","embeddable":true,"href":"https:\/\/lediamant.ch\/de\/wp-json\/wp\/v2\/product_tag?post=216254"}],"curies":[{"name":"wp","href":"https:\/\/api.w.org\/{rel}","templated":true}]}}