{"id":216277,"date":"2025-02-14T18:05:18","date_gmt":"2025-02-14T17:05:18","guid":{"rendered":"https:\/\/lediamant.ch\/?post_type=product&#038;p=216277"},"modified":"2025-02-14T18:13:24","modified_gmt":"2025-02-14T17:13:24","slug":"aerowatch-night-day-quartz","status":"publish","type":"product","link":"https:\/\/lediamant.ch\/de\/uhren\/216277-aerowatch-night-day-quartz-44829-aa01\/","title":{"rendered":"Aerowatch Night &#038; Day Quartz"},"content":{"rendered":"<p>Diese wundersch\u00f6ne Aerowatch-Taschenuhr mit Schweizer Quarzwerk zeigt die Stunden, Minuten, Sekunden, das Datum sowie Tag und Nacht an.<br \/>\nDas L\u00e9pine-Geh\u00e4use aus poliertem Stahl mit einem Durchmesser von 48 mm und das Saphirglas verleihen der Uhr eine raffinierte \u00c4sthetik und optimale Haltbarkeit.<br \/>\nDas silberne Zifferblatt ist mit r\u00f6mischen Ziffern verziert, die f\u00fcr einen zus\u00e4tzlichen Hauch von Eleganz sorgen. Dieses Modell ist wasserdicht bis zu einer Tiefe von 30 Metern.<\/p>\n","protected":false},"excerpt":{"rendered":"<p>Diese wundersch\u00f6ne Aerowatch-Taschenuhr mit Schweizer Quarzwerk zeigt die Stunden, Minuten, Sekunden, das Datum sowie Tag und Nacht an. Das L\u00e9pine-Geh\u00e4use aus poliertem Stahl mit einem Durchmesser von 48 mm und das Saphirglas verleihen der Uhr eine raffinierte \u00c4sthetik und optimale Haltbarkeit. Das silberne Zifferblatt ist mit r\u00f6mischen Ziffern verziert, die f\u00fcr einen zus\u00e4tzlichen Hauch von &#8230; <a title=\"Aerowatch Night &#038; Day Quartz\" class=\"read-more\" href=\"https:\/\/lediamant.ch\/de\/uhren\/216277-aerowatch-night-day-quartz-44829-aa01\/\" aria-label=\"Mehr Informationen \u00fcber Aerowatch Night &#038; Day Quartz\">Weiterlesen &#8230;<\/a><\/p>\n","protected":false},"featured_media":216279,"template":"","meta":{"_acf_changed":false,"_seopress_robots_primary_cat":"27167","_seopress_titles_title":"","_seopress_titles_desc":"Entdecken Sie die Aerowatch mit Schweizer Quarzwerk, Stahlgeh\u00e4use und 30m Wasserdichtigkeit. Ein moderner Klassiker, der Funktionalit\u00e4t und Stil vereint.","_seopress_robots_index":""},"brand":[27081],"product_brand":[],"product_cat":[27123,27167,27337],"product_tag":[],"class_list":{"0":"post-216277","1":"product","2":"type-product","3":"status-publish","4":"has-post-thumbnail","6":"brand-aerowatch-de","7":"product_cat-uhren","8":"product_cat-aerowatch-de","9":"product_cat-taschenuhren","10":"pa_couleurduboitier-grau-de","11":"pa_couleurducadran-silber","12":"pa_dimensions-o-48-mm","13":"pa_etancheite-30m-de","14":"pa_forme-runden","15":"pa_genre-mann","16":"pa_matiere-stahl","17":"pa_mouvement-quarzbatterie-de","18":"pa_swissmade-ja-de","19":"pa_typedemontre-taschenuhren","20":"pa_verre-saphir-de","21":"sales-flash-overlay","22":"woocommerce-text-align-center","23":"woocommerce-image-align-center","24":"do-quantity-buttons","26":"first","27":"instock","28":"taxable","29":"shipping-taxable","30":"purchasable","31":"product-type-simple"},"acf":[],"_links":{"self":[{"href":"https:\/\/lediamant.ch\/de\/wp-json\/wp\/v2\/product\/216277","targetHints":{"allow":["GET"]}}],"collection":[{"href":"https:\/\/lediamant.ch\/de\/wp-json\/wp\/v2\/product"}],"about":[{"href":"https:\/\/lediamant.ch\/de\/wp-json\/wp\/v2\/types\/product"}],"wp:featuredmedia":[{"embeddable":true,"href":"https:\/\/lediamant.ch\/de\/wp-json\/wp\/v2\/media\/216279"}],"wp:attachment":[{"href":"https:\/\/lediamant.ch\/de\/wp-json\/wp\/v2\/media?parent=216277"}],"wp:term":[{"taxonomy":"brand","embeddable":true,"href":"https:\/\/lediamant.ch\/de\/wp-json\/wp\/v2\/brand?post=216277"},{"taxonomy":"product_brand","embeddable":true,"href":"https:\/\/lediamant.ch\/de\/wp-json\/wp\/v2\/product_brand?post=216277"},{"taxonomy":"product_cat","embeddable":true,"href":"https:\/\/lediamant.ch\/de\/wp-json\/wp\/v2\/product_cat?post=216277"},{"taxonomy":"product_tag","embeddable":true,"href":"https:\/\/lediamant.ch\/de\/wp-json\/wp\/v2\/product_tag?post=216277"}],"curies":[{"name":"wp","href":"https:\/\/api.w.org\/{rel}","templated":true}]}}