{"id":216420,"date":"2025-02-21T09:51:06","date_gmt":"2025-02-21T08:51:06","guid":{"rendered":"https:\/\/lediamant.ch\/?post_type=product&#038;p=216420"},"modified":"2025-10-03T08:35:33","modified_gmt":"2025-10-03T06:35:33","slug":"tissot-t-race-quartz-chronograph-45mm-3","status":"publish","type":"product","link":"https:\/\/lediamant.ch\/de\/uhren\/216420-tissot-t-race-quartz-chronograph-t1414173705101\/","title":{"rendered":"Tissot T-Race Quartz Chronograph 45mm"},"content":{"rendered":"<p>Die beliebte T-Race Kollektion, die von Rennmotorr\u00e4dern inspiriert ist, wird regelm\u00e4\u00dfig um neue Modelle erweitert, wie zum Beispiel diesen Tissot T-Race Quartz Chronograph. Wie beim Motorradfahren vereint Tissot Leidenschaft, Innovation und Stil in dieser Uhr, die die Referenz f\u00fcr jeden Gentleman-Biker ist. Tissot hat sich von der Welt des Sports inspirieren lassen, um Zeitmesser zu kreieren, die die Dynamik der Motorr\u00e4der und die Intensit\u00e4t des Fahrens widerspiegeln.  <\/p>\n<p>Mit der L\u00fcnette, die einer Bremsscheibe nachempfunden ist, den Dr\u00fcckern, die an Lenkergriffe erinnern, und den stilisierten Motork\u00fchlrippen an der Seite des Geh\u00e4uses ist diese Uhr eine echte Hommage an das Motorradfahren. Das 45 mm gro\u00dfe Geh\u00e4use aus Edelstahl 316L mit schwarzer PVD-Beschichtung ist mit einem kratzfesten, entspiegelten Saphirglas versehen und wird von einem weichen, meergr\u00fcnen Silikonarmband sicher am Arm gehalten. Die mit SuperlumiNova beschichteten Zeiger sorgen f\u00fcr eine hervorragende Ablesbarkeit. Das ideale Modell f\u00fcr alle Motorradfans!   <\/p>\n","protected":false},"excerpt":{"rendered":"<p>Die beliebte T-Race Kollektion, die von Rennmotorr\u00e4dern inspiriert ist, wird regelm\u00e4\u00dfig um neue Modelle erweitert, wie zum Beispiel diesen Tissot T-Race Quartz Chronograph. Wie beim Motorradfahren vereint Tissot Leidenschaft, Innovation und Stil in dieser Uhr, die die Referenz f\u00fcr jeden Gentleman-Biker ist. Tissot hat sich von der Welt des Sports inspirieren lassen, um Zeitmesser zu &#8230; <a title=\"Tissot T-Race Quartz Chronograph 45mm\" class=\"read-more\" href=\"https:\/\/lediamant.ch\/de\/uhren\/216420-tissot-t-race-quartz-chronograph-t1414173705101\/\" aria-label=\"Mehr Informationen \u00fcber Tissot T-Race Quartz Chronograph 45mm\">Weiterlesen &#8230;<\/a><\/p>\n","protected":false},"featured_media":216412,"template":"","meta":{"_acf_changed":false,"_seopress_robots_primary_cat":"27158","_seopress_titles_title":"","_seopress_titles_desc":"Entdecken Sie die Tissot T-Race Uhr, eine Hommage an die Welt der Motorr\u00e4der mit Stil und Innovation. Die perfekte Wahl f\u00fcr alle Motorradfans! ","_seopress_robots_index":""},"brand":[27087],"product_brand":[],"product_cat":[27159,27509,27203,27123],"product_tag":[],"class_list":{"0":"post-216420","1":"product","2":"type-product","3":"status-publish","4":"has-post-thumbnail","6":"brand-tissot-de","7":"product_cat-tissot-de","8":"product_cat-tissot-t-race","9":"product_cat-tissot-sport","10":"product_cat-uhren","11":"pa_couleurduboitier-schwarz-de","12":"pa_couleurdubracelet-grun-de","13":"pa_couleurducadran-schwarz","14":"pa_dimensions-o-45-mm","15":"pa_etancheite-100m-de","16":"pa_forme-runden","17":"pa_garantie-24monate","18":"pa_genre-mann","19":"pa_matiere-schwarzespvd","20":"pa_matierebraceletmontre-silikon","21":"pa_mouvement-quarzbatterie-de","22":"pa_swissmade-ja-de","23":"pa_typedemontre-chronograph-de","24":"pa_verre-saphir-de","25":"sales-flash-overlay","26":"woocommerce-text-align-center","27":"woocommerce-image-align-center","28":"do-quantity-buttons","30":"first","31":"instock","32":"taxable","33":"shipping-taxable","34":"purchasable","35":"product-type-simple"},"acf":[],"_links":{"self":[{"href":"https:\/\/lediamant.ch\/de\/wp-json\/wp\/v2\/product\/216420","targetHints":{"allow":["GET"]}}],"collection":[{"href":"https:\/\/lediamant.ch\/de\/wp-json\/wp\/v2\/product"}],"about":[{"href":"https:\/\/lediamant.ch\/de\/wp-json\/wp\/v2\/types\/product"}],"wp:featuredmedia":[{"embeddable":true,"href":"https:\/\/lediamant.ch\/de\/wp-json\/wp\/v2\/media\/216412"}],"wp:attachment":[{"href":"https:\/\/lediamant.ch\/de\/wp-json\/wp\/v2\/media?parent=216420"}],"wp:term":[{"taxonomy":"brand","embeddable":true,"href":"https:\/\/lediamant.ch\/de\/wp-json\/wp\/v2\/brand?post=216420"},{"taxonomy":"product_brand","embeddable":true,"href":"https:\/\/lediamant.ch\/de\/wp-json\/wp\/v2\/product_brand?post=216420"},{"taxonomy":"product_cat","embeddable":true,"href":"https:\/\/lediamant.ch\/de\/wp-json\/wp\/v2\/product_cat?post=216420"},{"taxonomy":"product_tag","embeddable":true,"href":"https:\/\/lediamant.ch\/de\/wp-json\/wp\/v2\/product_tag?post=216420"}],"curies":[{"name":"wp","href":"https:\/\/api.w.org\/{rel}","templated":true}]}}