{"id":216546,"date":"2025-02-26T13:49:19","date_gmt":"2025-02-26T12:49:19","guid":{"rendered":"https:\/\/lediamant.ch\/?post_type=product&#038;p=216546"},"modified":"2025-02-26T14:27:21","modified_gmt":"2025-02-26T13:27:21","slug":"maurice-lacroix-aikon-manual-39mm-collectors-edition","status":"publish","type":"product","link":"https:\/\/lediamant.ch\/de\/uhren\/216546-maurice-lacroix-aikon-manual-39mm-collectors-edition-ai7007-ss00e-430-c\/","title":{"rendered":"Maurice Lacroix Aikon Manual 39mm Collectors Edition"},"content":{"rendered":"<p>Maurice Lacroix ist stolz darauf, die erste AIKON <strong>mit Handaufzug<\/strong> zu pr\u00e4sentieren, eine auf 500 Exemplare limitierte Edition, die eine Hommage an die japanische Uhrenkultur ist. Diese Uhr wurde in enger Zusammenarbeit mit Koji Nakazawa, dem Gr\u00fcnder des Maurice Lacroix Watch Club Japan, entworfen und hat ein schlichtes Zifferblatt ohne Datum und Sekundenzeiger, das von der minimalistischen \u00c4sthetik inspiriert ist, die von japanischen Sammlern so gesch\u00e4tzt wird. Das schlanke 10 mm Geh\u00e4use, das tiefblaue Clous de Paris Zifferblatt und die ikonische L\u00fcnette mit sechs Reitern bewahren die urbane Eleganz der Kollektion. Dank des Easy Strap Exchange Systems k\u00f6nnen Sie problemlos zwischen dem f\u00fcnfreihigen Stahlarmband und dem blauen Vintage-Lederarmband mit dem rhodinierten M-Logo wechseln. Und das ist noch nicht alles: Der transparente Boden mit der Gravur &#8222;Limited Edition of 500&#8220; unterstreicht den exklusiven Charakter dieses au\u00dfergew\u00f6hnlichen Zeitmessers.<\/p>\n","protected":false},"excerpt":{"rendered":"<p>Maurice Lacroix ist stolz darauf, die erste AIKON mit Handaufzug zu pr\u00e4sentieren, eine auf 500 Exemplare limitierte Edition, die eine Hommage an die japanische Uhrenkultur ist. Diese Uhr wurde in enger Zusammenarbeit mit Koji Nakazawa, dem Gr\u00fcnder des Maurice Lacroix Watch Club Japan, entworfen und hat ein schlichtes Zifferblatt ohne Datum und Sekundenzeiger, das von &#8230; <a title=\"Maurice Lacroix Aikon Manual 39mm Collectors Edition\" class=\"read-more\" href=\"https:\/\/lediamant.ch\/de\/uhren\/216546-maurice-lacroix-aikon-manual-39mm-collectors-edition-ai7007-ss00e-430-c\/\" aria-label=\"Mehr Informationen \u00fcber Maurice Lacroix Aikon Manual 39mm Collectors Edition\">Weiterlesen &#8230;<\/a><\/p>\n","protected":false},"featured_media":216563,"template":"","meta":{"_acf_changed":false,"_seopress_robots_primary_cat":"27149","_seopress_titles_title":"%%post_title%%","_seopress_titles_desc":"Maurice Lacroix ist stolz darauf, die erste AIKON mit Handaufzug zu pr\u00e4sentieren, eine auf 500 Exemplare.limitierte Edition.","_seopress_robots_index":""},"brand":[27103],"product_brand":[],"product_cat":[27205,27137,27149,27123],"product_tag":[],"class_list":{"0":"post-216546","1":"product","2":"type-product","3":"status-publish","4":"has-post-thumbnail","6":"brand-mauricelacroix-de","7":"product_cat-aikon-de","8":"product_cat-bracelet-ajustable-de","9":"product_cat-maurice-lacroix-de","10":"product_cat-uhren","11":"pa_couleurduboitier-grau-de","12":"pa_couleurdubracelet-blau-de","13":"pa_couleurdubracelet-grau-de","14":"pa_couleurducadran-blau","15":"pa_etancheite-100m-de","16":"pa_forme-runden","17":"pa_genre-mann","18":"pa_limitededition-500-exemplare","19":"pa_matiere-stahl","20":"pa_matierebraceletmontre-edelstahl","21":"pa_matierebraceletmontre-leder","22":"pa_mouvement-mechanik","23":"pa_option-boitier-transparenter-hintergrund","24":"pa_swissmade-ja-de","25":"pa_typedemontre-uhrenmithandaufzug","26":"sales-flash-overlay","27":"woocommerce-text-align-center","28":"woocommerce-image-align-center","29":"do-quantity-buttons","31":"first","32":"instock","33":"taxable","34":"shipping-taxable","35":"purchasable","36":"product-type-simple"},"acf":[],"_links":{"self":[{"href":"https:\/\/lediamant.ch\/de\/wp-json\/wp\/v2\/product\/216546","targetHints":{"allow":["GET"]}}],"collection":[{"href":"https:\/\/lediamant.ch\/de\/wp-json\/wp\/v2\/product"}],"about":[{"href":"https:\/\/lediamant.ch\/de\/wp-json\/wp\/v2\/types\/product"}],"wp:featuredmedia":[{"embeddable":true,"href":"https:\/\/lediamant.ch\/de\/wp-json\/wp\/v2\/media\/216563"}],"wp:attachment":[{"href":"https:\/\/lediamant.ch\/de\/wp-json\/wp\/v2\/media?parent=216546"}],"wp:term":[{"taxonomy":"brand","embeddable":true,"href":"https:\/\/lediamant.ch\/de\/wp-json\/wp\/v2\/brand?post=216546"},{"taxonomy":"product_brand","embeddable":true,"href":"https:\/\/lediamant.ch\/de\/wp-json\/wp\/v2\/product_brand?post=216546"},{"taxonomy":"product_cat","embeddable":true,"href":"https:\/\/lediamant.ch\/de\/wp-json\/wp\/v2\/product_cat?post=216546"},{"taxonomy":"product_tag","embeddable":true,"href":"https:\/\/lediamant.ch\/de\/wp-json\/wp\/v2\/product_tag?post=216546"}],"curies":[{"name":"wp","href":"https:\/\/api.w.org\/{rel}","templated":true}]}}