{"id":216648,"date":"2025-03-05T14:30:34","date_gmt":"2025-03-05T13:30:34","guid":{"rendered":"https:\/\/lediamant.ch\/?post_type=product&#038;p=216648"},"modified":"2025-03-12T18:20:43","modified_gmt":"2025-03-12T17:20:43","slug":"hamilton-jazzmaster-open-heart-auto-42mm-3","status":"publish","type":"product","link":"https:\/\/lediamant.ch\/de\/uhren\/216648-hamilton-jazzmaster-open-heart-auto-42mm-h32705560\/","title":{"rendered":"Hamilton Jazzmaster Open Heart Auto 42mm"},"content":{"rendered":"<p>Die Jazzmaster Open Heart gew\u00e4hrt einen Einblick in ihren kraftvollen internen Mechanismus und betont die Pr\u00e4zision mit einem neuen 42 mm gro\u00dfen Zifferblatt. Mit einem intensiven Gr\u00fcnton abgestuft, enth\u00fcllt dieses Zifferblatt die subtile Sch\u00f6nheit dieser Uhr, die die sich st\u00e4ndig weiterentwickelnde Handwerkskunst und Liebe zum Detail von Hamilton widerspiegelt. Angetrieben von einem H-10 Automatikwerk mit 80 Stunden Gangreserve und einer Nivachron\u2122 Spirale, ist die Jazzmaster Open Heart Auto an einem zeitlosen, rauchbraunen Lederarmband montiert. Entdecken Sie unsere Kollektion von eleganten Uhren.<\/p>\n","protected":false},"excerpt":{"rendered":"<p>Die Jazzmaster Open Heart gew\u00e4hrt einen Einblick in ihren kraftvollen internen Mechanismus und betont die Pr\u00e4zision mit einem neuen 42 mm gro\u00dfen Zifferblatt. Mit einem intensiven Gr\u00fcnton abgestuft, enth\u00fcllt dieses Zifferblatt die subtile Sch\u00f6nheit dieser Uhr, die die sich st\u00e4ndig weiterentwickelnde Handwerkskunst und Liebe zum Detail von Hamilton widerspiegelt. Angetrieben von einem H-10 Automatikwerk mit &#8230; <a title=\"Hamilton Jazzmaster Open Heart Auto 42mm\" class=\"read-more\" href=\"https:\/\/lediamant.ch\/de\/uhren\/216648-hamilton-jazzmaster-open-heart-auto-42mm-h32705560\/\" aria-label=\"Mehr Informationen \u00fcber Hamilton Jazzmaster Open Heart Auto 42mm\">Weiterlesen &#8230;<\/a><\/p>\n","protected":false},"featured_media":216650,"template":"","meta":{"_acf_changed":false,"_seopress_robots_primary_cat":"27181","_seopress_titles_title":"%%post_title%%","_seopress_titles_desc":"Erleben Sie die Pr\u00e4zision der Jazzmaster Open Heart mit 42mm Zifferblatt und 80 Stunden Gangreserve. Eleganz trifft Technik.","_seopress_robots_index":""},"brand":[27085],"product_brand":[],"product_cat":[27181,27243,27123],"product_tag":[],"class_list":{"0":"post-216648","1":"product","2":"type-product","3":"status-publish","4":"has-post-thumbnail","6":"brand-hamilton-de","7":"product_cat-hamilton-de","8":"product_cat-jazzmaster-de","9":"product_cat-uhren","10":"pa_couleurduboitier-grau-de","11":"pa_couleurdubracelet-braun-de","12":"pa_couleurducadran-grun","13":"pa_dimensions-o-42-mm","14":"pa_etancheite-50m-de","15":"pa_forme-runden","16":"pa_genre-mann","17":"pa_matiere-stahl","18":"pa_matierebraceletmontre-leder","19":"pa_modele-de-mouvement-h-10-de","20":"pa_mouvement-automatik-de","21":"pa_option-boitier-transparenter-hintergrund","22":"pa_swissmade-ja-de","23":"pa_verre-saphir-de","24":"sales-flash-overlay","25":"woocommerce-text-align-center","26":"woocommerce-image-align-center","27":"do-quantity-buttons","29":"first","30":"instock","31":"taxable","32":"shipping-taxable","33":"purchasable","34":"product-type-simple"},"acf":[],"_links":{"self":[{"href":"https:\/\/lediamant.ch\/de\/wp-json\/wp\/v2\/product\/216648","targetHints":{"allow":["GET"]}}],"collection":[{"href":"https:\/\/lediamant.ch\/de\/wp-json\/wp\/v2\/product"}],"about":[{"href":"https:\/\/lediamant.ch\/de\/wp-json\/wp\/v2\/types\/product"}],"wp:featuredmedia":[{"embeddable":true,"href":"https:\/\/lediamant.ch\/de\/wp-json\/wp\/v2\/media\/216650"}],"wp:attachment":[{"href":"https:\/\/lediamant.ch\/de\/wp-json\/wp\/v2\/media?parent=216648"}],"wp:term":[{"taxonomy":"brand","embeddable":true,"href":"https:\/\/lediamant.ch\/de\/wp-json\/wp\/v2\/brand?post=216648"},{"taxonomy":"product_brand","embeddable":true,"href":"https:\/\/lediamant.ch\/de\/wp-json\/wp\/v2\/product_brand?post=216648"},{"taxonomy":"product_cat","embeddable":true,"href":"https:\/\/lediamant.ch\/de\/wp-json\/wp\/v2\/product_cat?post=216648"},{"taxonomy":"product_tag","embeddable":true,"href":"https:\/\/lediamant.ch\/de\/wp-json\/wp\/v2\/product_tag?post=216648"}],"curies":[{"name":"wp","href":"https:\/\/api.w.org\/{rel}","templated":true}]}}