{"id":216672,"date":"2025-03-05T15:11:32","date_gmt":"2025-03-05T14:11:32","guid":{"rendered":"https:\/\/lediamant.ch\/?post_type=product&#038;p=216672"},"modified":"2025-03-05T15:24:08","modified_gmt":"2025-03-05T14:24:08","slug":"hamilton-jazzmaster-performer-auto-chrono-42mm-2","status":"publish","type":"product","link":"https:\/\/lediamant.ch\/de\/uhren\/216672-hamilton-jazzmaster-performer-auto-chrono-42mm-h36646780\/","title":{"rendered":"Hamilton Jazzmaster Performer Auto Chrono 42mm"},"content":{"rendered":"<p>Die Jazzmaster Performer Auto Chrono 42 mm verleiht dem zeitlosen Stil neues Leben. Sie verk\u00f6rpert eine moderne Version der Alltagsuhr, ohne dabei ihren charakteristischen sportlichen Reiz zu verlieren. Der \u00e4u\u00dfere Ring dient zur Anzeige der Uhrzeit, w\u00e4hrend die drei Chronographenz\u00e4hler die verstrichenen Stunden, Minuten und Sekunden registrieren. Die Jazzmaster Auto Chrono 42 mm hat ein schlankes Geh\u00e4use mit schwarzer PVD-Beschichtung und ein schwarzes Lederarmband. Das H-31 Uhrwerk bietet eine Gangreserve von 60 Stunden. Entdecken Sie unsere Chronographen-Kollektion.<\/p>\n","protected":false},"excerpt":{"rendered":"<p>Die Jazzmaster Performer Auto Chrono 42 mm verleiht dem zeitlosen Stil neues Leben. Sie verk\u00f6rpert eine moderne Version der Alltagsuhr, ohne dabei ihren charakteristischen sportlichen Reiz zu verlieren. Der \u00e4u\u00dfere Ring dient zur Anzeige der Uhrzeit, w\u00e4hrend die drei Chronographenz\u00e4hler die verstrichenen Stunden, Minuten und Sekunden registrieren. Die Jazzmaster Auto Chrono 42 mm hat ein &#8230; <a title=\"Hamilton Jazzmaster Performer Auto Chrono 42mm\" class=\"read-more\" href=\"https:\/\/lediamant.ch\/de\/uhren\/216672-hamilton-jazzmaster-performer-auto-chrono-42mm-h36646780\/\" aria-label=\"Mehr Informationen \u00fcber Hamilton Jazzmaster Performer Auto Chrono 42mm\">Weiterlesen &#8230;<\/a><\/p>\n","protected":false},"featured_media":216674,"template":"","meta":{"_acf_changed":false,"_seopress_robots_primary_cat":"27181","_seopress_titles_title":"%%post_title%%","_seopress_titles_desc":"Entdecken Sie die zeitlose Eleganz der Jazzmaster Auto Chrono 42 mm, mit ihrem sportlichen und modernen Design, PVD-Geh\u00e4use und Lederarmband. 60-Stunden-Reserve.","_seopress_robots_index":""},"brand":[27085],"product_brand":[],"product_cat":[27181,27243,27123],"product_tag":[],"class_list":{"0":"post-216672","1":"product","2":"type-product","3":"status-publish","4":"has-post-thumbnail","6":"brand-hamilton-de","7":"product_cat-hamilton-de","8":"product_cat-jazzmaster-de","9":"product_cat-uhren","10":"pa_couleurduboitier-schwarz-de","11":"pa_couleurdubracelet-schwarz-de","12":"pa_couleurducadran-schwarz","13":"pa_etancheite-100m-de","14":"pa_forme-runden","15":"pa_genre-mann","16":"pa_matiere-schwarzespvd","17":"pa_matierebraceletmontre-leder","18":"pa_mouvement-automatik-de","19":"pa_swissmade-ja-de","20":"pa_typedemontre-chronograph-de","21":"pa_verre-saphir-de","22":"sales-flash-overlay","23":"woocommerce-text-align-center","24":"woocommerce-image-align-center","25":"do-quantity-buttons","27":"first","28":"outofstock","29":"taxable","30":"shipping-taxable","31":"purchasable","32":"product-type-simple"},"acf":[],"_links":{"self":[{"href":"https:\/\/lediamant.ch\/de\/wp-json\/wp\/v2\/product\/216672","targetHints":{"allow":["GET"]}}],"collection":[{"href":"https:\/\/lediamant.ch\/de\/wp-json\/wp\/v2\/product"}],"about":[{"href":"https:\/\/lediamant.ch\/de\/wp-json\/wp\/v2\/types\/product"}],"wp:featuredmedia":[{"embeddable":true,"href":"https:\/\/lediamant.ch\/de\/wp-json\/wp\/v2\/media\/216674"}],"wp:attachment":[{"href":"https:\/\/lediamant.ch\/de\/wp-json\/wp\/v2\/media?parent=216672"}],"wp:term":[{"taxonomy":"brand","embeddable":true,"href":"https:\/\/lediamant.ch\/de\/wp-json\/wp\/v2\/brand?post=216672"},{"taxonomy":"product_brand","embeddable":true,"href":"https:\/\/lediamant.ch\/de\/wp-json\/wp\/v2\/product_brand?post=216672"},{"taxonomy":"product_cat","embeddable":true,"href":"https:\/\/lediamant.ch\/de\/wp-json\/wp\/v2\/product_cat?post=216672"},{"taxonomy":"product_tag","embeddable":true,"href":"https:\/\/lediamant.ch\/de\/wp-json\/wp\/v2\/product_tag?post=216672"}],"curies":[{"name":"wp","href":"https:\/\/api.w.org\/{rel}","templated":true}]}}