{"id":216692,"date":"2025-03-05T15:41:45","date_gmt":"2025-03-05T14:41:45","guid":{"rendered":"https:\/\/lediamant.ch\/?post_type=product&#038;p=216692"},"modified":"2025-03-05T17:21:44","modified_gmt":"2025-03-05T16:21:44","slug":"bague-or-jaune-750-18-ct-bombee-polie","status":"publish","type":"product","link":"https:\/\/lediamant.ch\/de\/schmuck\/216692-ring-gelbgold-750-18-kt-bombiert-und-poliert-rgo1043\/","title":{"rendered":"Ring Gelbgold 750\/18 kt. Bombiert und poliert"},"content":{"rendered":"<p>Dieser wundersch\u00f6ne Ring aus Gelbgold 750\/18 ct. ist ein wahres Symbol f\u00fcr Kultiviertheit und Eleganz. Sein klares Design verleiht ihm einen Hauch von Weiblichkeit und Raffinesse. Er ist das perfekte Schmuckst\u00fcck, um jedem Outfit einen Hauch von Glamour zu verleihen oder ein unvergessliches Geschenk f\u00fcr einen geliebten Menschen zu machen.<\/p>\n","protected":false},"excerpt":{"rendered":"<p>Dieser wundersch\u00f6ne Ring aus Gelbgold 750\/18 ct. ist ein wahres Symbol f\u00fcr Kultiviertheit und Eleganz. Sein klares Design verleiht ihm einen Hauch von Weiblichkeit und Raffinesse. Er ist das perfekte Schmuckst\u00fcck, um jedem Outfit einen Hauch von Glamour zu verleihen oder ein unvergessliches Geschenk f\u00fcr einen geliebten Menschen zu machen.<\/p>\n","protected":false},"featured_media":216699,"template":"","meta":{"_acf_changed":false,"_seopress_robots_primary_cat":"27261","_seopress_titles_title":"%%post_title%% %%sep%% %%sitetitle%%.ch","_seopress_titles_desc":"Entdecken Sie die Eleganz unseres Ringes 'Cha\u00eene' aus 18 Karat Gelbgold, ein Schmuckst\u00fcck mit modernem Design und unvergleichlichem Glanz. Perfekt f\u00fcr jeden Anlass.","_seopress_robots_index":""},"brand":[27089],"product_brand":[],"product_cat":[27261,27139,27121],"product_tag":[],"class_list":{"0":"post-216692","1":"product","2":"type-product","3":"status-publish","4":"has-post-thumbnail","6":"brand-gold-jewellery-de","7":"product_cat-gold-ringe","8":"product_cat-ringe","9":"product_cat-schmuck","10":"pa_genre-frau","11":"pa_matiere-75018ktgelbgold","12":"pa_tailledebague-50-de","13":"pa_tailledebague-52-de","14":"pa_tailledebague-54-de","15":"pa_tailledebague-56-de","16":"pa_tailledebague-58-de","17":"sales-flash-overlay","18":"woocommerce-text-align-center","19":"woocommerce-image-align-center","20":"do-quantity-buttons","22":"first","23":"instock","24":"taxable","25":"shipping-taxable","26":"purchasable","27":"product-type-variable","28":"has-default-attributes"},"acf":[],"_links":{"self":[{"href":"https:\/\/lediamant.ch\/de\/wp-json\/wp\/v2\/product\/216692","targetHints":{"allow":["GET"]}}],"collection":[{"href":"https:\/\/lediamant.ch\/de\/wp-json\/wp\/v2\/product"}],"about":[{"href":"https:\/\/lediamant.ch\/de\/wp-json\/wp\/v2\/types\/product"}],"wp:featuredmedia":[{"embeddable":true,"href":"https:\/\/lediamant.ch\/de\/wp-json\/wp\/v2\/media\/216699"}],"wp:attachment":[{"href":"https:\/\/lediamant.ch\/de\/wp-json\/wp\/v2\/media?parent=216692"}],"wp:term":[{"taxonomy":"brand","embeddable":true,"href":"https:\/\/lediamant.ch\/de\/wp-json\/wp\/v2\/brand?post=216692"},{"taxonomy":"product_brand","embeddable":true,"href":"https:\/\/lediamant.ch\/de\/wp-json\/wp\/v2\/product_brand?post=216692"},{"taxonomy":"product_cat","embeddable":true,"href":"https:\/\/lediamant.ch\/de\/wp-json\/wp\/v2\/product_cat?post=216692"},{"taxonomy":"product_tag","embeddable":true,"href":"https:\/\/lediamant.ch\/de\/wp-json\/wp\/v2\/product_tag?post=216692"}],"curies":[{"name":"wp","href":"https:\/\/api.w.org\/{rel}","templated":true}]}}