{"id":216730,"date":"2025-03-05T17:42:23","date_gmt":"2025-03-05T16:42:23","guid":{"rendered":"https:\/\/lediamant.ch\/?post_type=product&#038;p=216730"},"modified":"2025-03-05T18:32:20","modified_gmt":"2025-03-05T17:32:20","slug":"bague-or-blanc-750-18-ct-diamants-0-34ct","status":"publish","type":"product","link":"https:\/\/lediamant.ch\/de\/schmuck\/216730-ring-weissgold-750-18-kt-diamanten-034ct-rbr2200\/","title":{"rendered":"Ring Wei\u00dfgold 750\/18 kt. Diamanten 0.34ct."},"content":{"rendered":"<p>Dieser elegante und funkelnde Ring in Wei\u00dfgold 750\/18 kt. ist mit 103 Brillanten H SI von insgesamt 0,34 ct. verziert. Sein raffinierter Glanz und sein zeitloses Design machen ihn zu einem kostbaren St\u00fcck, das ideal ist, um einen besonderen Moment zu markieren oder eine au\u00dfergew\u00f6hnliche Schmuckkollektion zu bereichern. Anspruchsvoll und zart, f\u00e4ngt er das Licht mit Anmut ein und verleiht Ihrem Stil einen Hauch von diskretem Luxus.<\/p>\n","protected":false},"excerpt":{"rendered":"<p>Dieser elegante und funkelnde Ring in Wei\u00dfgold 750\/18 kt. ist mit 103 Brillanten H SI von insgesamt 0,34 ct. verziert. Sein raffinierter Glanz und sein zeitloses Design machen ihn zu einem kostbaren St\u00fcck, das ideal ist, um einen besonderen Moment zu markieren oder eine au\u00dfergew\u00f6hnliche Schmuckkollektion zu bereichern. Anspruchsvoll und zart, f\u00e4ngt er das Licht &#8230; <a title=\"Ring Wei\u00dfgold 750\/18 kt. Diamanten 0.34ct.\" class=\"read-more\" href=\"https:\/\/lediamant.ch\/de\/schmuck\/216730-ring-weissgold-750-18-kt-diamanten-034ct-rbr2200\/\" aria-label=\"Mehr Informationen \u00fcber Ring Wei\u00dfgold 750\/18 kt. Diamanten 0.34ct.\">Weiterlesen &#8230;<\/a><\/p>\n","protected":false},"featured_media":216737,"template":"","meta":{"_acf_changed":false,"_seopress_robots_primary_cat":"27261","_seopress_titles_title":"%%post_title%% %%sep%% %%sitetitle%%.ch","_seopress_titles_desc":"Entdecken Sie diesen Ring aus 750\/18 ct Wei\u00dfgold mit 103 Brillanten, der sich perfekt f\u00fcr ein einzigartiges Geschenk oder einen Hauch von t\u00e4glichem Luxus eignet.","_seopress_robots_index":""},"brand":[27089],"product_brand":[41908],"product_cat":[27261,27139,27121],"product_tag":[],"class_list":{"0":"post-216730","1":"product","2":"type-product","3":"status-publish","4":"has-post-thumbnail","6":"brand-gold-jewellery-de","7":"product_brand-diamonds-jewellry-by-le-diamant","8":"product_cat-gold-ringe","9":"product_cat-ringe","10":"product_cat-schmuck","11":"pa_detail-de-s-pierres-s-103-brillanten-h-si-0-34ct","12":"pa_genre-frau","13":"pa_matiere-75018ktweissgold","14":"pa_pierres-diamant-de","15":"pa_tailledebague-48-de","16":"pa_tailledebague-50-de","17":"pa_tailledebague-52-de","18":"pa_tailledebague-54-de","19":"pa_tailledebague-56-de","20":"pa_tailledebague-58-de","21":"sales-flash-overlay","22":"woocommerce-text-align-center","23":"woocommerce-image-align-center","24":"do-quantity-buttons","26":"first","27":"instock","28":"taxable","29":"shipping-taxable","30":"purchasable","31":"product-type-variable","32":"has-default-attributes"},"acf":[],"_links":{"self":[{"href":"https:\/\/lediamant.ch\/de\/wp-json\/wp\/v2\/product\/216730","targetHints":{"allow":["GET"]}}],"collection":[{"href":"https:\/\/lediamant.ch\/de\/wp-json\/wp\/v2\/product"}],"about":[{"href":"https:\/\/lediamant.ch\/de\/wp-json\/wp\/v2\/types\/product"}],"wp:featuredmedia":[{"embeddable":true,"href":"https:\/\/lediamant.ch\/de\/wp-json\/wp\/v2\/media\/216737"}],"wp:attachment":[{"href":"https:\/\/lediamant.ch\/de\/wp-json\/wp\/v2\/media?parent=216730"}],"wp:term":[{"taxonomy":"brand","embeddable":true,"href":"https:\/\/lediamant.ch\/de\/wp-json\/wp\/v2\/brand?post=216730"},{"taxonomy":"product_brand","embeddable":true,"href":"https:\/\/lediamant.ch\/de\/wp-json\/wp\/v2\/product_brand?post=216730"},{"taxonomy":"product_cat","embeddable":true,"href":"https:\/\/lediamant.ch\/de\/wp-json\/wp\/v2\/product_cat?post=216730"},{"taxonomy":"product_tag","embeddable":true,"href":"https:\/\/lediamant.ch\/de\/wp-json\/wp\/v2\/product_tag?post=216730"}],"curies":[{"name":"wp","href":"https:\/\/api.w.org\/{rel}","templated":true}]}}