{"id":216749,"date":"2025-10-11T00:01:43","date_gmt":"2025-10-10T22:01:43","guid":{"rendered":"https:\/\/lediamant.ch\/?post_type=product&#038;p=216749"},"modified":"2025-03-07T15:13:48","modified_gmt":"2025-03-07T14:13:48","slug":"maurice-lacroix-aikon-automatic-wotto-42mm","status":"publish","type":"product","link":"https:\/\/lediamant.ch\/de\/uhren\/216749-maurice-lacroix-aikon-automatic-wotto-42mm-ai6008-ss009-090-1\/","title":{"rendered":"Maurice Lacroix Aikon Automatic WOTTO 42mm"},"content":{"rendered":"<p>Maurice Lacroix enth\u00fcllt die unglaubliche AIKON Automatic Wotto Limited Edition! Dieses <strong>auf 1.000 Exemplare limitierte<\/strong>, tragbare Meisterst\u00fcck bricht nicht nur mit den Codes, sondern sprengt sie auch. Die ultimative Verschmelzung von urbaner Kultur, k\u00fcnstlerischer Gravur und Schweizer Uhrmacherkunst, dieses auff\u00e4llige Design ist der Beginn der Urban Tribe Serie. @Timeengraver hat das Niveau mit der Enth\u00fcllung eines neuen St\u00fccks erh\u00f6ht, das diesmal mit Illustrationen des britischen K\u00fcnstlers Wotto, einer Symbolfigur der Street Art-Szene, geschm\u00fcckt ist. Jetzt schlie\u00dft sich der Kreis mit der AIKON Automatic Wotto Limited Edition, einer Uhr, die Schweizer Uhrmacherkunst mit der ungez\u00fcgelten kreativen Welt von Wotto verbindet. Das ist die St\u00e4rke der urbanen Kultur: ein k\u00fcnstlerischer Dialog in st\u00e4ndiger Bewegung, in dem sich die Inspirationen kreuzen und aufeinander antworten. Mit dieser Zusammenarbeit erforscht Maurice Lacroix mehr als je zuvor die Grenze zwischen Uhrmacherei und Kunst. Muss Wotto, oder Craig Watkins, wie er mit b\u00fcrgerlichem Namen hei\u00dft, noch vorgestellt werden? Der in Kalifornien lebende britische Auswanderer wurde dank seines einzigartigen Kritzelstils, der das Niedliche mit dem Skurrilen, das Chaos mit dem Emotionalen verbindet, zu einer Symbolfigur der urbanen Kunst. Seine unverkennbaren Werke sind ein Fest der Farben und originellen Charaktere, die den Betrachter in eine schillernde Spirale von Geschichten ziehen, die ein wenig mysteri\u00f6s sind. Diese neue AIKON ist mehr als nur eine gravierte Uhr, sie ist ein echtes Kunstwerk, das man am Handgelenk tragen kann und das alle Elemente von Wottos Werk aufgreift. Das 42 mm gro\u00dfe Stahlgeh\u00e4use, das Armband und die L\u00fcnette sind vollst\u00e4ndig mit Motiven aus Wottos produktiver Fantasie graviert. Pilze, kleine Herzen, skateboardfahrende Geister und Blitze umgeben das gro\u00dfe W, die Signatur des K\u00fcnstlers, und verteilen sich wie Hieroglyphen auf den Gliedern des eleganten integrierten Armbands der AIKON, das sich \u00fcber das Geh\u00e4use und die L\u00fcnette erstreckt. Wie ein Rebus erz\u00e4hlt jedes Glied seine eigene Geschichte. Diese Ideogramme werden durch den Kontrast zwischen dem Glanz der polierten Oberfl\u00e4che und der Gravur der Verzierungen hervorgehoben und verleihen der Uhr eine atemberaubende Tiefe. Und dann gibt es noch den eigentlichen Star der Show: das Zifferblatt. Zum ersten Mal in der Urban Tribe Serie hatte Wotto freie Hand, um sein eigenes grafisches Universum zu schaffen. Auf einem einfachen grauen Hintergrund, der als Leinwand dient, platzierte der K\u00fcnstler einen Reigen verspielter Figuren in einer Abstufung von Gelb bis Blau. In der Mitte des monochromen Zeitmessers platziert, zieht diese farbenfrohe Zeichnung die Aufmerksamkeit besonders an. Um dieses Bild nicht zu \u00fcberstrahlen, sind die Indizes diskret und einfach mit einer Metallspitze markiert. Unter diesem flirrenden Kunstwerk verbirgt sich das automatische Kaliber ML115 mit einer Gangreserve von 38 Stunden. Das bis 200 Meter wasserdichte Geh\u00e4use ist auf der R\u00fcckseite mit einem entspiegelten Saphirglas versehen - ein transparenter Boden, der den Blick auf die Mechanik freigibt, die selbst ein Kunstwerk der anderen Art ist. Die AIKON Automatic Wotto Limited Edition verk\u00f6rpert die perfekte Verbindung von k\u00fchnem Design und uhrmacherischer Handwerkskunst. Getreu der Philosophie von Maurice Lacroix bietet dieser Zeitmesser eine au\u00dfergew\u00f6hnliche Qualit\u00e4t und ein bemerkenswertes Niveau der Verarbeitung, w\u00e4hrend er gleichzeitig absolut erschwinglich bleibt. Mit seiner auffallenden \u00c4sthetik und seiner k\u00fcnstlerischen DNA wird dieses St\u00fcck die K\u00f6pfe verdrehen und die Bewunderung all derer auf sich ziehen, die ihm begegnen.<\/p>\n","protected":false},"excerpt":{"rendered":"<p>Maurice Lacroix enth\u00fcllt die unglaubliche AIKON Automatic Wotto Limited Edition! Dieses auf 1.000 Exemplare limitierte, tragbare Meisterst\u00fcck bricht nicht nur mit den Codes, sondern sprengt sie auch. Die ultimative Verschmelzung von urbaner Kultur, k\u00fcnstlerischer Gravur und Schweizer Uhrmacherkunst, dieses auff\u00e4llige Design ist der Beginn der Urban Tribe Serie. @Timeengraver hat das Niveau mit der Enth\u00fcllung &#8230; <a title=\"Maurice Lacroix Aikon Automatic WOTTO 42mm\" class=\"read-more\" href=\"https:\/\/lediamant.ch\/de\/uhren\/216749-maurice-lacroix-aikon-automatic-wotto-42mm-ai6008-ss009-090-1\/\" aria-label=\"Mehr Informationen \u00fcber Maurice Lacroix Aikon Automatic WOTTO 42mm\">Weiterlesen &#8230;<\/a><\/p>\n","protected":false},"featured_media":216773,"template":"","meta":{"_acf_changed":false,"_seopress_robots_primary_cat":"27149","_seopress_titles_title":"%%post_title%% %%sep%% %%sitetitle%%.ch","_seopress_titles_desc":"Die AIKON Automatic Wotto Limited Edition vereint Schweizer Pr\u00e4zision mit urbaner Kunst. Streng limitiert, ein Must-Have f\u00fcr Sammler!","_seopress_robots_index":""},"brand":[27103],"product_brand":[],"product_cat":[27205,27137,27149,27123],"product_tag":[],"class_list":{"0":"post-216749","1":"product","2":"type-product","3":"status-publish","4":"has-post-thumbnail","6":"brand-mauricelacroix-de","7":"product_cat-aikon-de","8":"product_cat-bracelet-ajustable-de","9":"product_cat-maurice-lacroix-de","10":"product_cat-uhren","11":"pa_couleurduboitier-grau-de","12":"pa_couleurdubracelet-grau-de","13":"pa_couleurducadran-grau","14":"pa_etancheite-200m-de","15":"pa_forme-runden","16":"pa_genre-frau","17":"pa_genre-mann","18":"pa_largeur-11-mm-de","19":"pa_limitededition-1000-exemplare-weltweit","20":"pa_matiere-stahl","21":"pa_matierebraceletmontre-edelstahl","22":"pa_mouvement-automatik-de","23":"pa_swissmade-ja-de","24":"sales-flash-overlay","25":"woocommerce-text-align-center","26":"woocommerce-image-align-center","27":"do-quantity-buttons","29":"first","30":"instock","31":"taxable","32":"shipping-taxable","33":"purchasable","34":"product-type-simple"},"acf":[],"_links":{"self":[{"href":"https:\/\/lediamant.ch\/de\/wp-json\/wp\/v2\/product\/216749","targetHints":{"allow":["GET"]}}],"collection":[{"href":"https:\/\/lediamant.ch\/de\/wp-json\/wp\/v2\/product"}],"about":[{"href":"https:\/\/lediamant.ch\/de\/wp-json\/wp\/v2\/types\/product"}],"wp:featuredmedia":[{"embeddable":true,"href":"https:\/\/lediamant.ch\/de\/wp-json\/wp\/v2\/media\/216773"}],"wp:attachment":[{"href":"https:\/\/lediamant.ch\/de\/wp-json\/wp\/v2\/media?parent=216749"}],"wp:term":[{"taxonomy":"brand","embeddable":true,"href":"https:\/\/lediamant.ch\/de\/wp-json\/wp\/v2\/brand?post=216749"},{"taxonomy":"product_brand","embeddable":true,"href":"https:\/\/lediamant.ch\/de\/wp-json\/wp\/v2\/product_brand?post=216749"},{"taxonomy":"product_cat","embeddable":true,"href":"https:\/\/lediamant.ch\/de\/wp-json\/wp\/v2\/product_cat?post=216749"},{"taxonomy":"product_tag","embeddable":true,"href":"https:\/\/lediamant.ch\/de\/wp-json\/wp\/v2\/product_tag?post=216749"}],"curies":[{"name":"wp","href":"https:\/\/api.w.org\/{rel}","templated":true}]}}