{"id":216821,"date":"2025-03-12T15:20:54","date_gmt":"2025-03-12T14:20:54","guid":{"rendered":"https:\/\/lediamant.ch\/?post_type=product&#038;p=216821"},"modified":"2025-03-12T15:53:21","modified_gmt":"2025-03-12T14:53:21","slug":"tissot-seastar-1000-quartz-40mm-pvd-noir","status":"publish","type":"product","link":"https:\/\/lediamant.ch\/de\/uhren\/216821-tissot-seastar-1000-quarz-40mm-pvd-schwarz-t1204103342100\/","title":{"rendered":"Tissot Seastar 1000 Quarz 40mm PVD schwarz"},"content":{"rendered":"<p>Die Tissot Seastar 1000 Quartz 40 mm PVD schwarz mit rotem Zifferblatt bietet einen sportlichen Look und unverzichtbare Funktionen unter Wasser. Sie ist absolut zuverl\u00e4ssig bis zu einem Druck von 30 bar (300 m) und beweist, dass eine Unterwasser-Sportuhr und ein anspruchsvoller Zeitmesser in einem einzigen Objekt vereint werden k\u00f6nnen. Diese Uhr ist ideal f\u00fcr Tag und Nacht. Die Ablesbarkeit bei schlechten Lichtverh\u00e4ltnissen wird durch Super-LumiNova\u00ae auf den Zeigern und Stundenindizes gew\u00e4hrleistet.<\/p>\n","protected":false},"excerpt":{"rendered":"<p>Die Tissot Seastar 1000 Quartz 40 mm PVD schwarz mit rotem Zifferblatt bietet einen sportlichen Look und unverzichtbare Funktionen unter Wasser. Sie ist absolut zuverl\u00e4ssig bis zu einem Druck von 30 bar (300 m) und beweist, dass eine Unterwasser-Sportuhr und ein anspruchsvoller Zeitmesser in einem einzigen Objekt vereint werden k\u00f6nnen. Diese Uhr ist ideal f\u00fcr &#8230; <a title=\"Tissot Seastar 1000 Quarz 40mm PVD schwarz\" class=\"read-more\" href=\"https:\/\/lediamant.ch\/de\/uhren\/216821-tissot-seastar-1000-quarz-40mm-pvd-schwarz-t1204103342100\/\" aria-label=\"Mehr Informationen \u00fcber Tissot Seastar 1000 Quarz 40mm PVD schwarz\">Weiterlesen &#8230;<\/a><\/p>\n","protected":false},"featured_media":216814,"template":"","meta":{"_acf_changed":false,"_seopress_robots_primary_cat":"27159","_seopress_titles_title":"","_seopress_titles_desc":"Entdecken Sie die Tissot Seastar 1000 Quartz, perfekt f\u00fcr alle, die gerne bis 300m tauchen. Sportlich und elegant, bietet sie Sichtbarkeit und Stil.","_seopress_robots_index":""},"brand":[27087],"product_brand":[],"product_cat":[27123,27159,27203,27441],"product_tag":[],"class_list":{"0":"post-216821","1":"product","2":"type-product","3":"status-publish","4":"has-post-thumbnail","6":"brand-tissot-de","7":"product_cat-uhren","8":"product_cat-tissot-de","9":"product_cat-tissot-sport","10":"product_cat-tissot-seastar","11":"pa_couleurduboitier-schwarz-de","12":"pa_couleurdubracelet-schwarz-de","13":"pa_couleurducadran-rot","14":"pa_dimensions-o-40-mm","15":"pa_etancheite-300m-de","16":"pa_forme-runden","17":"pa_garantie-24monate","18":"pa_genre-mann","19":"pa_matiere-schwarzespvd","20":"pa_matierebraceletmontre-edelstahl","21":"pa_mouvement-quarzbatterie-de","22":"pa_swissmade-ja-de","23":"pa_typedemontre-taucheruhren","24":"pa_verre-saphir-de","25":"sales-flash-overlay","26":"woocommerce-text-align-center","27":"woocommerce-image-align-center","28":"do-quantity-buttons","30":"first","31":"instock","32":"taxable","33":"shipping-taxable","34":"purchasable","35":"product-type-simple"},"acf":[],"_links":{"self":[{"href":"https:\/\/lediamant.ch\/de\/wp-json\/wp\/v2\/product\/216821","targetHints":{"allow":["GET"]}}],"collection":[{"href":"https:\/\/lediamant.ch\/de\/wp-json\/wp\/v2\/product"}],"about":[{"href":"https:\/\/lediamant.ch\/de\/wp-json\/wp\/v2\/types\/product"}],"wp:featuredmedia":[{"embeddable":true,"href":"https:\/\/lediamant.ch\/de\/wp-json\/wp\/v2\/media\/216814"}],"wp:attachment":[{"href":"https:\/\/lediamant.ch\/de\/wp-json\/wp\/v2\/media?parent=216821"}],"wp:term":[{"taxonomy":"brand","embeddable":true,"href":"https:\/\/lediamant.ch\/de\/wp-json\/wp\/v2\/brand?post=216821"},{"taxonomy":"product_brand","embeddable":true,"href":"https:\/\/lediamant.ch\/de\/wp-json\/wp\/v2\/product_brand?post=216821"},{"taxonomy":"product_cat","embeddable":true,"href":"https:\/\/lediamant.ch\/de\/wp-json\/wp\/v2\/product_cat?post=216821"},{"taxonomy":"product_tag","embeddable":true,"href":"https:\/\/lediamant.ch\/de\/wp-json\/wp\/v2\/product_tag?post=216821"}],"curies":[{"name":"wp","href":"https:\/\/api.w.org\/{rel}","templated":true}]}}