{"id":216924,"date":"2025-03-26T17:37:37","date_gmt":"2025-03-26T16:37:37","guid":{"rendered":"https:\/\/lediamant.ch\/?post_type=product&#038;p=216924"},"modified":"2025-03-26T17:40:42","modified_gmt":"2025-03-26T16:40:42","slug":"tissot-prc-100-solar-quartz-39mm","status":"publish","type":"product","link":"https:\/\/lediamant.ch\/de\/uhren\/216924-tissot-prc-100-solar-quartz-39mm-t1514223605100\/","title":{"rendered":"Tissot PRC 100 Solar Quartz 39mm"},"content":{"rendered":"<p>Diese ikonische Uhr, die bis in die 1980er Jahre zur\u00fcckreicht, verdrehte zun\u00e4chst die K\u00f6pfe mit ihrem avantgardistischen Know-how. Die Tissot PRC 100 Solar wurde kreiert, um die Kraft der Solarenergie zu feiern und gleichzeitig einen Klassiker von Tissot neu zu beleben. Die PRC 100 war eine der ersten Unisex-Uhren von Tissot.<\/p>\n<p>Wie die Sonne das Leben antreibt, so leitet die PRC 100 Solar diese Energie in die Kunst der Zeitmessung um und bietet eine Uhr, die so dynamisch ist wie ihr Tr\u00e4ger. Mit seinem 39 mm gro\u00dfen Edelstahlgeh\u00e4use und der charakteristischen zw\u00f6lfeckigen L\u00fcnette strahlt dieses Modell Zuversicht aus. Unter dem Saphirglas verbirgt sich ein solarbetriebenes Quarzwerk, das so konzipiert ist, dass es sich m\u00fchelos bei nat\u00fcrlichem und k\u00fcnstlichem Licht aufl\u00e4dt.<\/p>\n<p>Der EOE (End of energy)-Indikator garantiert eine optimale Leistung.<\/p>\n","protected":false},"excerpt":{"rendered":"<p>Diese ikonische Uhr, die bis in die 1980er Jahre zur\u00fcckreicht, verdrehte zun\u00e4chst die K\u00f6pfe mit ihrem avantgardistischen Know-how. Die Tissot PRC 100 Solar wurde kreiert, um die Kraft der Solarenergie zu feiern und gleichzeitig einen Klassiker von Tissot neu zu beleben. Die PRC 100 war eine der ersten Unisex-Uhren von Tissot. Wie die Sonne das &#8230; <a title=\"Tissot PRC 100 Solar Quartz 39mm\" class=\"read-more\" href=\"https:\/\/lediamant.ch\/de\/uhren\/216924-tissot-prc-100-solar-quartz-39mm-t1514223605100\/\" aria-label=\"Mehr Informationen \u00fcber Tissot PRC 100 Solar Quartz 39mm\">Weiterlesen &#8230;<\/a><\/p>\n","protected":false},"featured_media":216842,"template":"","meta":{"_acf_changed":false,"_seopress_robots_primary_cat":"27159","_seopress_titles_title":"","_seopress_titles_desc":"Die Tissot PRC 100 Solar feiert die Solarenergie und vereint Tradition und Innovation. Eine Unisex-Uhr mit Solar-Quarzwerk, die perfekt zu jedem Stil passt.","_seopress_robots_index":""},"brand":[27087],"product_brand":[],"product_cat":[27159,27245,41991,27123],"product_tag":[],"class_list":{"0":"post-216924","1":"product","2":"type-product","3":"status-publish","4":"has-post-thumbnail","6":"brand-tissot-de","7":"product_cat-tissot-de","8":"product_cat-tissot-classic","9":"product_cat-tissot-prc100-solar-de","10":"product_cat-uhren","11":"pa_couleurduboitier-schwarz-de","12":"pa_couleurdubracelet-schwarz-de","13":"pa_couleurducadran-schwarz","14":"pa_dimensions-o-39-mm","15":"pa_etancheite-100m-de","16":"pa_forme-runden","17":"pa_garantie-36-monate","18":"pa_genre-frau","19":"pa_genre-mann","20":"pa_matiere-stahl","21":"pa_matierebraceletmontre-leder","22":"pa_mouvement-solar-de","23":"pa_swissmade-ja-de","24":"pa_typedemontre-solaruhren","25":"pa_verre-saphir-de","26":"sales-flash-overlay","27":"woocommerce-text-align-center","28":"woocommerce-image-align-center","29":"do-quantity-buttons","31":"first","32":"instock","33":"taxable","34":"shipping-taxable","35":"purchasable","36":"product-type-simple"},"acf":[],"_links":{"self":[{"href":"https:\/\/lediamant.ch\/de\/wp-json\/wp\/v2\/product\/216924","targetHints":{"allow":["GET"]}}],"collection":[{"href":"https:\/\/lediamant.ch\/de\/wp-json\/wp\/v2\/product"}],"about":[{"href":"https:\/\/lediamant.ch\/de\/wp-json\/wp\/v2\/types\/product"}],"wp:featuredmedia":[{"embeddable":true,"href":"https:\/\/lediamant.ch\/de\/wp-json\/wp\/v2\/media\/216842"}],"wp:attachment":[{"href":"https:\/\/lediamant.ch\/de\/wp-json\/wp\/v2\/media?parent=216924"}],"wp:term":[{"taxonomy":"brand","embeddable":true,"href":"https:\/\/lediamant.ch\/de\/wp-json\/wp\/v2\/brand?post=216924"},{"taxonomy":"product_brand","embeddable":true,"href":"https:\/\/lediamant.ch\/de\/wp-json\/wp\/v2\/product_brand?post=216924"},{"taxonomy":"product_cat","embeddable":true,"href":"https:\/\/lediamant.ch\/de\/wp-json\/wp\/v2\/product_cat?post=216924"},{"taxonomy":"product_tag","embeddable":true,"href":"https:\/\/lediamant.ch\/de\/wp-json\/wp\/v2\/product_tag?post=216924"}],"curies":[{"name":"wp","href":"https:\/\/api.w.org\/{rel}","templated":true}]}}