{"id":217020,"date":"2025-03-26T17:57:17","date_gmt":"2025-03-26T16:57:17","guid":{"rendered":"https:\/\/lediamant.ch\/?post_type=product&#038;p=217020"},"modified":"2025-03-26T17:58:00","modified_gmt":"2025-03-26T16:58:00","slug":"tissot-prc-100-solar-quartz-39mm-3","status":"publish","type":"product","link":"https:\/\/lediamant.ch\/de\/uhren\/217020-tissot-prc-100-solar-quartz-39mm-t1514223305100\/","title":{"rendered":"Tissot PRC 100 Solar Quartz 39mm"},"content":{"rendered":"<p>Die Tissot PRC 100, die erstmals Mitte der 2000er Jahre vorgestellt wurde, ist f\u00fcr ihr einzigartiges Design bekannt und hat sich einen festen Platz in der Tissot-Kollektion erobert. Jetzt kehrt sie mit einem bahnbrechenden Lightmaster Solar Quartz Uhrwerk zur\u00fcck, das die photovoltaische Energie nutzt, um jede Sekunde zu versorgen.<\/p>\n<p>Mit seinem 39 mm gro\u00dfen Edelstahlgeh\u00e4use und der charakteristischen zw\u00f6lfeckigen L\u00fcnette strahlt dieses Modell Vertrauen aus. Unter dem eleganten Saphirglas verbirgt sich ein solarbetriebenes Quarzwerk, das so konzipiert ist, dass es sich m\u00fchelos bei nat\u00fcrlichem und k\u00fcnstlichem Licht aufl\u00e4dt.<\/p>\n<p>Der EOE (End of energy)-Indikator garantiert eine optimale Leistung.<\/p>\n","protected":false},"excerpt":{"rendered":"<p>Die Tissot PRC 100, die erstmals Mitte der 2000er Jahre vorgestellt wurde, ist f\u00fcr ihr einzigartiges Design bekannt und hat sich einen festen Platz in der Tissot-Kollektion erobert. Jetzt kehrt sie mit einem bahnbrechenden Lightmaster Solar Quartz Uhrwerk zur\u00fcck, das die photovoltaische Energie nutzt, um jede Sekunde zu versorgen. Mit seinem 39 mm gro\u00dfen Edelstahlgeh\u00e4use &#8230; <a title=\"Tissot PRC 100 Solar Quartz 39mm\" class=\"read-more\" href=\"https:\/\/lediamant.ch\/de\/uhren\/217020-tissot-prc-100-solar-quartz-39mm-t1514223305100\/\" aria-label=\"Mehr Informationen \u00fcber Tissot PRC 100 Solar Quartz 39mm\">Weiterlesen &#8230;<\/a><\/p>\n","protected":false},"featured_media":217010,"template":"","meta":{"_acf_changed":false,"_seopress_robots_primary_cat":"27159","_seopress_titles_title":"","_seopress_titles_desc":"Entdecken Sie die Tissot PRC 100 mit ihrem innovativen Lightmaster Solar Quartz Uhrwerk und einem anpassbaren Stil neu. Eleganz, die bleibt.","_seopress_robots_index":""},"brand":[27087],"product_brand":[],"product_cat":[27123,27159,27245,41991],"product_tag":[],"class_list":{"0":"post-217020","1":"product","2":"type-product","3":"status-publish","4":"has-post-thumbnail","6":"brand-tissot-de","7":"product_cat-uhren","8":"product_cat-tissot-de","9":"product_cat-tissot-classic","10":"product_cat-tissot-prc100-solar-de","11":"pa_couleurduboitier-schwarz-de","12":"pa_couleurdubracelet-schwarz-de","13":"pa_couleurducadran-schwarz","14":"pa_dimensions-o-39-mm","15":"pa_etancheite-100m-de","16":"pa_forme-runden","17":"pa_garantie-36-monate","18":"pa_genre-mann","19":"pa_matiere-schwarzespvd","20":"pa_matierebraceletmontre-edelstahl","21":"pa_mouvement-solar-de","22":"pa_swissmade-ja-de","23":"pa_typedemontre-solaruhren","24":"pa_verre-saphir-de","25":"sales-flash-overlay","26":"woocommerce-text-align-center","27":"woocommerce-image-align-center","28":"do-quantity-buttons","30":"first","31":"instock","32":"taxable","33":"shipping-taxable","34":"purchasable","35":"product-type-simple"},"acf":[],"_links":{"self":[{"href":"https:\/\/lediamant.ch\/de\/wp-json\/wp\/v2\/product\/217020","targetHints":{"allow":["GET"]}}],"collection":[{"href":"https:\/\/lediamant.ch\/de\/wp-json\/wp\/v2\/product"}],"about":[{"href":"https:\/\/lediamant.ch\/de\/wp-json\/wp\/v2\/types\/product"}],"wp:featuredmedia":[{"embeddable":true,"href":"https:\/\/lediamant.ch\/de\/wp-json\/wp\/v2\/media\/217010"}],"wp:attachment":[{"href":"https:\/\/lediamant.ch\/de\/wp-json\/wp\/v2\/media?parent=217020"}],"wp:term":[{"taxonomy":"brand","embeddable":true,"href":"https:\/\/lediamant.ch\/de\/wp-json\/wp\/v2\/brand?post=217020"},{"taxonomy":"product_brand","embeddable":true,"href":"https:\/\/lediamant.ch\/de\/wp-json\/wp\/v2\/product_brand?post=217020"},{"taxonomy":"product_cat","embeddable":true,"href":"https:\/\/lediamant.ch\/de\/wp-json\/wp\/v2\/product_cat?post=217020"},{"taxonomy":"product_tag","embeddable":true,"href":"https:\/\/lediamant.ch\/de\/wp-json\/wp\/v2\/product_tag?post=217020"}],"curies":[{"name":"wp","href":"https:\/\/api.w.org\/{rel}","templated":true}]}}