{"id":217122,"date":"2025-03-26T17:49:17","date_gmt":"2025-03-26T16:49:17","guid":{"rendered":"https:\/\/lediamant.ch\/?post_type=product&#038;p=217122"},"modified":"2025-03-26T17:50:00","modified_gmt":"2025-03-26T16:50:00","slug":"tissot-seastar-1000-quartz-36mm","status":"publish","type":"product","link":"https:\/\/lediamant.ch\/de\/uhren\/217122-tissot-seastar-1000-quartz-36mm-t1202102211100\/","title":{"rendered":"Tissot Seastar 1000 Quarz 36mm"},"content":{"rendered":"<p>Die Tissot Seastar 1000 36 mm ist von der Welt des Tauchens inspiriert und verk\u00f6rpert einen zeitlosen Stil. Sie bietet einen sportlichen Look und Funktionen, die f\u00fcr die Aus\u00fcbung von Wassersportaktivit\u00e4ten unerl\u00e4sslich sind. Sie ist absolut zuverl\u00e4ssig bis zu einem Druck von 30 bar (300 Meter) und beweist, dass eine Wassersportuhr und ein anspruchsvoller Zeitmesser in einem einzigen Objekt vereint werden k\u00f6nnen. Die Wasserdichtigkeit wird durch eine verschraubte Krone und einen verschraubten Geh\u00e4useboden gew\u00e4hrleistet. Die einseitig drehbare L\u00fcnette aus Mineralglas sowie die Leuchtzeiger und -indizes verleihen der Tissot Seastar 1000 36 mm eine unvergleichliche Raffinesse.<\/p>\n<p>&nbsp;<\/p>\n","protected":false},"excerpt":{"rendered":"<p>Die Tissot Seastar 1000 36 mm ist von der Welt des Tauchens inspiriert und verk\u00f6rpert einen zeitlosen Stil. Sie bietet einen sportlichen Look und Funktionen, die f\u00fcr die Aus\u00fcbung von Wassersportaktivit\u00e4ten unerl\u00e4sslich sind. Sie ist absolut zuverl\u00e4ssig bis zu einem Druck von 30 bar (300 Meter) und beweist, dass eine Wassersportuhr und ein anspruchsvoller Zeitmesser &#8230; <a title=\"Tissot Seastar 1000 Quarz 36mm\" class=\"read-more\" href=\"https:\/\/lediamant.ch\/de\/uhren\/217122-tissot-seastar-1000-quartz-36mm-t1202102211100\/\" aria-label=\"Mehr Informationen \u00fcber Tissot Seastar 1000 Quarz 36mm\">Weiterlesen &#8230;<\/a><\/p>\n","protected":false},"featured_media":217115,"template":"","meta":{"_acf_changed":false,"_seopress_robots_primary_cat":"27159","_seopress_titles_title":"","_seopress_titles_desc":"Entdecken Sie die Eleganz der Tissot Seastar 1000 36 mm, die sich perfekt f\u00fcr Wassersportler eignet und garantiert bis 300 m wasserdicht ist.","_seopress_robots_index":""},"brand":[27087],"product_brand":[],"product_cat":[27159,27441,27203,27123],"product_tag":[],"class_list":{"0":"post-217122","1":"product","2":"type-product","3":"status-publish","4":"has-post-thumbnail","6":"brand-tissot-de","7":"product_cat-tissot-de","8":"product_cat-tissot-seastar","9":"product_cat-tissot-sport","10":"product_cat-uhren","11":"pa_couleurduboitier-zweifarbig-de","12":"pa_couleurdubracelet-bicolor","13":"pa_couleurducadran-perlmutt","14":"pa_dimensions-o-36-mm","15":"pa_etancheite-300m-de","16":"pa_forme-runden","17":"pa_garantie-24monate","18":"pa_genre-frau","19":"pa_matiere-zweifarbigstahlrosegoldpvd","20":"pa_matierebraceletmontre-edelstahl","21":"pa_mouvement-quarzbatterie-de","22":"pa_swissmade-ja-de","23":"pa_typedemontre-taucheruhren","24":"pa_verre-saphir-de","25":"sales-flash-overlay","26":"woocommerce-text-align-center","27":"woocommerce-image-align-center","28":"do-quantity-buttons","30":"first","31":"instock","32":"taxable","33":"shipping-taxable","34":"purchasable","35":"product-type-simple"},"acf":[],"_links":{"self":[{"href":"https:\/\/lediamant.ch\/de\/wp-json\/wp\/v2\/product\/217122","targetHints":{"allow":["GET"]}}],"collection":[{"href":"https:\/\/lediamant.ch\/de\/wp-json\/wp\/v2\/product"}],"about":[{"href":"https:\/\/lediamant.ch\/de\/wp-json\/wp\/v2\/types\/product"}],"wp:featuredmedia":[{"embeddable":true,"href":"https:\/\/lediamant.ch\/de\/wp-json\/wp\/v2\/media\/217115"}],"wp:attachment":[{"href":"https:\/\/lediamant.ch\/de\/wp-json\/wp\/v2\/media?parent=217122"}],"wp:term":[{"taxonomy":"brand","embeddable":true,"href":"https:\/\/lediamant.ch\/de\/wp-json\/wp\/v2\/brand?post=217122"},{"taxonomy":"product_brand","embeddable":true,"href":"https:\/\/lediamant.ch\/de\/wp-json\/wp\/v2\/product_brand?post=217122"},{"taxonomy":"product_cat","embeddable":true,"href":"https:\/\/lediamant.ch\/de\/wp-json\/wp\/v2\/product_cat?post=217122"},{"taxonomy":"product_tag","embeddable":true,"href":"https:\/\/lediamant.ch\/de\/wp-json\/wp\/v2\/product_tag?post=217122"}],"curies":[{"name":"wp","href":"https:\/\/api.w.org\/{rel}","templated":true}]}}