{"id":217153,"date":"2025-03-26T17:47:39","date_gmt":"2025-03-26T16:47:39","guid":{"rendered":"https:\/\/lediamant.ch\/?post_type=product&#038;p=217153"},"modified":"2025-03-26T17:48:22","modified_gmt":"2025-03-26T16:48:22","slug":"tissot-seastar-1000-quartz-40mm","status":"publish","type":"product","link":"https:\/\/lediamant.ch\/de\/uhren\/217153-tissot-seastar-1000-quartz-40mm-t1204103305100\/","title":{"rendered":"Tissot Seastar 1000 Quarz 40mm"},"content":{"rendered":"<p>Die Tissot Seastar 1000 Quartz 40 mm bietet einen sportlichen Look und Funktionen, die unter Wasser unverzichtbar sind. Sie ist absolut zuverl\u00e4ssig bis zu einem Druck von 30 bar (300 m) und beweist, dass eine Unterwasser-Sportuhr und ein anspruchsvoller Zeitmesser in einem einzigen Objekt vereint werden k\u00f6nnen. Diese Uhr ist ideal f\u00fcr Tag und Nacht. Die Ablesbarkeit bei schlechten Lichtverh\u00e4ltnissen wird durch Super-LumiNova\u00ae auf den Zeigern und Stundenindizes gew\u00e4hrleistet.<\/p>\n","protected":false},"excerpt":{"rendered":"<p>Die Tissot Seastar 1000 Quartz 40 mm bietet einen sportlichen Look und Funktionen, die unter Wasser unverzichtbar sind. Sie ist absolut zuverl\u00e4ssig bis zu einem Druck von 30 bar (300 m) und beweist, dass eine Unterwasser-Sportuhr und ein anspruchsvoller Zeitmesser in einem einzigen Objekt vereint werden k\u00f6nnen. Diese Uhr ist ideal f\u00fcr Tag und Nacht. &#8230; <a title=\"Tissot Seastar 1000 Quarz 40mm\" class=\"read-more\" href=\"https:\/\/lediamant.ch\/de\/uhren\/217153-tissot-seastar-1000-quartz-40mm-t1204103305100\/\" aria-label=\"Mehr Informationen \u00fcber Tissot Seastar 1000 Quarz 40mm\">Weiterlesen &#8230;<\/a><\/p>\n","protected":false},"featured_media":217150,"template":"","meta":{"_acf_changed":false,"_seopress_robots_primary_cat":"27159","_seopress_titles_title":"","_seopress_titles_desc":"Entdecken Sie die Tissot Seastar 1000 Quartz, die bis zu einer Tiefe von 300 m absolut zuverl\u00e4ssig ist und Sportlichkeit und Eleganz vereint.","_seopress_robots_index":""},"brand":[27087],"product_brand":[],"product_cat":[27159,27441,27203,27123],"product_tag":[],"class_list":{"0":"post-217153","1":"product","2":"type-product","3":"status-publish","4":"has-post-thumbnail","6":"brand-tissot-de","7":"product_cat-tissot-de","8":"product_cat-tissot-seastar","9":"product_cat-tissot-sport","10":"product_cat-uhren","11":"pa_couleurduboitier-schwarz-de","12":"pa_couleurdubracelet-schwarz-de","13":"pa_couleurducadran-schwarz","14":"pa_dimensions-o-40-mm","15":"pa_etancheite-300m-de","16":"pa_forme-runden","17":"pa_garantie-24monate","18":"pa_genre-mann","19":"pa_matiere-schwarzespvd","20":"pa_matierebraceletmontre-edelstahl","21":"pa_mouvement-quarzbatterie-de","22":"pa_swissmade-ja-de","23":"pa_verre-saphir-de","24":"sales-flash-overlay","25":"woocommerce-text-align-center","26":"woocommerce-image-align-center","27":"do-quantity-buttons","29":"first","30":"instock","31":"taxable","32":"shipping-taxable","33":"purchasable","34":"product-type-simple"},"acf":[],"_links":{"self":[{"href":"https:\/\/lediamant.ch\/de\/wp-json\/wp\/v2\/product\/217153","targetHints":{"allow":["GET"]}}],"collection":[{"href":"https:\/\/lediamant.ch\/de\/wp-json\/wp\/v2\/product"}],"about":[{"href":"https:\/\/lediamant.ch\/de\/wp-json\/wp\/v2\/types\/product"}],"wp:featuredmedia":[{"embeddable":true,"href":"https:\/\/lediamant.ch\/de\/wp-json\/wp\/v2\/media\/217150"}],"wp:attachment":[{"href":"https:\/\/lediamant.ch\/de\/wp-json\/wp\/v2\/media?parent=217153"}],"wp:term":[{"taxonomy":"brand","embeddable":true,"href":"https:\/\/lediamant.ch\/de\/wp-json\/wp\/v2\/brand?post=217153"},{"taxonomy":"product_brand","embeddable":true,"href":"https:\/\/lediamant.ch\/de\/wp-json\/wp\/v2\/product_brand?post=217153"},{"taxonomy":"product_cat","embeddable":true,"href":"https:\/\/lediamant.ch\/de\/wp-json\/wp\/v2\/product_cat?post=217153"},{"taxonomy":"product_tag","embeddable":true,"href":"https:\/\/lediamant.ch\/de\/wp-json\/wp\/v2\/product_tag?post=217153"}],"curies":[{"name":"wp","href":"https:\/\/api.w.org\/{rel}","templated":true}]}}