{"id":217395,"date":"2025-04-17T14:25:35","date_gmt":"2025-04-17T12:25:35","guid":{"rendered":"https:\/\/lediamant.ch\/?post_type=product&#038;p=217395"},"modified":"2025-04-30T18:00:50","modified_gmt":"2025-04-30T16:00:50","slug":"aerowatch-renaissance-classic-skeleton-acier-2","status":"publish","type":"product","link":"https:\/\/lediamant.ch\/de\/uhren\/217395-aerowatch-renaissance-classic-skeleton-stahl-a-57981-aa01-m\/","title":{"rendered":"Aerowatch Renaissance Classic Skeleton Stahl"},"content":{"rendered":"<p>Entdecken Sie zeitlose Eleganz mit der Aerowatch Renaissance Classic Skeleton mit Stahlarmband. Diese Schweizer Uhr ist eine perfekte Kombination aus Tradition und Moderne. Das skelettierte Uhrwerk enth\u00fcllt den komplexen und pr\u00e4zisen Mechanismus und bietet einen faszinierenden Anblick f\u00fcr Uhrenliebhaber. Das Geh\u00e4use aus poliertem Edelstahl und das Armband aus poliertem und satiniertem Edelstahl verleihen der Uhr einen Hauch von Raffinesse und machen sie zu einer idealen Wahl f\u00fcr formelle und legere Anl\u00e4sse. Mit einer Wasserdichtigkeit von bis zu 50 Metern und einem kratzfesten Saphirglas ist diese Uhr f\u00fcr eine lange Lebensdauer konzipiert. Verleihen Sie Ihrem Handgelenk einen Hauch von Luxus mit der Aerowatch Renaissance Classic Skeleton.<\/p>\n","protected":false},"excerpt":{"rendered":"<p>Entdecken Sie zeitlose Eleganz mit der Aerowatch Renaissance Classic Skeleton mit Stahlarmband. Diese Schweizer Uhr ist eine perfekte Kombination aus Tradition und Moderne. Das skelettierte Uhrwerk enth\u00fcllt den komplexen und pr\u00e4zisen Mechanismus und bietet einen faszinierenden Anblick f\u00fcr Uhrenliebhaber. Das Geh\u00e4use aus poliertem Edelstahl und das Armband aus poliertem und satiniertem Edelstahl verleihen der Uhr &#8230; <a title=\"Aerowatch Renaissance Classic Skeleton Stahl\" class=\"read-more\" href=\"https:\/\/lediamant.ch\/de\/uhren\/217395-aerowatch-renaissance-classic-skeleton-stahl-a-57981-aa01-m\/\" aria-label=\"Mehr Informationen \u00fcber Aerowatch Renaissance Classic Skeleton Stahl\">Weiterlesen &#8230;<\/a><\/p>\n","protected":false},"featured_media":217397,"template":"","meta":{"_acf_changed":false,"_seopress_robots_primary_cat":"27167","_seopress_titles_title":"","_seopress_titles_desc":"Schweizer Eleganz und ein Mechanismus, der sich sehen lassen kann: Entdecken Sie die Aerowatch mit Stahlarmband, die perfekt f\u00fcr jeden Anlass ist. Robust und anspruchsvoll.","_seopress_robots_index":""},"brand":[27081],"product_brand":[],"product_cat":[27123,27167,27321],"product_tag":[],"class_list":{"0":"post-217395","1":"product","2":"type-product","3":"status-publish","4":"has-post-thumbnail","6":"brand-aerowatch-de","7":"product_cat-uhren","8":"product_cat-aerowatch-de","9":"product_cat-renaissance-de","10":"pa_couleurduboitier-grau-de","11":"pa_couleurdubracelet-grau-de","12":"pa_couleurducadran-silber","13":"pa_etancheite-50m-de","14":"pa_forme-runden","15":"pa_genre-mann","16":"pa_matiere-stahl","17":"pa_matierebraceletmontre-edelstahl","18":"pa_mouvement-mechanik","19":"pa_swissmade-ja-de","20":"pa_typedemontre-skelettuhren","21":"pa_typedemontre-uhrenmithandaufzug","22":"sales-flash-overlay","23":"woocommerce-text-align-center","24":"woocommerce-image-align-center","25":"do-quantity-buttons","27":"first","28":"instock","29":"taxable","30":"shipping-taxable","31":"purchasable","32":"product-type-simple"},"acf":[],"_links":{"self":[{"href":"https:\/\/lediamant.ch\/de\/wp-json\/wp\/v2\/product\/217395","targetHints":{"allow":["GET"]}}],"collection":[{"href":"https:\/\/lediamant.ch\/de\/wp-json\/wp\/v2\/product"}],"about":[{"href":"https:\/\/lediamant.ch\/de\/wp-json\/wp\/v2\/types\/product"}],"wp:featuredmedia":[{"embeddable":true,"href":"https:\/\/lediamant.ch\/de\/wp-json\/wp\/v2\/media\/217397"}],"wp:attachment":[{"href":"https:\/\/lediamant.ch\/de\/wp-json\/wp\/v2\/media?parent=217395"}],"wp:term":[{"taxonomy":"brand","embeddable":true,"href":"https:\/\/lediamant.ch\/de\/wp-json\/wp\/v2\/brand?post=217395"},{"taxonomy":"product_brand","embeddable":true,"href":"https:\/\/lediamant.ch\/de\/wp-json\/wp\/v2\/product_brand?post=217395"},{"taxonomy":"product_cat","embeddable":true,"href":"https:\/\/lediamant.ch\/de\/wp-json\/wp\/v2\/product_cat?post=217395"},{"taxonomy":"product_tag","embeddable":true,"href":"https:\/\/lediamant.ch\/de\/wp-json\/wp\/v2\/product_tag?post=217395"}],"curies":[{"name":"wp","href":"https:\/\/api.w.org\/{rel}","templated":true}]}}