{"id":217513,"date":"2025-05-02T17:11:52","date_gmt":"2025-05-02T15:11:52","guid":{"rendered":"https:\/\/lediamant.ch\/?post_type=product&#038;p=217513"},"modified":"2025-05-02T17:22:05","modified_gmt":"2025-05-02T15:22:05","slug":"aerowatch-renaissance-big-mechanical-pilot-43mm","status":"publish","type":"product","link":"https:\/\/lediamant.ch\/de\/uhren\/217513-aerowatch-renaissance-big-mechanical-pilot-43mm-a-55981-aa02\/","title":{"rendered":"Aerowatch Renaissance Big Mechanical Pilot 43mm"},"content":{"rendered":"<p>Mit dem Fokus auf die Luftfahrt unterstreicht die Aerowatch Renaissance Big Mechanical Pilot das traditionelle uhrmacherische K\u00f6nnen und die Anwendung einer der raffiniertesten Techniken. Das mechanische Uhrwerk mit Handaufzug verlangt von den Handwerkern ein H\u00f6chstma\u00df an Pr\u00e4zision und Geschicklichkeit. Das runde 43 mm Stahlgeh\u00e4use der Renaissance Big Mechanical Pilot mit seinen ausgewogenen Proportionen f\u00e4llt an jedem Handgelenk auf. Gro\u00dfe Leuchtziffern und -zeiger verleihen ihm seine unverwechselbare Identit\u00e4t. Die Anzeige der kleinen Sekunde ist perfekt in die Gesamt\u00e4sthetik der Uhr integriert. Mit einer solchen Uhr am Handgelenk haben Sie immer die Zeit zur Verf\u00fcgung. Die Uhr ist mit dem hochwertigen Swiss Made Handaufzugskaliber ETA Unitas 6498-1 ausgestattet, das eine Gangreserve von 52 Stunden bietet.<\/p>\n","protected":false},"excerpt":{"rendered":"<p>Mit dem Fokus auf die Luftfahrt unterstreicht die Aerowatch Renaissance Big Mechanical Pilot das traditionelle uhrmacherische K\u00f6nnen und die Anwendung einer der raffiniertesten Techniken. Das mechanische Uhrwerk mit Handaufzug verlangt von den Handwerkern ein H\u00f6chstma\u00df an Pr\u00e4zision und Geschicklichkeit. Das runde 43 mm Stahlgeh\u00e4use der Renaissance Big Mechanical Pilot mit seinen ausgewogenen Proportionen f\u00e4llt an &#8230; <a title=\"Aerowatch Renaissance Big Mechanical Pilot 43mm\" class=\"read-more\" href=\"https:\/\/lediamant.ch\/de\/uhren\/217513-aerowatch-renaissance-big-mechanical-pilot-43mm-a-55981-aa02\/\" aria-label=\"Mehr Informationen \u00fcber Aerowatch Renaissance Big Mechanical Pilot 43mm\">Weiterlesen &#8230;<\/a><\/p>\n","protected":false},"featured_media":217515,"template":"","meta":{"_acf_changed":false,"_seopress_robots_primary_cat":"27167","_seopress_titles_title":"%%post_title%%","_seopress_titles_desc":"Entdecken Sie die Exzellenz der Uhrmacherkunst mit der Aerowatch Renaissance Big Mechanical Pilot. Mechanische Pr\u00e4zision und elegantes Design f\u00fcr jeden Moment.","_seopress_robots_index":""},"brand":[27081],"product_brand":[],"product_cat":[27167,27321,27123],"product_tag":[],"class_list":{"0":"post-217513","1":"product","2":"type-product","3":"status-publish","4":"has-post-thumbnail","6":"brand-aerowatch-de","7":"product_cat-aerowatch-de","8":"product_cat-renaissance-de","9":"product_cat-uhren","10":"pa_couleurduboitier-grau-de","11":"pa_couleurdubracelet-braun-de","12":"pa_couleurducadran-schwarz","13":"pa_etancheite-50m-de","14":"pa_forme-runden","15":"pa_genre-mann","16":"pa_matiere-stahl","17":"pa_matierebraceletmontre-leder","18":"pa_mouvement-mechanik","19":"pa_swissmade-ja-de","20":"pa_typedemontre-fliegeruhren","21":"pa_verre-saphir-de","22":"sales-flash-overlay","23":"woocommerce-text-align-center","24":"woocommerce-image-align-center","25":"do-quantity-buttons","27":"first","28":"instock","29":"taxable","30":"shipping-taxable","31":"purchasable","32":"product-type-simple"},"acf":[],"_links":{"self":[{"href":"https:\/\/lediamant.ch\/de\/wp-json\/wp\/v2\/product\/217513","targetHints":{"allow":["GET"]}}],"collection":[{"href":"https:\/\/lediamant.ch\/de\/wp-json\/wp\/v2\/product"}],"about":[{"href":"https:\/\/lediamant.ch\/de\/wp-json\/wp\/v2\/types\/product"}],"wp:featuredmedia":[{"embeddable":true,"href":"https:\/\/lediamant.ch\/de\/wp-json\/wp\/v2\/media\/217515"}],"wp:attachment":[{"href":"https:\/\/lediamant.ch\/de\/wp-json\/wp\/v2\/media?parent=217513"}],"wp:term":[{"taxonomy":"brand","embeddable":true,"href":"https:\/\/lediamant.ch\/de\/wp-json\/wp\/v2\/brand?post=217513"},{"taxonomy":"product_brand","embeddable":true,"href":"https:\/\/lediamant.ch\/de\/wp-json\/wp\/v2\/product_brand?post=217513"},{"taxonomy":"product_cat","embeddable":true,"href":"https:\/\/lediamant.ch\/de\/wp-json\/wp\/v2\/product_cat?post=217513"},{"taxonomy":"product_tag","embeddable":true,"href":"https:\/\/lediamant.ch\/de\/wp-json\/wp\/v2\/product_tag?post=217513"}],"curies":[{"name":"wp","href":"https:\/\/api.w.org\/{rel}","templated":true}]}}